{"id":971,"date":"2024-04-24T13:19:33","date_gmt":"2024-04-24T13:19:33","guid":{"rendered":"http:\/\/gandginstruments.hu\/?post_type=product&#038;p=971"},"modified":"2024-09-10T16:40:15","modified_gmt":"2024-09-10T14:40:15","slug":"tristar-ii-plus-3030","status":"publish","type":"product","link":"https:\/\/gandginstruments.hu\/en\/product\/tristar-ii-plus-3030\/","title":{"rendered":"TriStar II Plus 3030"},"content":{"rendered":"<ul>\n<li>Competitive cost<\/li>\n<li>Rapid and accurate measurement<\/li>\n<li>Fully automated analysis<\/li>\n<li>Ideal for high throughput sample analysis<\/li>\n<li>Krypton option for low surface area measurements<\/li>\n<li>High analysis versatility<\/li>\n<\/ul>","protected":false},"excerpt":{"rendered":"<p>Rendk\u00edv\u00fcl gyors \u00e9s pontos fajlagos fel\u00fclet m\u00e9r\u00e9sek. Remek \u00e1r-\u00e9rt\u00e9k ar\u00e1ny. Teljesen automatiz\u00e1lt m\u00e9r\u00e9sek. Ide\u00e1lis nagy mintasz\u00e1m\u00fa m\u00e9r\u00e9sek eset\u00e9n. Kripton opci\u00f3 a kis fajlagos fel\u00fclet\u0171 mint\u00e1k m\u00e9r\u00e9s\u00e9hez. Nagyobb m\u00e9ret\u0171 dewar ed\u00e9ny a hosszabb m\u00e9r\u00e9sekhez.<\/p>","protected":false},"featured_media":1433,"template":"","meta":{"_acf_changed":false},"product_brand":[],"product_cat":[77,97,78,98,79,27,99,80,81,100,84,62,45,104,86,105,87,89,107,108,90,91,116,110,53,70,71,112,113,114,21,96,115],"product_tag":[],"class_list":{"0":"post-971","1":"product","2":"type-product","3":"status-publish","4":"has-post-thumbnail","6":"product_cat-additiv-gyartastechnologiak","7":"product_cat-adszorbensek","8":"product_cat-agraripar","9":"product_cat-akkumulator-alapanyagok-es-komponensek","10":"product_cat-akkumulator-es-energia-tarolas","11":"product_cat-anyagvizsgalat","12":"product_cat-asvanyok-es-kozetek","13":"product_cat-autoipar","14":"product_cat-banyaszat","15":"product_cat-cement","16":"product_cat-epitoipar","17":"product_cat-fajlagos-felulet-bet","18":"product_cat-fajlagos-feluletmerok","19":"product_cat-femek","20":"product_cat-femipar","21":"product_cat-femorganikus-vegyuletek","22":"product_cat-gyogyszer-es-kozmetikai-ipar","23":"product_cat-katalizatorfejlesztes","24":"product_cat-katalizatorok","25":"product_cat-keramia","26":"product_cat-keramiaipar","27":"product_cat-koolajipar","28":"product_cat-micromeritics","29":"product_cat-muanyagok-polimerek","30":"product_cat-porometerek-es-porozitasmerok","31":"product_cat-porozitas-es-porusterfogat","32":"product_cat-porusmeret-es-mereteloszlas","33":"product_cat-szen","34":"product_cat-szuro-kozeg","35":"product_cat-talaj","36":"product_cat-termekcsaladok","37":"product_cat-vegyipar","38":"product_cat-zeolit","40":"first","41":"instock","42":"shipping-taxable","43":"product-type-simple"},"acf":[],"yoast_head":"<!-- This site is optimized with the Yoast SEO plugin v27.4 - https:\/\/yoast.com\/product\/yoast-seo-wordpress\/ -->\n<title>TriStar II Plus 3030 - G&amp;G<\/title>\n<meta name=\"robots\" content=\"index, follow, max-snippet:-1, max-image-preview:large, max-video-preview:-1\" \/>\n<link rel=\"canonical\" href=\"https:\/\/gandginstruments.hu\/en\/product\/tristar-ii-plus-3030\/\" \/>\n<meta property=\"og:locale\" content=\"en_GB\" \/>\n<meta property=\"og:type\" content=\"article\" \/>\n<meta property=\"og:title\" content=\"TriStar II Plus 3030 - G&amp;G\" \/>\n<meta property=\"og:description\" content=\"Rendk\u00edv\u00fcl gyors \u00e9s pontos fajlagos fel\u00fclet m\u00e9r\u00e9sek. Remek \u00e1r-\u00e9rt\u00e9k ar\u00e1ny. Teljesen automatiz\u00e1lt m\u00e9r\u00e9sek. Ide\u00e1lis nagy mintasz\u00e1m\u00fa m\u00e9r\u00e9sek eset\u00e9n. Kripton opci\u00f3 a kis fajlagos fel\u00fclet\u0171 mint\u00e1k m\u00e9r\u00e9s\u00e9hez. Nagyobb m\u00e9ret\u0171 dewar ed\u00e9ny a hosszabb m\u00e9r\u00e9sekhez.\" \/>\n<meta property=\"og:url\" content=\"https:\/\/gandginstruments.hu\/en\/product\/tristar-ii-plus-3030\/\" \/>\n<meta property=\"og:site_name\" content=\"G&amp;G\" \/>\n<meta property=\"article:modified_time\" content=\"2024-09-10T14:40:15+00:00\" \/>\n<meta property=\"og:image\" content=\"https:\/\/gandginstruments.hu\/wp-content\/uploads\/2024\/04\/TriStar-II-Plus_0002_fokep.jpg\" \/>\n\t<meta property=\"og:image:width\" content=\"1200\" \/>\n\t<meta property=\"og:image:height\" content=\"1200\" \/>\n\t<meta property=\"og:image:type\" content=\"image\/jpeg\" \/>\n<meta name=\"twitter:card\" content=\"summary_large_image\" \/>\n<meta name=\"twitter:label1\" content=\"Estimated reading time\" \/>\n\t<meta name=\"twitter:data1\" content=\"1 minute\" \/>\n<script type=\"application\/ld+json\" class=\"yoast-schema-graph\">{\"@context\":\"https:\\\/\\\/schema.org\",\"@graph\":[{\"@type\":\"WebPage\",\"@id\":\"https:\\\/\\\/gandginstruments.hu\\\/termek\\\/tristar-ii-plus-3030\\\/\",\"url\":\"https:\\\/\\\/gandginstruments.hu\\\/termek\\\/tristar-ii-plus-3030\\\/\",\"name\":\"TriStar II Plus 3030 - G&amp;G\",\"isPartOf\":{\"@id\":\"https:\\\/\\\/gandginstruments.hu\\\/#website\"},\"primaryImageOfPage\":{\"@id\":\"https:\\\/\\\/gandginstruments.hu\\\/termek\\\/tristar-ii-plus-3030\\\/#primaryimage\"},\"image\":{\"@id\":\"https:\\\/\\\/gandginstruments.hu\\\/termek\\\/tristar-ii-plus-3030\\\/#primaryimage\"},\"thumbnailUrl\":\"https:\\\/\\\/gandginstruments.hu\\\/wp-content\\\/uploads\\\/2024\\\/04\\\/TriStar-II-Plus_0002_fokep.jpg\",\"datePublished\":\"2024-04-24T13:19:33+00:00\",\"dateModified\":\"2024-09-10T14:40:15+00:00\",\"breadcrumb\":{\"@id\":\"https:\\\/\\\/gandginstruments.hu\\\/termek\\\/tristar-ii-plus-3030\\\/#breadcrumb\"},\"inLanguage\":\"en-GB\",\"potentialAction\":[{\"@type\":\"ReadAction\",\"target\":[\"https:\\\/\\\/gandginstruments.hu\\\/termek\\\/tristar-ii-plus-3030\\\/\"]}]},{\"@type\":\"ImageObject\",\"inLanguage\":\"en-GB\",\"@id\":\"https:\\\/\\\/gandginstruments.hu\\\/termek\\\/tristar-ii-plus-3030\\\/#primaryimage\",\"url\":\"https:\\\/\\\/gandginstruments.hu\\\/wp-content\\\/uploads\\\/2024\\\/04\\\/TriStar-II-Plus_0002_fokep.jpg\",\"contentUrl\":\"https:\\\/\\\/gandginstruments.hu\\\/wp-content\\\/uploads\\\/2024\\\/04\\\/TriStar-II-Plus_0002_fokep.jpg\",\"width\":1200,\"height\":1200},{\"@type\":\"BreadcrumbList\",\"@id\":\"https:\\\/\\\/gandginstruments.hu\\\/termek\\\/tristar-ii-plus-3030\\\/#breadcrumb\",\"itemListElement\":[{\"@type\":\"ListItem\",\"position\":1,\"name\":\"F\u0151oldal\",\"item\":\"https:\\\/\\\/gandginstruments.hu\\\/\"},{\"@type\":\"ListItem\",\"position\":2,\"name\":\"Shop\",\"item\":\"https:\\\/\\\/gandginstruments.hu\\\/uzlet\\\/\"},{\"@type\":\"ListItem\",\"position\":3,\"name\":\"Term\u00e9kcsal\u00e1dok\",\"item\":\"https:\\\/\\\/gandginstruments.hu\\\/termekkategoria\\\/termekcsaladok\\\/\"},{\"@type\":\"ListItem\",\"position\":4,\"name\":\"TriStar II Plus 3030\"}]},{\"@type\":\"WebSite\",\"@id\":\"https:\\\/\\\/gandginstruments.hu\\\/#website\",\"url\":\"https:\\\/\\\/gandginstruments.hu\\\/\",\"name\":\"G&amp;G\",\"description\":\"\",\"publisher\":{\"@id\":\"https:\\\/\\\/gandginstruments.hu\\\/#organization\"},\"potentialAction\":[{\"@type\":\"SearchAction\",\"target\":{\"@type\":\"EntryPoint\",\"urlTemplate\":\"https:\\\/\\\/gandginstruments.hu\\\/?s={search_term_string}\"},\"query-input\":{\"@type\":\"PropertyValueSpecification\",\"valueRequired\":true,\"valueName\":\"search_term_string\"}}],\"inLanguage\":\"en-GB\"},{\"@type\":\"Organization\",\"@id\":\"https:\\\/\\\/gandginstruments.hu\\\/#organization\",\"name\":\"G&amp;G\",\"url\":\"https:\\\/\\\/gandginstruments.hu\\\/\",\"logo\":{\"@type\":\"ImageObject\",\"inLanguage\":\"en-GB\",\"@id\":\"https:\\\/\\\/gandginstruments.hu\\\/#\\\/schema\\\/logo\\\/image\\\/\",\"url\":\"https:\\\/\\\/gandginstruments.hu\\\/wp-content\\\/uploads\\\/2024\\\/04\\\/GG-logo-1.png\",\"contentUrl\":\"https:\\\/\\\/gandginstruments.hu\\\/wp-content\\\/uploads\\\/2024\\\/04\\\/GG-logo-1.png\",\"width\":606,\"height\":120,\"caption\":\"G&amp;G\"},\"image\":{\"@id\":\"https:\\\/\\\/gandginstruments.hu\\\/#\\\/schema\\\/logo\\\/image\\\/\"}}]}<\/script>\n<!-- \/ Yoast SEO plugin. -->","yoast_head_json":{"title":"TriStar II Plus 3030 - G&amp;G","robots":{"index":"index","follow":"follow","max-snippet":"max-snippet:-1","max-image-preview":"max-image-preview:large","max-video-preview":"max-video-preview:-1"},"canonical":"https:\/\/gandginstruments.hu\/en\/product\/tristar-ii-plus-3030\/","og_locale":"en_GB","og_type":"article","og_title":"TriStar II Plus 3030 - G&amp;G","og_description":"Rendk\u00edv\u00fcl gyors \u00e9s pontos fajlagos fel\u00fclet m\u00e9r\u00e9sek. Remek \u00e1r-\u00e9rt\u00e9k ar\u00e1ny. Teljesen automatiz\u00e1lt m\u00e9r\u00e9sek. Ide\u00e1lis nagy mintasz\u00e1m\u00fa m\u00e9r\u00e9sek eset\u00e9n. Kripton opci\u00f3 a kis fajlagos fel\u00fclet\u0171 mint\u00e1k m\u00e9r\u00e9s\u00e9hez. Nagyobb m\u00e9ret\u0171 dewar ed\u00e9ny a hosszabb m\u00e9r\u00e9sekhez.","og_url":"https:\/\/gandginstruments.hu\/en\/product\/tristar-ii-plus-3030\/","og_site_name":"G&amp;G","article_modified_time":"2024-09-10T14:40:15+00:00","og_image":[{"width":1200,"height":1200,"url":"https:\/\/gandginstruments.hu\/wp-content\/uploads\/2024\/04\/TriStar-II-Plus_0002_fokep.jpg","type":"image\/jpeg"}],"twitter_card":"summary_large_image","twitter_misc":{"Estimated reading time":"1 minute"},"schema":{"@context":"https:\/\/schema.org","@graph":[{"@type":"WebPage","@id":"https:\/\/gandginstruments.hu\/termek\/tristar-ii-plus-3030\/","url":"https:\/\/gandginstruments.hu\/termek\/tristar-ii-plus-3030\/","name":"TriStar II Plus 3030 - G&amp;G","isPartOf":{"@id":"https:\/\/gandginstruments.hu\/#website"},"primaryImageOfPage":{"@id":"https:\/\/gandginstruments.hu\/termek\/tristar-ii-plus-3030\/#primaryimage"},"image":{"@id":"https:\/\/gandginstruments.hu\/termek\/tristar-ii-plus-3030\/#primaryimage"},"thumbnailUrl":"https:\/\/gandginstruments.hu\/wp-content\/uploads\/2024\/04\/TriStar-II-Plus_0002_fokep.jpg","datePublished":"2024-04-24T13:19:33+00:00","dateModified":"2024-09-10T14:40:15+00:00","breadcrumb":{"@id":"https:\/\/gandginstruments.hu\/termek\/tristar-ii-plus-3030\/#breadcrumb"},"inLanguage":"en-GB","potentialAction":[{"@type":"ReadAction","target":["https:\/\/gandginstruments.hu\/termek\/tristar-ii-plus-3030\/"]}]},{"@type":"ImageObject","inLanguage":"en-GB","@id":"https:\/\/gandginstruments.hu\/termek\/tristar-ii-plus-3030\/#primaryimage","url":"https:\/\/gandginstruments.hu\/wp-content\/uploads\/2024\/04\/TriStar-II-Plus_0002_fokep.jpg","contentUrl":"https:\/\/gandginstruments.hu\/wp-content\/uploads\/2024\/04\/TriStar-II-Plus_0002_fokep.jpg","width":1200,"height":1200},{"@type":"BreadcrumbList","@id":"https:\/\/gandginstruments.hu\/termek\/tristar-ii-plus-3030\/#breadcrumb","itemListElement":[{"@type":"ListItem","position":1,"name":"F\u0151oldal","item":"https:\/\/gandginstruments.hu\/"},{"@type":"ListItem","position":2,"name":"Shop","item":"https:\/\/gandginstruments.hu\/uzlet\/"},{"@type":"ListItem","position":3,"name":"Term\u00e9kcsal\u00e1dok","item":"https:\/\/gandginstruments.hu\/termekkategoria\/termekcsaladok\/"},{"@type":"ListItem","position":4,"name":"TriStar II Plus 3030"}]},{"@type":"WebSite","@id":"https:\/\/gandginstruments.hu\/#website","url":"https:\/\/gandginstruments.hu\/","name":"G&amp;G","description":"","publisher":{"@id":"https:\/\/gandginstruments.hu\/#organization"},"potentialAction":[{"@type":"SearchAction","target":{"@type":"EntryPoint","urlTemplate":"https:\/\/gandginstruments.hu\/?s={search_term_string}"},"query-input":{"@type":"PropertyValueSpecification","valueRequired":true,"valueName":"search_term_string"}}],"inLanguage":"en-GB"},{"@type":"Organization","@id":"https:\/\/gandginstruments.hu\/#organization","name":"G&amp;G","url":"https:\/\/gandginstruments.hu\/","logo":{"@type":"ImageObject","inLanguage":"en-GB","@id":"https:\/\/gandginstruments.hu\/#\/schema\/logo\/image\/","url":"https:\/\/gandginstruments.hu\/wp-content\/uploads\/2024\/04\/GG-logo-1.png","contentUrl":"https:\/\/gandginstruments.hu\/wp-content\/uploads\/2024\/04\/GG-logo-1.png","width":606,"height":120,"caption":"G&amp;G"},"image":{"@id":"https:\/\/gandginstruments.hu\/#\/schema\/logo\/image\/"}}]}},"_links":{"self":[{"href":"https:\/\/gandginstruments.hu\/en\/wp-json\/wp\/v2\/product\/971","targetHints":{"allow":["GET"]}}],"collection":[{"href":"https:\/\/gandginstruments.hu\/en\/wp-json\/wp\/v2\/product"}],"about":[{"href":"https:\/\/gandginstruments.hu\/en\/wp-json\/wp\/v2\/types\/product"}],"wp:featuredmedia":[{"embeddable":true,"href":"https:\/\/gandginstruments.hu\/en\/wp-json\/wp\/v2\/media\/1433"}],"wp:attachment":[{"href":"https:\/\/gandginstruments.hu\/en\/wp-json\/wp\/v2\/media?parent=971"}],"wp:term":[{"taxonomy":"product_brand","embeddable":true,"href":"https:\/\/gandginstruments.hu\/en\/wp-json\/wp\/v2\/product_brand?post=971"},{"taxonomy":"product_cat","embeddable":true,"href":"https:\/\/gandginstruments.hu\/en\/wp-json\/wp\/v2\/product_cat?post=971"},{"taxonomy":"product_tag","embeddable":true,"href":"https:\/\/gandginstruments.hu\/en\/wp-json\/wp\/v2\/product_tag?post=971"}],"curies":[{"name":"wp","href":"https:\/\/api.w.org\/{rel}","templated":true}]}}