{"id":970,"date":"2024-04-24T13:16:41","date_gmt":"2024-04-24T13:16:41","guid":{"rendered":"http:\/\/gandginstruments.hu\/?post_type=product&#038;p=970"},"modified":"2024-09-04T14:59:37","modified_gmt":"2024-09-04T12:59:37","slug":"sedigraph-iii-5125","status":"publish","type":"product","link":"https:\/\/gandginstruments.hu\/en\/product\/sedigraph-iii-5125\/","title":{"rendered":"SediGraph III 5125"},"content":{"rendered":"<ul>\n<li style=\"font-weight: 400;\" aria-level=\"1\"><span style=\"font-weight: 400;\">The world-wide standard in particle size analysis by sedimentation for over 50 years.<\/span><\/li>\n<li style=\"font-weight: 400;\" aria-level=\"1\"><span style=\"font-weight: 400;\">Particle size determined using Stokes\u2019 Law.<\/span><\/li>\n<li style=\"font-weight: 400;\" aria-level=\"1\"><span style=\"font-weight: 400;\">Monitor particle settling in real-time and view particle size results reported during size analysis.<\/span><\/li>\n<li style=\"font-weight: 400;\" aria-level=\"1\"><span style=\"font-weight: 400;\">Fully automated and controlled by modern software interface.<\/span><\/li>\n<li style=\"font-weight: 400;\" aria-level=\"1\"><span style=\"font-weight: 400;\">High throughput with optional MasterTech autosampler.<\/span><\/li>\n<\/ul>","protected":false},"excerpt":{"rendered":"<p>Szediment\u00e1ci\u00f3s elven m\u0171k\u00f6d\u0151 szemcsem\u00e9retm\u00e9r\u0151 m\u0171szer A szemcsem\u00e9ret a Stokes-t\u00f6rv\u00e9ny alapj\u00e1n ker\u00fcl meghat\u00e1roz\u00e1sra A szemcs\u00e9k \u00fcleped\u00e9se val\u00f3s id\u0151ben nyomon k\u00f6vethet\u0151 Teljesen automatiz\u00e1lt m\u00e9r\u00e9s \u00e9s modern szoftveres vez\u00e9rl\u0151 fel\u00fclet Opcion\u00e1lis MasterTech automatikus mintavev\u0151 nagysz\u00e1m\u00fa minta m\u00e9r\u00e9se eset\u00e9n<\/p>","protected":false},"featured_media":1432,"template":"","meta":{"_acf_changed":false},"product_brand":[],"product_cat":[27,81,84,104,86,87,89,108,90,116,76,58,114,96],"product_tag":[],"class_list":{"0":"post-970","1":"product","2":"type-product","3":"status-publish","4":"has-post-thumbnail","6":"product_cat-anyagvizsgalat","7":"product_cat-banyaszat","8":"product_cat-epitoipar","9":"product_cat-femek","10":"product_cat-femipar","11":"product_cat-gyogyszer-es-kozmetikai-ipar","12":"product_cat-katalizatorfejlesztes","13":"product_cat-keramia","14":"product_cat-keramiaipar","15":"product_cat-micromeritics","16":"product_cat-szemcsemeret-es-mereteloszlas","17":"product_cat-szemcsemeretmero","18":"product_cat-talaj","19":"product_cat-vegyipar","21":"first","22":"instock","23":"shipping-taxable","24":"product-type-simple"},"acf":[],"yoast_head":"<!-- This site is optimized with the Yoast SEO plugin v27.5 - https:\/\/yoast.com\/product\/yoast-seo-wordpress\/ -->\n<title>SediGraph III 5125 - G&amp;G<\/title>\n<meta name=\"robots\" content=\"index, follow, max-snippet:-1, max-image-preview:large, max-video-preview:-1\" \/>\n<link rel=\"canonical\" href=\"https:\/\/gandginstruments.hu\/en\/product\/sedigraph-iii-5125\/\" \/>\n<meta property=\"og:locale\" content=\"en_GB\" \/>\n<meta property=\"og:type\" content=\"article\" \/>\n<meta property=\"og:title\" content=\"SediGraph III 5125 - G&amp;G\" \/>\n<meta property=\"og:description\" content=\"Szediment\u00e1ci\u00f3s elven m\u0171k\u00f6d\u0151 szemcsem\u00e9retm\u00e9r\u0151 m\u0171szer A szemcsem\u00e9ret a Stokes-t\u00f6rv\u00e9ny alapj\u00e1n ker\u00fcl meghat\u00e1roz\u00e1sra A szemcs\u00e9k \u00fcleped\u00e9se val\u00f3s id\u0151ben nyomon k\u00f6vethet\u0151 Teljesen automatiz\u00e1lt m\u00e9r\u00e9s \u00e9s modern szoftveres vez\u00e9rl\u0151 fel\u00fclet Opcion\u00e1lis MasterTech automatikus mintavev\u0151 nagysz\u00e1m\u00fa minta m\u00e9r\u00e9se eset\u00e9n\" \/>\n<meta property=\"og:url\" content=\"https:\/\/gandginstruments.hu\/en\/product\/sedigraph-iii-5125\/\" \/>\n<meta property=\"og:site_name\" content=\"G&amp;G\" \/>\n<meta property=\"article:modified_time\" content=\"2024-09-04T12:59:37+00:00\" \/>\n<meta property=\"og:image\" content=\"https:\/\/gandginstruments.hu\/wp-content\/uploads\/2024\/04\/SediGraph-III-5125.jpg\" \/>\n\t<meta property=\"og:image:width\" content=\"1200\" \/>\n\t<meta property=\"og:image:height\" content=\"1200\" \/>\n\t<meta property=\"og:image:type\" content=\"image\/jpeg\" \/>\n<meta name=\"twitter:card\" content=\"summary_large_image\" \/>\n<meta name=\"twitter:label1\" content=\"Estimated reading time\" \/>\n\t<meta name=\"twitter:data1\" content=\"1 minute\" \/>\n<script type=\"application\/ld+json\" class=\"yoast-schema-graph\">{\"@context\":\"https:\\\/\\\/schema.org\",\"@graph\":[{\"@type\":\"WebPage\",\"@id\":\"https:\\\/\\\/gandginstruments.hu\\\/termek\\\/sedigraph-iii-5125\\\/\",\"url\":\"https:\\\/\\\/gandginstruments.hu\\\/termek\\\/sedigraph-iii-5125\\\/\",\"name\":\"SediGraph III 5125 - G&amp;G\",\"isPartOf\":{\"@id\":\"https:\\\/\\\/gandginstruments.hu\\\/#website\"},\"primaryImageOfPage\":{\"@id\":\"https:\\\/\\\/gandginstruments.hu\\\/termek\\\/sedigraph-iii-5125\\\/#primaryimage\"},\"image\":{\"@id\":\"https:\\\/\\\/gandginstruments.hu\\\/termek\\\/sedigraph-iii-5125\\\/#primaryimage\"},\"thumbnailUrl\":\"https:\\\/\\\/gandginstruments.hu\\\/wp-content\\\/uploads\\\/2024\\\/04\\\/SediGraph-III-5125.jpg\",\"datePublished\":\"2024-04-24T13:16:41+00:00\",\"dateModified\":\"2024-09-04T12:59:37+00:00\",\"breadcrumb\":{\"@id\":\"https:\\\/\\\/gandginstruments.hu\\\/termek\\\/sedigraph-iii-5125\\\/#breadcrumb\"},\"inLanguage\":\"en-GB\",\"potentialAction\":[{\"@type\":\"ReadAction\",\"target\":[\"https:\\\/\\\/gandginstruments.hu\\\/termek\\\/sedigraph-iii-5125\\\/\"]}]},{\"@type\":\"ImageObject\",\"inLanguage\":\"en-GB\",\"@id\":\"https:\\\/\\\/gandginstruments.hu\\\/termek\\\/sedigraph-iii-5125\\\/#primaryimage\",\"url\":\"https:\\\/\\\/gandginstruments.hu\\\/wp-content\\\/uploads\\\/2024\\\/04\\\/SediGraph-III-5125.jpg\",\"contentUrl\":\"https:\\\/\\\/gandginstruments.hu\\\/wp-content\\\/uploads\\\/2024\\\/04\\\/SediGraph-III-5125.jpg\",\"width\":1200,\"height\":1200},{\"@type\":\"BreadcrumbList\",\"@id\":\"https:\\\/\\\/gandginstruments.hu\\\/termek\\\/sedigraph-iii-5125\\\/#breadcrumb\",\"itemListElement\":[{\"@type\":\"ListItem\",\"position\":1,\"name\":\"F\u0151oldal\",\"item\":\"https:\\\/\\\/gandginstruments.hu\\\/\"},{\"@type\":\"ListItem\",\"position\":2,\"name\":\"Shop\",\"item\":\"https:\\\/\\\/gandginstruments.hu\\\/uzlet\\\/\"},{\"@type\":\"ListItem\",\"position\":3,\"name\":\"Term\u00e9kcsal\u00e1dok\",\"item\":\"https:\\\/\\\/gandginstruments.hu\\\/termekkategoria\\\/termekcsaladok\\\/\"},{\"@type\":\"ListItem\",\"position\":4,\"name\":\"Anyagvizsg\u00e1lat\",\"item\":\"https:\\\/\\\/gandginstruments.hu\\\/termekkategoria\\\/termekcsaladok\\\/anyagvizsgalat\\\/\"},{\"@type\":\"ListItem\",\"position\":5,\"name\":\"SediGraph III 5125\"}]},{\"@type\":\"WebSite\",\"@id\":\"https:\\\/\\\/gandginstruments.hu\\\/#website\",\"url\":\"https:\\\/\\\/gandginstruments.hu\\\/\",\"name\":\"G&amp;G\",\"description\":\"\",\"publisher\":{\"@id\":\"https:\\\/\\\/gandginstruments.hu\\\/#organization\"},\"potentialAction\":[{\"@type\":\"SearchAction\",\"target\":{\"@type\":\"EntryPoint\",\"urlTemplate\":\"https:\\\/\\\/gandginstruments.hu\\\/?s={search_term_string}\"},\"query-input\":{\"@type\":\"PropertyValueSpecification\",\"valueRequired\":true,\"valueName\":\"search_term_string\"}}],\"inLanguage\":\"en-GB\"},{\"@type\":\"Organization\",\"@id\":\"https:\\\/\\\/gandginstruments.hu\\\/#organization\",\"name\":\"G&amp;G\",\"url\":\"https:\\\/\\\/gandginstruments.hu\\\/\",\"logo\":{\"@type\":\"ImageObject\",\"inLanguage\":\"en-GB\",\"@id\":\"https:\\\/\\\/gandginstruments.hu\\\/#\\\/schema\\\/logo\\\/image\\\/\",\"url\":\"https:\\\/\\\/gandginstruments.hu\\\/wp-content\\\/uploads\\\/2024\\\/04\\\/GG-logo-1.png\",\"contentUrl\":\"https:\\\/\\\/gandginstruments.hu\\\/wp-content\\\/uploads\\\/2024\\\/04\\\/GG-logo-1.png\",\"width\":606,\"height\":120,\"caption\":\"G&amp;G\"},\"image\":{\"@id\":\"https:\\\/\\\/gandginstruments.hu\\\/#\\\/schema\\\/logo\\\/image\\\/\"}}]}<\/script>\n<!-- \/ Yoast SEO plugin. -->","yoast_head_json":{"title":"SediGraph III 5125 - G&amp;G","robots":{"index":"index","follow":"follow","max-snippet":"max-snippet:-1","max-image-preview":"max-image-preview:large","max-video-preview":"max-video-preview:-1"},"canonical":"https:\/\/gandginstruments.hu\/en\/product\/sedigraph-iii-5125\/","og_locale":"en_GB","og_type":"article","og_title":"SediGraph III 5125 - G&amp;G","og_description":"Szediment\u00e1ci\u00f3s elven m\u0171k\u00f6d\u0151 szemcsem\u00e9retm\u00e9r\u0151 m\u0171szer A szemcsem\u00e9ret a Stokes-t\u00f6rv\u00e9ny alapj\u00e1n ker\u00fcl meghat\u00e1roz\u00e1sra A szemcs\u00e9k \u00fcleped\u00e9se val\u00f3s id\u0151ben nyomon k\u00f6vethet\u0151 Teljesen automatiz\u00e1lt m\u00e9r\u00e9s \u00e9s modern szoftveres vez\u00e9rl\u0151 fel\u00fclet Opcion\u00e1lis MasterTech automatikus mintavev\u0151 nagysz\u00e1m\u00fa minta m\u00e9r\u00e9se eset\u00e9n","og_url":"https:\/\/gandginstruments.hu\/en\/product\/sedigraph-iii-5125\/","og_site_name":"G&amp;G","article_modified_time":"2024-09-04T12:59:37+00:00","og_image":[{"width":1200,"height":1200,"url":"https:\/\/gandginstruments.hu\/wp-content\/uploads\/2024\/04\/SediGraph-III-5125.jpg","type":"image\/jpeg"}],"twitter_card":"summary_large_image","twitter_misc":{"Estimated reading time":"1 minute"},"schema":{"@context":"https:\/\/schema.org","@graph":[{"@type":"WebPage","@id":"https:\/\/gandginstruments.hu\/termek\/sedigraph-iii-5125\/","url":"https:\/\/gandginstruments.hu\/termek\/sedigraph-iii-5125\/","name":"SediGraph III 5125 - G&amp;G","isPartOf":{"@id":"https:\/\/gandginstruments.hu\/#website"},"primaryImageOfPage":{"@id":"https:\/\/gandginstruments.hu\/termek\/sedigraph-iii-5125\/#primaryimage"},"image":{"@id":"https:\/\/gandginstruments.hu\/termek\/sedigraph-iii-5125\/#primaryimage"},"thumbnailUrl":"https:\/\/gandginstruments.hu\/wp-content\/uploads\/2024\/04\/SediGraph-III-5125.jpg","datePublished":"2024-04-24T13:16:41+00:00","dateModified":"2024-09-04T12:59:37+00:00","breadcrumb":{"@id":"https:\/\/gandginstruments.hu\/termek\/sedigraph-iii-5125\/#breadcrumb"},"inLanguage":"en-GB","potentialAction":[{"@type":"ReadAction","target":["https:\/\/gandginstruments.hu\/termek\/sedigraph-iii-5125\/"]}]},{"@type":"ImageObject","inLanguage":"en-GB","@id":"https:\/\/gandginstruments.hu\/termek\/sedigraph-iii-5125\/#primaryimage","url":"https:\/\/gandginstruments.hu\/wp-content\/uploads\/2024\/04\/SediGraph-III-5125.jpg","contentUrl":"https:\/\/gandginstruments.hu\/wp-content\/uploads\/2024\/04\/SediGraph-III-5125.jpg","width":1200,"height":1200},{"@type":"BreadcrumbList","@id":"https:\/\/gandginstruments.hu\/termek\/sedigraph-iii-5125\/#breadcrumb","itemListElement":[{"@type":"ListItem","position":1,"name":"F\u0151oldal","item":"https:\/\/gandginstruments.hu\/"},{"@type":"ListItem","position":2,"name":"Shop","item":"https:\/\/gandginstruments.hu\/uzlet\/"},{"@type":"ListItem","position":3,"name":"Term\u00e9kcsal\u00e1dok","item":"https:\/\/gandginstruments.hu\/termekkategoria\/termekcsaladok\/"},{"@type":"ListItem","position":4,"name":"Anyagvizsg\u00e1lat","item":"https:\/\/gandginstruments.hu\/termekkategoria\/termekcsaladok\/anyagvizsgalat\/"},{"@type":"ListItem","position":5,"name":"SediGraph III 5125"}]},{"@type":"WebSite","@id":"https:\/\/gandginstruments.hu\/#website","url":"https:\/\/gandginstruments.hu\/","name":"G&amp;G","description":"","publisher":{"@id":"https:\/\/gandginstruments.hu\/#organization"},"potentialAction":[{"@type":"SearchAction","target":{"@type":"EntryPoint","urlTemplate":"https:\/\/gandginstruments.hu\/?s={search_term_string}"},"query-input":{"@type":"PropertyValueSpecification","valueRequired":true,"valueName":"search_term_string"}}],"inLanguage":"en-GB"},{"@type":"Organization","@id":"https:\/\/gandginstruments.hu\/#organization","name":"G&amp;G","url":"https:\/\/gandginstruments.hu\/","logo":{"@type":"ImageObject","inLanguage":"en-GB","@id":"https:\/\/gandginstruments.hu\/#\/schema\/logo\/image\/","url":"https:\/\/gandginstruments.hu\/wp-content\/uploads\/2024\/04\/GG-logo-1.png","contentUrl":"https:\/\/gandginstruments.hu\/wp-content\/uploads\/2024\/04\/GG-logo-1.png","width":606,"height":120,"caption":"G&amp;G"},"image":{"@id":"https:\/\/gandginstruments.hu\/#\/schema\/logo\/image\/"}}]}},"_links":{"self":[{"href":"https:\/\/gandginstruments.hu\/en\/wp-json\/wp\/v2\/product\/970","targetHints":{"allow":["GET"]}}],"collection":[{"href":"https:\/\/gandginstruments.hu\/en\/wp-json\/wp\/v2\/product"}],"about":[{"href":"https:\/\/gandginstruments.hu\/en\/wp-json\/wp\/v2\/types\/product"}],"wp:featuredmedia":[{"embeddable":true,"href":"https:\/\/gandginstruments.hu\/en\/wp-json\/wp\/v2\/media\/1432"}],"wp:attachment":[{"href":"https:\/\/gandginstruments.hu\/en\/wp-json\/wp\/v2\/media?parent=970"}],"wp:term":[{"taxonomy":"product_brand","embeddable":true,"href":"https:\/\/gandginstruments.hu\/en\/wp-json\/wp\/v2\/product_brand?post=970"},{"taxonomy":"product_cat","embeddable":true,"href":"https:\/\/gandginstruments.hu\/en\/wp-json\/wp\/v2\/product_cat?post=970"},{"taxonomy":"product_tag","embeddable":true,"href":"https:\/\/gandginstruments.hu\/en\/wp-json\/wp\/v2\/product_tag?post=970"}],"curies":[{"name":"wp","href":"https:\/\/api.w.org\/{rel}","templated":true}]}}