{"id":964,"date":"2024-04-24T13:05:29","date_gmt":"2024-04-24T13:05:29","guid":{"rendered":"http:\/\/gandginstruments.hu\/?post_type=product&#038;p=964"},"modified":"2024-09-04T14:58:36","modified_gmt":"2024-09-04T12:58:36","slug":"iccs","status":"publish","type":"product","link":"https:\/\/gandginstruments.hu\/en\/product\/iccs\/","title":{"rendered":"ICCS"},"content":{"rendered":"<ul>\n<li style=\"font-weight: 400;\" aria-level=\"1\"><span style=\"font-weight: 400;\">A high precision, highly sensitive thermal conductivity detector (TCD) to monitor changes in the concentration of gases flowing into and out of the reactor.<\/span><\/li>\n<li style=\"font-weight: 400;\" aria-level=\"1\"><span style=\"font-weight: 400;\">An internal cold trap with Peltier system for accurate temperature control across the range -20 to 65oC for the removal of condensable fluids (e.g. water produced during reduction of oxides)<\/span><\/li>\n<\/ul>","protected":false},"excerpt":{"rendered":"<p>Nagy pontoss\u00e1g\u00fa, nagy \u00e9rz\u00e9kenys\u00e9g\u0171 h\u0151vezet\u0151 detektor (TCD) a reaktorba be\u00e1raml\u00f3 \u00e9s onnan ki\u00e1raml\u00f3 g\u00e1zok koncentr\u00e1ci\u00f3 v\u00e1ltoz\u00e1sainak figyel\u00e9s\u00e9re. Bels\u0151 hidegcsapda Peltier rendszerrel a pontos h\u0151m\u00e9rs\u00e9klet szab\u00e1lyoz\u00e1shoz -20 \u00e9s 65\u00b0C k\u00f6z\u00f6tt a kondenz\u00e1l\u00f3d\u00f3 g\u0151z\u00f6k (pl. az oxidok redukci\u00f3ja sor\u00e1n keletkez\u0151 v\u00edz) elt\u00e1vol\u00edt\u00e1s\u00e1hoz<\/p>","protected":false},"featured_media":1422,"template":"","meta":{"_acf_changed":false},"product_brand":[],"product_cat":[79,27,80,89,46,107,91,116,96],"product_tag":[],"class_list":{"0":"post-964","1":"product","2":"type-product","3":"status-publish","4":"has-post-thumbnail","6":"product_cat-akkumulator-es-energia-tarolas","7":"product_cat-anyagvizsgalat","8":"product_cat-autoipar","9":"product_cat-katalizatorfejlesztes","10":"product_cat-katalizatorjellemzo-keszulekek","11":"product_cat-katalizatorok","12":"product_cat-koolajipar","13":"product_cat-micromeritics","14":"product_cat-vegyipar","16":"first","17":"instock","18":"shipping-taxable","19":"product-type-simple"},"acf":[],"yoast_head":"<!-- This site is optimized with the Yoast SEO plugin v27.4 - https:\/\/yoast.com\/product\/yoast-seo-wordpress\/ -->\n<title>ICCS - G&amp;G<\/title>\n<meta name=\"robots\" content=\"index, follow, max-snippet:-1, max-image-preview:large, max-video-preview:-1\" \/>\n<link rel=\"canonical\" href=\"https:\/\/gandginstruments.hu\/en\/product\/iccs\/\" \/>\n<meta property=\"og:locale\" content=\"en_GB\" \/>\n<meta property=\"og:type\" content=\"article\" \/>\n<meta property=\"og:title\" content=\"ICCS - G&amp;G\" \/>\n<meta property=\"og:description\" content=\"Nagy pontoss\u00e1g\u00fa, nagy \u00e9rz\u00e9kenys\u00e9g\u0171 h\u0151vezet\u0151 detektor (TCD) a reaktorba be\u00e1raml\u00f3 \u00e9s onnan ki\u00e1raml\u00f3 g\u00e1zok koncentr\u00e1ci\u00f3 v\u00e1ltoz\u00e1sainak figyel\u00e9s\u00e9re. Bels\u0151 hidegcsapda Peltier rendszerrel a pontos h\u0151m\u00e9rs\u00e9klet szab\u00e1lyoz\u00e1shoz -20 \u00e9s 65\u00b0C k\u00f6z\u00f6tt a kondenz\u00e1l\u00f3d\u00f3 g\u0151z\u00f6k (pl. az oxidok redukci\u00f3ja sor\u00e1n keletkez\u0151 v\u00edz) elt\u00e1vol\u00edt\u00e1s\u00e1hoz\" \/>\n<meta property=\"og:url\" content=\"https:\/\/gandginstruments.hu\/en\/product\/iccs\/\" \/>\n<meta property=\"og:site_name\" content=\"G&amp;G\" \/>\n<meta property=\"article:modified_time\" content=\"2024-09-04T12:58:36+00:00\" \/>\n<meta property=\"og:image\" content=\"https:\/\/gandginstruments.hu\/wp-content\/uploads\/2024\/04\/ICCS_0001_ICCS_fokep.jpg\" \/>\n\t<meta property=\"og:image:width\" content=\"1200\" \/>\n\t<meta property=\"og:image:height\" content=\"1200\" \/>\n\t<meta property=\"og:image:type\" content=\"image\/jpeg\" \/>\n<meta name=\"twitter:card\" content=\"summary_large_image\" \/>\n<meta name=\"twitter:label1\" content=\"Estimated reading time\" \/>\n\t<meta name=\"twitter:data1\" content=\"1 minute\" \/>\n<script type=\"application\/ld+json\" class=\"yoast-schema-graph\">{\"@context\":\"https:\\\/\\\/schema.org\",\"@graph\":[{\"@type\":\"WebPage\",\"@id\":\"https:\\\/\\\/gandginstruments.hu\\\/termek\\\/iccs\\\/\",\"url\":\"https:\\\/\\\/gandginstruments.hu\\\/termek\\\/iccs\\\/\",\"name\":\"ICCS - G&amp;G\",\"isPartOf\":{\"@id\":\"https:\\\/\\\/gandginstruments.hu\\\/#website\"},\"primaryImageOfPage\":{\"@id\":\"https:\\\/\\\/gandginstruments.hu\\\/termek\\\/iccs\\\/#primaryimage\"},\"image\":{\"@id\":\"https:\\\/\\\/gandginstruments.hu\\\/termek\\\/iccs\\\/#primaryimage\"},\"thumbnailUrl\":\"https:\\\/\\\/gandginstruments.hu\\\/wp-content\\\/uploads\\\/2024\\\/04\\\/ICCS_0001_ICCS_fokep.jpg\",\"datePublished\":\"2024-04-24T13:05:29+00:00\",\"dateModified\":\"2024-09-04T12:58:36+00:00\",\"breadcrumb\":{\"@id\":\"https:\\\/\\\/gandginstruments.hu\\\/termek\\\/iccs\\\/#breadcrumb\"},\"inLanguage\":\"en-GB\",\"potentialAction\":[{\"@type\":\"ReadAction\",\"target\":[\"https:\\\/\\\/gandginstruments.hu\\\/termek\\\/iccs\\\/\"]}]},{\"@type\":\"ImageObject\",\"inLanguage\":\"en-GB\",\"@id\":\"https:\\\/\\\/gandginstruments.hu\\\/termek\\\/iccs\\\/#primaryimage\",\"url\":\"https:\\\/\\\/gandginstruments.hu\\\/wp-content\\\/uploads\\\/2024\\\/04\\\/ICCS_0001_ICCS_fokep.jpg\",\"contentUrl\":\"https:\\\/\\\/gandginstruments.hu\\\/wp-content\\\/uploads\\\/2024\\\/04\\\/ICCS_0001_ICCS_fokep.jpg\",\"width\":1200,\"height\":1200},{\"@type\":\"BreadcrumbList\",\"@id\":\"https:\\\/\\\/gandginstruments.hu\\\/termek\\\/iccs\\\/#breadcrumb\",\"itemListElement\":[{\"@type\":\"ListItem\",\"position\":1,\"name\":\"F\u0151oldal\",\"item\":\"https:\\\/\\\/gandginstruments.hu\\\/\"},{\"@type\":\"ListItem\",\"position\":2,\"name\":\"Shop\",\"item\":\"https:\\\/\\\/gandginstruments.hu\\\/uzlet\\\/\"},{\"@type\":\"ListItem\",\"position\":3,\"name\":\"Term\u00e9kcsal\u00e1dok\",\"item\":\"https:\\\/\\\/gandginstruments.hu\\\/termekkategoria\\\/termekcsaladok\\\/\"},{\"@type\":\"ListItem\",\"position\":4,\"name\":\"Anyagvizsg\u00e1lat\",\"item\":\"https:\\\/\\\/gandginstruments.hu\\\/termekkategoria\\\/termekcsaladok\\\/anyagvizsgalat\\\/\"},{\"@type\":\"ListItem\",\"position\":5,\"name\":\"ICCS\"}]},{\"@type\":\"WebSite\",\"@id\":\"https:\\\/\\\/gandginstruments.hu\\\/#website\",\"url\":\"https:\\\/\\\/gandginstruments.hu\\\/\",\"name\":\"G&amp;G\",\"description\":\"\",\"publisher\":{\"@id\":\"https:\\\/\\\/gandginstruments.hu\\\/#organization\"},\"potentialAction\":[{\"@type\":\"SearchAction\",\"target\":{\"@type\":\"EntryPoint\",\"urlTemplate\":\"https:\\\/\\\/gandginstruments.hu\\\/?s={search_term_string}\"},\"query-input\":{\"@type\":\"PropertyValueSpecification\",\"valueRequired\":true,\"valueName\":\"search_term_string\"}}],\"inLanguage\":\"en-GB\"},{\"@type\":\"Organization\",\"@id\":\"https:\\\/\\\/gandginstruments.hu\\\/#organization\",\"name\":\"G&amp;G\",\"url\":\"https:\\\/\\\/gandginstruments.hu\\\/\",\"logo\":{\"@type\":\"ImageObject\",\"inLanguage\":\"en-GB\",\"@id\":\"https:\\\/\\\/gandginstruments.hu\\\/#\\\/schema\\\/logo\\\/image\\\/\",\"url\":\"https:\\\/\\\/gandginstruments.hu\\\/wp-content\\\/uploads\\\/2024\\\/04\\\/GG-logo-1.png\",\"contentUrl\":\"https:\\\/\\\/gandginstruments.hu\\\/wp-content\\\/uploads\\\/2024\\\/04\\\/GG-logo-1.png\",\"width\":606,\"height\":120,\"caption\":\"G&amp;G\"},\"image\":{\"@id\":\"https:\\\/\\\/gandginstruments.hu\\\/#\\\/schema\\\/logo\\\/image\\\/\"}}]}<\/script>\n<!-- \/ Yoast SEO plugin. -->","yoast_head_json":{"title":"ICCS - G&amp;G","robots":{"index":"index","follow":"follow","max-snippet":"max-snippet:-1","max-image-preview":"max-image-preview:large","max-video-preview":"max-video-preview:-1"},"canonical":"https:\/\/gandginstruments.hu\/en\/product\/iccs\/","og_locale":"en_GB","og_type":"article","og_title":"ICCS - G&amp;G","og_description":"Nagy pontoss\u00e1g\u00fa, nagy \u00e9rz\u00e9kenys\u00e9g\u0171 h\u0151vezet\u0151 detektor (TCD) a reaktorba be\u00e1raml\u00f3 \u00e9s onnan ki\u00e1raml\u00f3 g\u00e1zok koncentr\u00e1ci\u00f3 v\u00e1ltoz\u00e1sainak figyel\u00e9s\u00e9re. Bels\u0151 hidegcsapda Peltier rendszerrel a pontos h\u0151m\u00e9rs\u00e9klet szab\u00e1lyoz\u00e1shoz -20 \u00e9s 65\u00b0C k\u00f6z\u00f6tt a kondenz\u00e1l\u00f3d\u00f3 g\u0151z\u00f6k (pl. az oxidok redukci\u00f3ja sor\u00e1n keletkez\u0151 v\u00edz) elt\u00e1vol\u00edt\u00e1s\u00e1hoz","og_url":"https:\/\/gandginstruments.hu\/en\/product\/iccs\/","og_site_name":"G&amp;G","article_modified_time":"2024-09-04T12:58:36+00:00","og_image":[{"width":1200,"height":1200,"url":"https:\/\/gandginstruments.hu\/wp-content\/uploads\/2024\/04\/ICCS_0001_ICCS_fokep.jpg","type":"image\/jpeg"}],"twitter_card":"summary_large_image","twitter_misc":{"Estimated reading time":"1 minute"},"schema":{"@context":"https:\/\/schema.org","@graph":[{"@type":"WebPage","@id":"https:\/\/gandginstruments.hu\/termek\/iccs\/","url":"https:\/\/gandginstruments.hu\/termek\/iccs\/","name":"ICCS - G&amp;G","isPartOf":{"@id":"https:\/\/gandginstruments.hu\/#website"},"primaryImageOfPage":{"@id":"https:\/\/gandginstruments.hu\/termek\/iccs\/#primaryimage"},"image":{"@id":"https:\/\/gandginstruments.hu\/termek\/iccs\/#primaryimage"},"thumbnailUrl":"https:\/\/gandginstruments.hu\/wp-content\/uploads\/2024\/04\/ICCS_0001_ICCS_fokep.jpg","datePublished":"2024-04-24T13:05:29+00:00","dateModified":"2024-09-04T12:58:36+00:00","breadcrumb":{"@id":"https:\/\/gandginstruments.hu\/termek\/iccs\/#breadcrumb"},"inLanguage":"en-GB","potentialAction":[{"@type":"ReadAction","target":["https:\/\/gandginstruments.hu\/termek\/iccs\/"]}]},{"@type":"ImageObject","inLanguage":"en-GB","@id":"https:\/\/gandginstruments.hu\/termek\/iccs\/#primaryimage","url":"https:\/\/gandginstruments.hu\/wp-content\/uploads\/2024\/04\/ICCS_0001_ICCS_fokep.jpg","contentUrl":"https:\/\/gandginstruments.hu\/wp-content\/uploads\/2024\/04\/ICCS_0001_ICCS_fokep.jpg","width":1200,"height":1200},{"@type":"BreadcrumbList","@id":"https:\/\/gandginstruments.hu\/termek\/iccs\/#breadcrumb","itemListElement":[{"@type":"ListItem","position":1,"name":"F\u0151oldal","item":"https:\/\/gandginstruments.hu\/"},{"@type":"ListItem","position":2,"name":"Shop","item":"https:\/\/gandginstruments.hu\/uzlet\/"},{"@type":"ListItem","position":3,"name":"Term\u00e9kcsal\u00e1dok","item":"https:\/\/gandginstruments.hu\/termekkategoria\/termekcsaladok\/"},{"@type":"ListItem","position":4,"name":"Anyagvizsg\u00e1lat","item":"https:\/\/gandginstruments.hu\/termekkategoria\/termekcsaladok\/anyagvizsgalat\/"},{"@type":"ListItem","position":5,"name":"ICCS"}]},{"@type":"WebSite","@id":"https:\/\/gandginstruments.hu\/#website","url":"https:\/\/gandginstruments.hu\/","name":"G&amp;G","description":"","publisher":{"@id":"https:\/\/gandginstruments.hu\/#organization"},"potentialAction":[{"@type":"SearchAction","target":{"@type":"EntryPoint","urlTemplate":"https:\/\/gandginstruments.hu\/?s={search_term_string}"},"query-input":{"@type":"PropertyValueSpecification","valueRequired":true,"valueName":"search_term_string"}}],"inLanguage":"en-GB"},{"@type":"Organization","@id":"https:\/\/gandginstruments.hu\/#organization","name":"G&amp;G","url":"https:\/\/gandginstruments.hu\/","logo":{"@type":"ImageObject","inLanguage":"en-GB","@id":"https:\/\/gandginstruments.hu\/#\/schema\/logo\/image\/","url":"https:\/\/gandginstruments.hu\/wp-content\/uploads\/2024\/04\/GG-logo-1.png","contentUrl":"https:\/\/gandginstruments.hu\/wp-content\/uploads\/2024\/04\/GG-logo-1.png","width":606,"height":120,"caption":"G&amp;G"},"image":{"@id":"https:\/\/gandginstruments.hu\/#\/schema\/logo\/image\/"}}]}},"_links":{"self":[{"href":"https:\/\/gandginstruments.hu\/en\/wp-json\/wp\/v2\/product\/964","targetHints":{"allow":["GET"]}}],"collection":[{"href":"https:\/\/gandginstruments.hu\/en\/wp-json\/wp\/v2\/product"}],"about":[{"href":"https:\/\/gandginstruments.hu\/en\/wp-json\/wp\/v2\/types\/product"}],"wp:featuredmedia":[{"embeddable":true,"href":"https:\/\/gandginstruments.hu\/en\/wp-json\/wp\/v2\/media\/1422"}],"wp:attachment":[{"href":"https:\/\/gandginstruments.hu\/en\/wp-json\/wp\/v2\/media?parent=964"}],"wp:term":[{"taxonomy":"product_brand","embeddable":true,"href":"https:\/\/gandginstruments.hu\/en\/wp-json\/wp\/v2\/product_brand?post=964"},{"taxonomy":"product_cat","embeddable":true,"href":"https:\/\/gandginstruments.hu\/en\/wp-json\/wp\/v2\/product_cat?post=964"},{"taxonomy":"product_tag","embeddable":true,"href":"https:\/\/gandginstruments.hu\/en\/wp-json\/wp\/v2\/product_tag?post=964"}],"curies":[{"name":"wp","href":"https:\/\/api.w.org\/{rel}","templated":true}]}}