{"id":961,"date":"2024-04-24T13:01:58","date_gmt":"2024-04-24T13:01:58","guid":{"rendered":"http:\/\/gandginstruments.hu\/?post_type=product&#038;p=961"},"modified":"2024-09-10T16:39:07","modified_gmt":"2024-09-10T14:39:07","slug":"gemini-vii-2390","status":"publish","type":"product","link":"https:\/\/gandginstruments.hu\/en\/product\/gemini-vii-2390\/","title":{"rendered":"Gemini VII 2390"},"content":{"rendered":"<ul>\n<li aria-level=\"1\">Gemini utilizes a unique adaptive rate dosing algorithm and is a special case of the static volumetric technique<\/li>\n<li aria-level=\"1\">Gemini\u2019s capabilities lie in its unique and innovative design which makes for not only a reliable and accurate instrument but also offers an easy to use operating system with intuitive reporting<\/li>\n<li aria-level=\"1\">Rapid surface area measurements with precision &amp; No thermal-diffusion errors<\/li>\n<li aria-level=\"1\">Capable of measuring low surface area materials with N2<\/li>\n<li aria-level=\"1\">Common mode rejection of free-space error effects<\/li>\n<li aria-level=\"1\">Three model options to accommodate needs<\/li>\n<\/ul>","protected":false},"excerpt":{"rendered":"<p>A Gemini egyedi adapt\u00edv sebess\u00e9g\u0171 g\u00e1zadagol\u00e1si algoritmust alkalmaz, \u00e9s a statikus volumetria speci\u00e1lis esete A Gemini egyed\u00fcl\u00e1ll\u00f3 \u00e9s innovat\u00edv kialak\u00edt\u00e1s\u00e1nak k\u00f6sz\u00f6nhet\u0151en nemcsak megb\u00edzhat\u00f3 \u00e9s pontos eszk\u00f6z, de k\u00f6nnyen kezelhet\u0151 oper\u00e1ci\u00f3s rendszert is k\u00edn\u00e1l intuit\u00edv jelent\u00e9sk\u00e9sz\u00edt\u00e9ssel Gyors, prec\u00edz fel\u00fcletm\u00e9r\u00e9s, termikus diff\u00fazi\u00f3s zavarok n\u00e9lk\u00fcl K\u00e9pes kis fajlagos fel\u00fclet\u0171 mint\u00e1k N2 g\u00e1zzal t\u00f6rt\u00e9n\u0151 m\u00e9r\u00e9s\u00e9re Szabadt\u00e9rfogat hibahat\u00e1sainak korrekci\u00f3ja H\u00e1rom [&hellip;]<\/p>\n","protected":false},"featured_media":1418,"template":"","meta":{"_acf_changed":false},"product_brand":[],"product_cat":[77,97,78,98,79,27,99,80,81,100,84,62,45,104,86,105,89,107,108,90,91,116,110,53,70,71,112,113,114,96],"product_tag":[],"class_list":{"0":"post-961","1":"product","2":"type-product","3":"status-publish","4":"has-post-thumbnail","6":"product_cat-additiv-gyartastechnologiak","7":"product_cat-adszorbensek","8":"product_cat-agraripar","9":"product_cat-akkumulator-alapanyagok-es-komponensek","10":"product_cat-akkumulator-es-energia-tarolas","11":"product_cat-anyagvizsgalat","12":"product_cat-asvanyok-es-kozetek","13":"product_cat-autoipar","14":"product_cat-banyaszat","15":"product_cat-cement","16":"product_cat-epitoipar","17":"product_cat-fajlagos-felulet-bet","18":"product_cat-fajlagos-feluletmerok","19":"product_cat-femek","20":"product_cat-femipar","21":"product_cat-femorganikus-vegyuletek","22":"product_cat-katalizatorfejlesztes","23":"product_cat-katalizatorok","24":"product_cat-keramia","25":"product_cat-keramiaipar","26":"product_cat-koolajipar","27":"product_cat-micromeritics","28":"product_cat-muanyagok-polimerek","29":"product_cat-porometerek-es-porozitasmerok","30":"product_cat-porozitas-es-porusterfogat","31":"product_cat-porusmeret-es-mereteloszlas","32":"product_cat-szen","33":"product_cat-szuro-kozeg","34":"product_cat-talaj","35":"product_cat-vegyipar","37":"first","38":"instock","39":"shipping-taxable","40":"product-type-simple"},"acf":[],"yoast_head":"<!-- This site is optimized with the Yoast SEO plugin v27.4 - https:\/\/yoast.com\/product\/yoast-seo-wordpress\/ -->\n<title>Gemini VII 2390 - G&amp;G<\/title>\n<meta name=\"robots\" content=\"index, follow, max-snippet:-1, max-image-preview:large, max-video-preview:-1\" \/>\n<link rel=\"canonical\" href=\"https:\/\/gandginstruments.hu\/en\/product\/gemini-vii-2390\/\" \/>\n<meta property=\"og:locale\" content=\"en_GB\" \/>\n<meta property=\"og:type\" content=\"article\" \/>\n<meta property=\"og:title\" content=\"Gemini VII 2390 - G&amp;G\" \/>\n<meta property=\"og:description\" content=\"A Gemini egyedi adapt\u00edv sebess\u00e9g\u0171 g\u00e1zadagol\u00e1si algoritmust alkalmaz, \u00e9s a statikus volumetria speci\u00e1lis esete A Gemini egyed\u00fcl\u00e1ll\u00f3 \u00e9s innovat\u00edv kialak\u00edt\u00e1s\u00e1nak k\u00f6sz\u00f6nhet\u0151en nemcsak megb\u00edzhat\u00f3 \u00e9s pontos eszk\u00f6z, de k\u00f6nnyen kezelhet\u0151 oper\u00e1ci\u00f3s rendszert is k\u00edn\u00e1l intuit\u00edv jelent\u00e9sk\u00e9sz\u00edt\u00e9ssel Gyors, prec\u00edz fel\u00fcletm\u00e9r\u00e9s, termikus diff\u00fazi\u00f3s zavarok n\u00e9lk\u00fcl K\u00e9pes kis fajlagos fel\u00fclet\u0171 mint\u00e1k N2 g\u00e1zzal t\u00f6rt\u00e9n\u0151 m\u00e9r\u00e9s\u00e9re Szabadt\u00e9rfogat hibahat\u00e1sainak korrekci\u00f3ja H\u00e1rom [&hellip;]\" \/>\n<meta property=\"og:url\" content=\"https:\/\/gandginstruments.hu\/en\/product\/gemini-vii-2390\/\" \/>\n<meta property=\"og:site_name\" content=\"G&amp;G\" \/>\n<meta property=\"article:modified_time\" content=\"2024-09-10T14:39:07+00:00\" \/>\n<meta property=\"og:image\" content=\"https:\/\/gandginstruments.hu\/wp-content\/uploads\/2024\/04\/Gemini-VII-2390.jpg\" \/>\n\t<meta property=\"og:image:width\" content=\"1200\" \/>\n\t<meta property=\"og:image:height\" content=\"1200\" \/>\n\t<meta property=\"og:image:type\" content=\"image\/jpeg\" \/>\n<meta name=\"twitter:card\" content=\"summary_large_image\" \/>\n<meta name=\"twitter:label1\" content=\"Estimated reading time\" \/>\n\t<meta name=\"twitter:data1\" content=\"1 minute\" \/>\n<script type=\"application\/ld+json\" class=\"yoast-schema-graph\">{\"@context\":\"https:\\\/\\\/schema.org\",\"@graph\":[{\"@type\":\"WebPage\",\"@id\":\"https:\\\/\\\/gandginstruments.hu\\\/termek\\\/gemini-vii-2390\\\/\",\"url\":\"https:\\\/\\\/gandginstruments.hu\\\/termek\\\/gemini-vii-2390\\\/\",\"name\":\"Gemini VII 2390 - G&amp;G\",\"isPartOf\":{\"@id\":\"https:\\\/\\\/gandginstruments.hu\\\/#website\"},\"primaryImageOfPage\":{\"@id\":\"https:\\\/\\\/gandginstruments.hu\\\/termek\\\/gemini-vii-2390\\\/#primaryimage\"},\"image\":{\"@id\":\"https:\\\/\\\/gandginstruments.hu\\\/termek\\\/gemini-vii-2390\\\/#primaryimage\"},\"thumbnailUrl\":\"https:\\\/\\\/gandginstruments.hu\\\/wp-content\\\/uploads\\\/2024\\\/04\\\/Gemini-VII-2390.jpg\",\"datePublished\":\"2024-04-24T13:01:58+00:00\",\"dateModified\":\"2024-09-10T14:39:07+00:00\",\"breadcrumb\":{\"@id\":\"https:\\\/\\\/gandginstruments.hu\\\/termek\\\/gemini-vii-2390\\\/#breadcrumb\"},\"inLanguage\":\"en-GB\",\"potentialAction\":[{\"@type\":\"ReadAction\",\"target\":[\"https:\\\/\\\/gandginstruments.hu\\\/termek\\\/gemini-vii-2390\\\/\"]}]},{\"@type\":\"ImageObject\",\"inLanguage\":\"en-GB\",\"@id\":\"https:\\\/\\\/gandginstruments.hu\\\/termek\\\/gemini-vii-2390\\\/#primaryimage\",\"url\":\"https:\\\/\\\/gandginstruments.hu\\\/wp-content\\\/uploads\\\/2024\\\/04\\\/Gemini-VII-2390.jpg\",\"contentUrl\":\"https:\\\/\\\/gandginstruments.hu\\\/wp-content\\\/uploads\\\/2024\\\/04\\\/Gemini-VII-2390.jpg\",\"width\":1200,\"height\":1200},{\"@type\":\"BreadcrumbList\",\"@id\":\"https:\\\/\\\/gandginstruments.hu\\\/termek\\\/gemini-vii-2390\\\/#breadcrumb\",\"itemListElement\":[{\"@type\":\"ListItem\",\"position\":1,\"name\":\"F\u0151oldal\",\"item\":\"https:\\\/\\\/gandginstruments.hu\\\/\"},{\"@type\":\"ListItem\",\"position\":2,\"name\":\"Shop\",\"item\":\"https:\\\/\\\/gandginstruments.hu\\\/uzlet\\\/\"},{\"@type\":\"ListItem\",\"position\":3,\"name\":\"Term\u00e9kcsal\u00e1dok\",\"item\":\"https:\\\/\\\/gandginstruments.hu\\\/termekkategoria\\\/termekcsaladok\\\/\"},{\"@type\":\"ListItem\",\"position\":4,\"name\":\"Anyagvizsg\u00e1lat\",\"item\":\"https:\\\/\\\/gandginstruments.hu\\\/termekkategoria\\\/termekcsaladok\\\/anyagvizsgalat\\\/\"},{\"@type\":\"ListItem\",\"position\":5,\"name\":\"Gemini VII 2390\"}]},{\"@type\":\"WebSite\",\"@id\":\"https:\\\/\\\/gandginstruments.hu\\\/#website\",\"url\":\"https:\\\/\\\/gandginstruments.hu\\\/\",\"name\":\"G&amp;G\",\"description\":\"\",\"publisher\":{\"@id\":\"https:\\\/\\\/gandginstruments.hu\\\/#organization\"},\"potentialAction\":[{\"@type\":\"SearchAction\",\"target\":{\"@type\":\"EntryPoint\",\"urlTemplate\":\"https:\\\/\\\/gandginstruments.hu\\\/?s={search_term_string}\"},\"query-input\":{\"@type\":\"PropertyValueSpecification\",\"valueRequired\":true,\"valueName\":\"search_term_string\"}}],\"inLanguage\":\"en-GB\"},{\"@type\":\"Organization\",\"@id\":\"https:\\\/\\\/gandginstruments.hu\\\/#organization\",\"name\":\"G&amp;G\",\"url\":\"https:\\\/\\\/gandginstruments.hu\\\/\",\"logo\":{\"@type\":\"ImageObject\",\"inLanguage\":\"en-GB\",\"@id\":\"https:\\\/\\\/gandginstruments.hu\\\/#\\\/schema\\\/logo\\\/image\\\/\",\"url\":\"https:\\\/\\\/gandginstruments.hu\\\/wp-content\\\/uploads\\\/2024\\\/04\\\/GG-logo-1.png\",\"contentUrl\":\"https:\\\/\\\/gandginstruments.hu\\\/wp-content\\\/uploads\\\/2024\\\/04\\\/GG-logo-1.png\",\"width\":606,\"height\":120,\"caption\":\"G&amp;G\"},\"image\":{\"@id\":\"https:\\\/\\\/gandginstruments.hu\\\/#\\\/schema\\\/logo\\\/image\\\/\"}}]}<\/script>\n<!-- \/ Yoast SEO plugin. -->","yoast_head_json":{"title":"Gemini VII 2390 - G&amp;G","robots":{"index":"index","follow":"follow","max-snippet":"max-snippet:-1","max-image-preview":"max-image-preview:large","max-video-preview":"max-video-preview:-1"},"canonical":"https:\/\/gandginstruments.hu\/en\/product\/gemini-vii-2390\/","og_locale":"en_GB","og_type":"article","og_title":"Gemini VII 2390 - G&amp;G","og_description":"A Gemini egyedi adapt\u00edv sebess\u00e9g\u0171 g\u00e1zadagol\u00e1si algoritmust alkalmaz, \u00e9s a statikus volumetria speci\u00e1lis esete A Gemini egyed\u00fcl\u00e1ll\u00f3 \u00e9s innovat\u00edv kialak\u00edt\u00e1s\u00e1nak k\u00f6sz\u00f6nhet\u0151en nemcsak megb\u00edzhat\u00f3 \u00e9s pontos eszk\u00f6z, de k\u00f6nnyen kezelhet\u0151 oper\u00e1ci\u00f3s rendszert is k\u00edn\u00e1l intuit\u00edv jelent\u00e9sk\u00e9sz\u00edt\u00e9ssel Gyors, prec\u00edz fel\u00fcletm\u00e9r\u00e9s, termikus diff\u00fazi\u00f3s zavarok n\u00e9lk\u00fcl K\u00e9pes kis fajlagos fel\u00fclet\u0171 mint\u00e1k N2 g\u00e1zzal t\u00f6rt\u00e9n\u0151 m\u00e9r\u00e9s\u00e9re Szabadt\u00e9rfogat hibahat\u00e1sainak korrekci\u00f3ja H\u00e1rom [&hellip;]","og_url":"https:\/\/gandginstruments.hu\/en\/product\/gemini-vii-2390\/","og_site_name":"G&amp;G","article_modified_time":"2024-09-10T14:39:07+00:00","og_image":[{"width":1200,"height":1200,"url":"https:\/\/gandginstruments.hu\/wp-content\/uploads\/2024\/04\/Gemini-VII-2390.jpg","type":"image\/jpeg"}],"twitter_card":"summary_large_image","twitter_misc":{"Estimated reading time":"1 minute"},"schema":{"@context":"https:\/\/schema.org","@graph":[{"@type":"WebPage","@id":"https:\/\/gandginstruments.hu\/termek\/gemini-vii-2390\/","url":"https:\/\/gandginstruments.hu\/termek\/gemini-vii-2390\/","name":"Gemini VII 2390 - G&amp;G","isPartOf":{"@id":"https:\/\/gandginstruments.hu\/#website"},"primaryImageOfPage":{"@id":"https:\/\/gandginstruments.hu\/termek\/gemini-vii-2390\/#primaryimage"},"image":{"@id":"https:\/\/gandginstruments.hu\/termek\/gemini-vii-2390\/#primaryimage"},"thumbnailUrl":"https:\/\/gandginstruments.hu\/wp-content\/uploads\/2024\/04\/Gemini-VII-2390.jpg","datePublished":"2024-04-24T13:01:58+00:00","dateModified":"2024-09-10T14:39:07+00:00","breadcrumb":{"@id":"https:\/\/gandginstruments.hu\/termek\/gemini-vii-2390\/#breadcrumb"},"inLanguage":"en-GB","potentialAction":[{"@type":"ReadAction","target":["https:\/\/gandginstruments.hu\/termek\/gemini-vii-2390\/"]}]},{"@type":"ImageObject","inLanguage":"en-GB","@id":"https:\/\/gandginstruments.hu\/termek\/gemini-vii-2390\/#primaryimage","url":"https:\/\/gandginstruments.hu\/wp-content\/uploads\/2024\/04\/Gemini-VII-2390.jpg","contentUrl":"https:\/\/gandginstruments.hu\/wp-content\/uploads\/2024\/04\/Gemini-VII-2390.jpg","width":1200,"height":1200},{"@type":"BreadcrumbList","@id":"https:\/\/gandginstruments.hu\/termek\/gemini-vii-2390\/#breadcrumb","itemListElement":[{"@type":"ListItem","position":1,"name":"F\u0151oldal","item":"https:\/\/gandginstruments.hu\/"},{"@type":"ListItem","position":2,"name":"Shop","item":"https:\/\/gandginstruments.hu\/uzlet\/"},{"@type":"ListItem","position":3,"name":"Term\u00e9kcsal\u00e1dok","item":"https:\/\/gandginstruments.hu\/termekkategoria\/termekcsaladok\/"},{"@type":"ListItem","position":4,"name":"Anyagvizsg\u00e1lat","item":"https:\/\/gandginstruments.hu\/termekkategoria\/termekcsaladok\/anyagvizsgalat\/"},{"@type":"ListItem","position":5,"name":"Gemini VII 2390"}]},{"@type":"WebSite","@id":"https:\/\/gandginstruments.hu\/#website","url":"https:\/\/gandginstruments.hu\/","name":"G&amp;G","description":"","publisher":{"@id":"https:\/\/gandginstruments.hu\/#organization"},"potentialAction":[{"@type":"SearchAction","target":{"@type":"EntryPoint","urlTemplate":"https:\/\/gandginstruments.hu\/?s={search_term_string}"},"query-input":{"@type":"PropertyValueSpecification","valueRequired":true,"valueName":"search_term_string"}}],"inLanguage":"en-GB"},{"@type":"Organization","@id":"https:\/\/gandginstruments.hu\/#organization","name":"G&amp;G","url":"https:\/\/gandginstruments.hu\/","logo":{"@type":"ImageObject","inLanguage":"en-GB","@id":"https:\/\/gandginstruments.hu\/#\/schema\/logo\/image\/","url":"https:\/\/gandginstruments.hu\/wp-content\/uploads\/2024\/04\/GG-logo-1.png","contentUrl":"https:\/\/gandginstruments.hu\/wp-content\/uploads\/2024\/04\/GG-logo-1.png","width":606,"height":120,"caption":"G&amp;G"},"image":{"@id":"https:\/\/gandginstruments.hu\/#\/schema\/logo\/image\/"}}]}},"_links":{"self":[{"href":"https:\/\/gandginstruments.hu\/en\/wp-json\/wp\/v2\/product\/961","targetHints":{"allow":["GET"]}}],"collection":[{"href":"https:\/\/gandginstruments.hu\/en\/wp-json\/wp\/v2\/product"}],"about":[{"href":"https:\/\/gandginstruments.hu\/en\/wp-json\/wp\/v2\/types\/product"}],"wp:featuredmedia":[{"embeddable":true,"href":"https:\/\/gandginstruments.hu\/en\/wp-json\/wp\/v2\/media\/1418"}],"wp:attachment":[{"href":"https:\/\/gandginstruments.hu\/en\/wp-json\/wp\/v2\/media?parent=961"}],"wp:term":[{"taxonomy":"product_brand","embeddable":true,"href":"https:\/\/gandginstruments.hu\/en\/wp-json\/wp\/v2\/product_brand?post=961"},{"taxonomy":"product_cat","embeddable":true,"href":"https:\/\/gandginstruments.hu\/en\/wp-json\/wp\/v2\/product_cat?post=961"},{"taxonomy":"product_tag","embeddable":true,"href":"https:\/\/gandginstruments.hu\/en\/wp-json\/wp\/v2\/product_tag?post=961"}],"curies":[{"name":"wp","href":"https:\/\/api.w.org\/{rel}","templated":true}]}}