{"id":957,"date":"2024-04-24T12:51:45","date_gmt":"2024-04-24T12:51:45","guid":{"rendered":"http:\/\/gandginstruments.hu\/?post_type=product&#038;p=957"},"modified":"2024-09-04T14:38:42","modified_gmt":"2024-09-04T12:38:42","slug":"breakthrough-analyzer","status":"publish","type":"product","link":"https:\/\/gandginstruments.hu\/en\/product\/breakthrough-analyzer\/","title":{"rendered":"Breakthrough Analyzer"},"content":{"rendered":"<ul>\n<li style=\"font-weight: 400;\" aria-level=\"1\"><span style=\"font-weight: 400;\">Superior design minimizes dead volume &amp; delivers accurate, experimental results<\/span><\/li>\n<li style=\"font-weight: 400;\" aria-level=\"1\"><span style=\"font-weight: 400;\">Configurable with up to 6 precision mass flow controllers and 2 vapor sources<\/span><\/li>\n<li style=\"font-weight: 400;\" aria-level=\"1\"><span style=\"font-weight: 400;\">Patented high-performance blending valves<\/span><\/li>\n<li style=\"font-weight: 400;\" aria-level=\"1\"><span style=\"font-weight: 400;\">Mintaaktiv\u00e1l\u00e1s 1050 \u2103-ig<\/span><\/li>\n<li style=\"font-weight: 400;\" aria-level=\"1\"><span style=\"font-weight: 400;\">Thermostated environmental chamber provides uniform temperature control, even when using vapors<\/span><\/li>\n<li style=\"font-weight: 400;\" aria-level=\"1\"><span style=\"font-weight: 400;\">Easily connects to commercial Mass Spectrometer (MS) &amp; Fourier Transform Infrared Analyzer (FTIR)<\/span><\/li>\n<li style=\"font-weight: 400;\" aria-level=\"1\"><span style=\"font-weight: 400;\">Secure door lock system for enhanced operator safety<\/span><\/li>\n<\/ul>","protected":false},"excerpt":{"rendered":"<p>A kiv\u00e1l\u00f3 kialak\u00edt\u00e1s minimaliz\u00e1lja a holt t\u00e9rfogatot, \u00e9s pontos m\u00e9r\u00e9seket tesz lehet\u0151v\u00e9 Ak\u00e1r 6 prec\u00edzi\u00f3s t\u00f6meg\u00e1ram-szab\u00e1lyoz\u00f3val \u00e9s 2 g\u0151zforr\u00e1ssal konfigur\u00e1lhat\u00f3 Szabadalmaztatott, nagy teljes\u00edtm\u00e9ny\u0171 kever\u0151szelepek Mintaaktiv\u00e1l\u00e1s 1050 \u2103-ig A termoszt\u00e1lt k\u00f6rnyezeti kamra (hot box) egyenletes h\u0151m\u00e9rs\u00e9klet szab\u00e1lyoz\u00e1st biztos\u00edt, m\u00e9g g\u0151z\u00f6k haszn\u00e1lata eset\u00e9n is K\u00f6nnyen csatlakoztathat\u00f3 kereskedelmi t\u00f6megspektrom\u00e9terhez (MS) \u00e9s Fourier-transzform\u00e1ci\u00f3s infrav\u00f6r\u00f6s spektrom\u00e9terhez (FTIR) Biztons\u00e1gos ajt\u00f3z\u00e1r rendszer [&hellip;]<\/p>\n","protected":false},"featured_media":3475,"template":"","meta":{"_acf_changed":false},"product_brand":[],"product_cat":[97,79,27,86,105,64,46,107,108,90,92,116,110,112,113,96,115],"product_tag":[],"class_list":{"0":"post-957","1":"product","2":"type-product","3":"status-publish","4":"has-post-thumbnail","6":"product_cat-adszorbensek","7":"product_cat-akkumulator-es-energia-tarolas","8":"product_cat-anyagvizsgalat","9":"product_cat-femipar","10":"product_cat-femorganikus-vegyuletek","11":"product_cat-katalitikus-aktivitas","12":"product_cat-katalizatorjellemzo-keszulekek","13":"product_cat-katalizatorok","14":"product_cat-keramia","15":"product_cat-keramiaipar","16":"product_cat-kutatas-es-fejlesztes","17":"product_cat-micromeritics","18":"product_cat-muanyagok-polimerek","19":"product_cat-szen","20":"product_cat-szuro-kozeg","21":"product_cat-vegyipar","22":"product_cat-zeolit","24":"first","25":"instock","26":"shipping-taxable","27":"product-type-simple"},"acf":[],"yoast_head":"<!-- This site is optimized with the Yoast SEO plugin v27.4 - https:\/\/yoast.com\/product\/yoast-seo-wordpress\/ -->\n<title>Breakthrough Analyzer - G&amp;G<\/title>\n<meta name=\"robots\" content=\"index, follow, max-snippet:-1, max-image-preview:large, max-video-preview:-1\" \/>\n<link rel=\"canonical\" href=\"https:\/\/gandginstruments.hu\/en\/product\/breakthrough-analyzer\/\" \/>\n<meta property=\"og:locale\" content=\"en_GB\" \/>\n<meta property=\"og:type\" content=\"article\" \/>\n<meta property=\"og:title\" content=\"Breakthrough Analyzer - G&amp;G\" \/>\n<meta property=\"og:description\" content=\"A kiv\u00e1l\u00f3 kialak\u00edt\u00e1s minimaliz\u00e1lja a holt t\u00e9rfogatot, \u00e9s pontos m\u00e9r\u00e9seket tesz lehet\u0151v\u00e9 Ak\u00e1r 6 prec\u00edzi\u00f3s t\u00f6meg\u00e1ram-szab\u00e1lyoz\u00f3val \u00e9s 2 g\u0151zforr\u00e1ssal konfigur\u00e1lhat\u00f3 Szabadalmaztatott, nagy teljes\u00edtm\u00e9ny\u0171 kever\u0151szelepek Mintaaktiv\u00e1l\u00e1s 1050 \u2103-ig A termoszt\u00e1lt k\u00f6rnyezeti kamra (hot box) egyenletes h\u0151m\u00e9rs\u00e9klet szab\u00e1lyoz\u00e1st biztos\u00edt, m\u00e9g g\u0151z\u00f6k haszn\u00e1lata eset\u00e9n is K\u00f6nnyen csatlakoztathat\u00f3 kereskedelmi t\u00f6megspektrom\u00e9terhez (MS) \u00e9s Fourier-transzform\u00e1ci\u00f3s infrav\u00f6r\u00f6s spektrom\u00e9terhez (FTIR) Biztons\u00e1gos ajt\u00f3z\u00e1r rendszer [&hellip;]\" \/>\n<meta property=\"og:url\" content=\"https:\/\/gandginstruments.hu\/en\/product\/breakthrough-analyzer\/\" \/>\n<meta property=\"og:site_name\" content=\"G&amp;G\" \/>\n<meta property=\"article:modified_time\" content=\"2024-09-04T12:38:42+00:00\" \/>\n<meta property=\"og:image\" content=\"https:\/\/gandginstruments.hu\/wp-content\/uploads\/2024\/08\/Breakthrough-Analyzer_0003_bta_fokep.jpg\" \/>\n\t<meta property=\"og:image:width\" content=\"1200\" \/>\n\t<meta property=\"og:image:height\" content=\"1200\" \/>\n\t<meta property=\"og:image:type\" content=\"image\/jpeg\" \/>\n<meta name=\"twitter:card\" content=\"summary_large_image\" \/>\n<meta name=\"twitter:label1\" content=\"Estimated reading time\" \/>\n\t<meta name=\"twitter:data1\" content=\"1 minute\" \/>\n<script type=\"application\/ld+json\" class=\"yoast-schema-graph\">{\"@context\":\"https:\\\/\\\/schema.org\",\"@graph\":[{\"@type\":\"WebPage\",\"@id\":\"https:\\\/\\\/gandginstruments.hu\\\/termek\\\/breakthrough-analyzer\\\/\",\"url\":\"https:\\\/\\\/gandginstruments.hu\\\/termek\\\/breakthrough-analyzer\\\/\",\"name\":\"Breakthrough Analyzer - G&amp;G\",\"isPartOf\":{\"@id\":\"https:\\\/\\\/gandginstruments.hu\\\/#website\"},\"primaryImageOfPage\":{\"@id\":\"https:\\\/\\\/gandginstruments.hu\\\/termek\\\/breakthrough-analyzer\\\/#primaryimage\"},\"image\":{\"@id\":\"https:\\\/\\\/gandginstruments.hu\\\/termek\\\/breakthrough-analyzer\\\/#primaryimage\"},\"thumbnailUrl\":\"https:\\\/\\\/gandginstruments.hu\\\/wp-content\\\/uploads\\\/2024\\\/08\\\/Breakthrough-Analyzer_0003_bta_fokep.jpg\",\"datePublished\":\"2024-04-24T12:51:45+00:00\",\"dateModified\":\"2024-09-04T12:38:42+00:00\",\"breadcrumb\":{\"@id\":\"https:\\\/\\\/gandginstruments.hu\\\/termek\\\/breakthrough-analyzer\\\/#breadcrumb\"},\"inLanguage\":\"en-GB\",\"potentialAction\":[{\"@type\":\"ReadAction\",\"target\":[\"https:\\\/\\\/gandginstruments.hu\\\/termek\\\/breakthrough-analyzer\\\/\"]}]},{\"@type\":\"ImageObject\",\"inLanguage\":\"en-GB\",\"@id\":\"https:\\\/\\\/gandginstruments.hu\\\/termek\\\/breakthrough-analyzer\\\/#primaryimage\",\"url\":\"https:\\\/\\\/gandginstruments.hu\\\/wp-content\\\/uploads\\\/2024\\\/08\\\/Breakthrough-Analyzer_0003_bta_fokep.jpg\",\"contentUrl\":\"https:\\\/\\\/gandginstruments.hu\\\/wp-content\\\/uploads\\\/2024\\\/08\\\/Breakthrough-Analyzer_0003_bta_fokep.jpg\",\"width\":1200,\"height\":1200},{\"@type\":\"BreadcrumbList\",\"@id\":\"https:\\\/\\\/gandginstruments.hu\\\/termek\\\/breakthrough-analyzer\\\/#breadcrumb\",\"itemListElement\":[{\"@type\":\"ListItem\",\"position\":1,\"name\":\"F\u0151oldal\",\"item\":\"https:\\\/\\\/gandginstruments.hu\\\/\"},{\"@type\":\"ListItem\",\"position\":2,\"name\":\"Shop\",\"item\":\"https:\\\/\\\/gandginstruments.hu\\\/uzlet\\\/\"},{\"@type\":\"ListItem\",\"position\":3,\"name\":\"Term\u00e9kcsal\u00e1dok\",\"item\":\"https:\\\/\\\/gandginstruments.hu\\\/termekkategoria\\\/termekcsaladok\\\/\"},{\"@type\":\"ListItem\",\"position\":4,\"name\":\"Anyagvizsg\u00e1lat\",\"item\":\"https:\\\/\\\/gandginstruments.hu\\\/termekkategoria\\\/termekcsaladok\\\/anyagvizsgalat\\\/\"},{\"@type\":\"ListItem\",\"position\":5,\"name\":\"Breakthrough Analyzer\"}]},{\"@type\":\"WebSite\",\"@id\":\"https:\\\/\\\/gandginstruments.hu\\\/#website\",\"url\":\"https:\\\/\\\/gandginstruments.hu\\\/\",\"name\":\"G&amp;G\",\"description\":\"\",\"publisher\":{\"@id\":\"https:\\\/\\\/gandginstruments.hu\\\/#organization\"},\"potentialAction\":[{\"@type\":\"SearchAction\",\"target\":{\"@type\":\"EntryPoint\",\"urlTemplate\":\"https:\\\/\\\/gandginstruments.hu\\\/?s={search_term_string}\"},\"query-input\":{\"@type\":\"PropertyValueSpecification\",\"valueRequired\":true,\"valueName\":\"search_term_string\"}}],\"inLanguage\":\"en-GB\"},{\"@type\":\"Organization\",\"@id\":\"https:\\\/\\\/gandginstruments.hu\\\/#organization\",\"name\":\"G&amp;G\",\"url\":\"https:\\\/\\\/gandginstruments.hu\\\/\",\"logo\":{\"@type\":\"ImageObject\",\"inLanguage\":\"en-GB\",\"@id\":\"https:\\\/\\\/gandginstruments.hu\\\/#\\\/schema\\\/logo\\\/image\\\/\",\"url\":\"https:\\\/\\\/gandginstruments.hu\\\/wp-content\\\/uploads\\\/2024\\\/04\\\/GG-logo-1.png\",\"contentUrl\":\"https:\\\/\\\/gandginstruments.hu\\\/wp-content\\\/uploads\\\/2024\\\/04\\\/GG-logo-1.png\",\"width\":606,\"height\":120,\"caption\":\"G&amp;G\"},\"image\":{\"@id\":\"https:\\\/\\\/gandginstruments.hu\\\/#\\\/schema\\\/logo\\\/image\\\/\"}}]}<\/script>\n<!-- \/ Yoast SEO plugin. -->","yoast_head_json":{"title":"Breakthrough Analyzer - G&amp;G","robots":{"index":"index","follow":"follow","max-snippet":"max-snippet:-1","max-image-preview":"max-image-preview:large","max-video-preview":"max-video-preview:-1"},"canonical":"https:\/\/gandginstruments.hu\/en\/product\/breakthrough-analyzer\/","og_locale":"en_GB","og_type":"article","og_title":"Breakthrough Analyzer - G&amp;G","og_description":"A kiv\u00e1l\u00f3 kialak\u00edt\u00e1s minimaliz\u00e1lja a holt t\u00e9rfogatot, \u00e9s pontos m\u00e9r\u00e9seket tesz lehet\u0151v\u00e9 Ak\u00e1r 6 prec\u00edzi\u00f3s t\u00f6meg\u00e1ram-szab\u00e1lyoz\u00f3val \u00e9s 2 g\u0151zforr\u00e1ssal konfigur\u00e1lhat\u00f3 Szabadalmaztatott, nagy teljes\u00edtm\u00e9ny\u0171 kever\u0151szelepek Mintaaktiv\u00e1l\u00e1s 1050 \u2103-ig A termoszt\u00e1lt k\u00f6rnyezeti kamra (hot box) egyenletes h\u0151m\u00e9rs\u00e9klet szab\u00e1lyoz\u00e1st biztos\u00edt, m\u00e9g g\u0151z\u00f6k haszn\u00e1lata eset\u00e9n is K\u00f6nnyen csatlakoztathat\u00f3 kereskedelmi t\u00f6megspektrom\u00e9terhez (MS) \u00e9s Fourier-transzform\u00e1ci\u00f3s infrav\u00f6r\u00f6s spektrom\u00e9terhez (FTIR) Biztons\u00e1gos ajt\u00f3z\u00e1r rendszer [&hellip;]","og_url":"https:\/\/gandginstruments.hu\/en\/product\/breakthrough-analyzer\/","og_site_name":"G&amp;G","article_modified_time":"2024-09-04T12:38:42+00:00","og_image":[{"width":1200,"height":1200,"url":"https:\/\/gandginstruments.hu\/wp-content\/uploads\/2024\/08\/Breakthrough-Analyzer_0003_bta_fokep.jpg","type":"image\/jpeg"}],"twitter_card":"summary_large_image","twitter_misc":{"Estimated reading time":"1 minute"},"schema":{"@context":"https:\/\/schema.org","@graph":[{"@type":"WebPage","@id":"https:\/\/gandginstruments.hu\/termek\/breakthrough-analyzer\/","url":"https:\/\/gandginstruments.hu\/termek\/breakthrough-analyzer\/","name":"Breakthrough Analyzer - G&amp;G","isPartOf":{"@id":"https:\/\/gandginstruments.hu\/#website"},"primaryImageOfPage":{"@id":"https:\/\/gandginstruments.hu\/termek\/breakthrough-analyzer\/#primaryimage"},"image":{"@id":"https:\/\/gandginstruments.hu\/termek\/breakthrough-analyzer\/#primaryimage"},"thumbnailUrl":"https:\/\/gandginstruments.hu\/wp-content\/uploads\/2024\/08\/Breakthrough-Analyzer_0003_bta_fokep.jpg","datePublished":"2024-04-24T12:51:45+00:00","dateModified":"2024-09-04T12:38:42+00:00","breadcrumb":{"@id":"https:\/\/gandginstruments.hu\/termek\/breakthrough-analyzer\/#breadcrumb"},"inLanguage":"en-GB","potentialAction":[{"@type":"ReadAction","target":["https:\/\/gandginstruments.hu\/termek\/breakthrough-analyzer\/"]}]},{"@type":"ImageObject","inLanguage":"en-GB","@id":"https:\/\/gandginstruments.hu\/termek\/breakthrough-analyzer\/#primaryimage","url":"https:\/\/gandginstruments.hu\/wp-content\/uploads\/2024\/08\/Breakthrough-Analyzer_0003_bta_fokep.jpg","contentUrl":"https:\/\/gandginstruments.hu\/wp-content\/uploads\/2024\/08\/Breakthrough-Analyzer_0003_bta_fokep.jpg","width":1200,"height":1200},{"@type":"BreadcrumbList","@id":"https:\/\/gandginstruments.hu\/termek\/breakthrough-analyzer\/#breadcrumb","itemListElement":[{"@type":"ListItem","position":1,"name":"F\u0151oldal","item":"https:\/\/gandginstruments.hu\/"},{"@type":"ListItem","position":2,"name":"Shop","item":"https:\/\/gandginstruments.hu\/uzlet\/"},{"@type":"ListItem","position":3,"name":"Term\u00e9kcsal\u00e1dok","item":"https:\/\/gandginstruments.hu\/termekkategoria\/termekcsaladok\/"},{"@type":"ListItem","position":4,"name":"Anyagvizsg\u00e1lat","item":"https:\/\/gandginstruments.hu\/termekkategoria\/termekcsaladok\/anyagvizsgalat\/"},{"@type":"ListItem","position":5,"name":"Breakthrough Analyzer"}]},{"@type":"WebSite","@id":"https:\/\/gandginstruments.hu\/#website","url":"https:\/\/gandginstruments.hu\/","name":"G&amp;G","description":"","publisher":{"@id":"https:\/\/gandginstruments.hu\/#organization"},"potentialAction":[{"@type":"SearchAction","target":{"@type":"EntryPoint","urlTemplate":"https:\/\/gandginstruments.hu\/?s={search_term_string}"},"query-input":{"@type":"PropertyValueSpecification","valueRequired":true,"valueName":"search_term_string"}}],"inLanguage":"en-GB"},{"@type":"Organization","@id":"https:\/\/gandginstruments.hu\/#organization","name":"G&amp;G","url":"https:\/\/gandginstruments.hu\/","logo":{"@type":"ImageObject","inLanguage":"en-GB","@id":"https:\/\/gandginstruments.hu\/#\/schema\/logo\/image\/","url":"https:\/\/gandginstruments.hu\/wp-content\/uploads\/2024\/04\/GG-logo-1.png","contentUrl":"https:\/\/gandginstruments.hu\/wp-content\/uploads\/2024\/04\/GG-logo-1.png","width":606,"height":120,"caption":"G&amp;G"},"image":{"@id":"https:\/\/gandginstruments.hu\/#\/schema\/logo\/image\/"}}]}},"_links":{"self":[{"href":"https:\/\/gandginstruments.hu\/en\/wp-json\/wp\/v2\/product\/957","targetHints":{"allow":["GET"]}}],"collection":[{"href":"https:\/\/gandginstruments.hu\/en\/wp-json\/wp\/v2\/product"}],"about":[{"href":"https:\/\/gandginstruments.hu\/en\/wp-json\/wp\/v2\/types\/product"}],"wp:featuredmedia":[{"embeddable":true,"href":"https:\/\/gandginstruments.hu\/en\/wp-json\/wp\/v2\/media\/3475"}],"wp:attachment":[{"href":"https:\/\/gandginstruments.hu\/en\/wp-json\/wp\/v2\/media?parent=957"}],"wp:term":[{"taxonomy":"product_brand","embeddable":true,"href":"https:\/\/gandginstruments.hu\/en\/wp-json\/wp\/v2\/product_brand?post=957"},{"taxonomy":"product_cat","embeddable":true,"href":"https:\/\/gandginstruments.hu\/en\/wp-json\/wp\/v2\/product_cat?post=957"},{"taxonomy":"product_tag","embeddable":true,"href":"https:\/\/gandginstruments.hu\/en\/wp-json\/wp\/v2\/product_tag?post=957"}],"curies":[{"name":"wp","href":"https:\/\/api.w.org\/{rel}","templated":true}]}}