{"id":903,"date":"2024-04-24T10:42:04","date_gmt":"2024-04-24T10:42:04","guid":{"rendered":"http:\/\/gandginstruments.hu\/?post_type=product&#038;p=903"},"modified":"2024-11-12T16:44:23","modified_gmt":"2024-11-12T15:44:23","slug":"3flex","status":"publish","type":"product","link":"https:\/\/gandginstruments.hu\/en\/product\/3flex\/","title":{"rendered":"3Flex"},"content":{"rendered":"<ul>\n<li aria-level=\"1\">High precision gas adsorption for surface area and porosity measurements<\/li>\n<li aria-level=\"1\">Vapor sorption for application specific studies<\/li>\n<li aria-level=\"1\">Chemisorption and dynamic adsorption studies for characterizing active surfaces<\/li>\n<li aria-level=\"1\">Analysis sequencing for automatically measuring physisorption, chemisorption, and dynamic sorption on a single sample<\/li>\n<\/ul>","protected":false},"excerpt":{"rendered":"<p>Nagy pontoss\u00e1g\u00fa \u00e9s teljes\u00edtm\u00e9ny\u0171 fajlagos fel\u00fcletet \u00e9s porozit\u00e1st m\u00e9r\u0151 g\u00e1zadszorpci\u00f3s k\u00e9sz\u00fcl\u00e9k. G\u0151zadszorpci\u00f3 kivitelez\u00e9se is lehets\u00e9ges. Kemiszorpci\u00f3 \u00e9s dinamikus adszorpci\u00f3 opci\u00f3 az akt\u00edv fel\u00fcletek, f\u00e9r\u0151helyek jellemz\u00e9se c\u00e9lj\u00e1b\u00f3l. Statikus fiziszorpci\u00f3 \u00e9s kemiszorpci\u00f3 egym\u00e1st k\u00f6vet\u0151 kivitelez\u00e9se egyetlen mint\u00e1n.<\/p>","protected":false},"featured_media":1381,"template":"","meta":{"_acf_changed":false},"product_brand":[],"product_cat":[27,62,45,104,86,105,46,116,93,112],"product_tag":[],"class_list":{"0":"post-903","1":"product","2":"type-product","3":"status-publish","4":"has-post-thumbnail","6":"product_cat-anyagvizsgalat","7":"product_cat-fajlagos-felulet-bet","8":"product_cat-fajlagos-feluletmerok","9":"product_cat-femek","10":"product_cat-femipar","11":"product_cat-femorganikus-vegyuletek","12":"product_cat-katalizatorjellemzo-keszulekek","13":"product_cat-micromeritics","14":"product_cat-muanyagipar","15":"product_cat-szen","17":"first","18":"instock","19":"shipping-taxable","20":"product-type-simple"},"acf":[],"yoast_head":"<!-- This site is optimized with the Yoast SEO plugin v27.5 - https:\/\/yoast.com\/product\/yoast-seo-wordpress\/ -->\n<title>3Flex - G&amp;G<\/title>\n<meta name=\"robots\" content=\"index, follow, max-snippet:-1, max-image-preview:large, max-video-preview:-1\" \/>\n<link rel=\"canonical\" href=\"https:\/\/gandginstruments.hu\/en\/product\/3flex\/\" \/>\n<meta property=\"og:locale\" content=\"en_GB\" \/>\n<meta property=\"og:type\" content=\"article\" \/>\n<meta property=\"og:title\" content=\"3Flex - G&amp;G\" \/>\n<meta property=\"og:description\" content=\"Nagy pontoss\u00e1g\u00fa \u00e9s teljes\u00edtm\u00e9ny\u0171 fajlagos fel\u00fcletet \u00e9s porozit\u00e1st m\u00e9r\u0151 g\u00e1zadszorpci\u00f3s k\u00e9sz\u00fcl\u00e9k. G\u0151zadszorpci\u00f3 kivitelez\u00e9se is lehets\u00e9ges. Kemiszorpci\u00f3 \u00e9s dinamikus adszorpci\u00f3 opci\u00f3 az akt\u00edv fel\u00fcletek, f\u00e9r\u0151helyek jellemz\u00e9se c\u00e9lj\u00e1b\u00f3l. Statikus fiziszorpci\u00f3 \u00e9s kemiszorpci\u00f3 egym\u00e1st k\u00f6vet\u0151 kivitelez\u00e9se egyetlen mint\u00e1n.\" \/>\n<meta property=\"og:url\" content=\"https:\/\/gandginstruments.hu\/en\/product\/3flex\/\" \/>\n<meta property=\"og:site_name\" content=\"G&amp;G\" \/>\n<meta property=\"article:modified_time\" content=\"2024-11-12T15:44:23+00:00\" \/>\n<meta property=\"og:image\" content=\"https:\/\/gandginstruments.hu\/wp-content\/uploads\/2024\/04\/3Flex_0000_fokep.jpg\" \/>\n\t<meta property=\"og:image:width\" content=\"1200\" \/>\n\t<meta property=\"og:image:height\" content=\"1200\" \/>\n\t<meta property=\"og:image:type\" content=\"image\/jpeg\" \/>\n<meta name=\"twitter:card\" content=\"summary_large_image\" \/>\n<meta name=\"twitter:label1\" content=\"Estimated reading time\" \/>\n\t<meta name=\"twitter:data1\" content=\"1 minute\" \/>\n<script type=\"application\/ld+json\" class=\"yoast-schema-graph\">{\"@context\":\"https:\\\/\\\/schema.org\",\"@graph\":[{\"@type\":\"WebPage\",\"@id\":\"https:\\\/\\\/gandginstruments.hu\\\/termek\\\/3flex\\\/\",\"url\":\"https:\\\/\\\/gandginstruments.hu\\\/termek\\\/3flex\\\/\",\"name\":\"3Flex - G&amp;G\",\"isPartOf\":{\"@id\":\"https:\\\/\\\/gandginstruments.hu\\\/#website\"},\"primaryImageOfPage\":{\"@id\":\"https:\\\/\\\/gandginstruments.hu\\\/termek\\\/3flex\\\/#primaryimage\"},\"image\":{\"@id\":\"https:\\\/\\\/gandginstruments.hu\\\/termek\\\/3flex\\\/#primaryimage\"},\"thumbnailUrl\":\"https:\\\/\\\/gandginstruments.hu\\\/wp-content\\\/uploads\\\/2024\\\/04\\\/3Flex_0000_fokep.jpg\",\"datePublished\":\"2024-04-24T10:42:04+00:00\",\"dateModified\":\"2024-11-12T15:44:23+00:00\",\"breadcrumb\":{\"@id\":\"https:\\\/\\\/gandginstruments.hu\\\/termek\\\/3flex\\\/#breadcrumb\"},\"inLanguage\":\"en-GB\",\"potentialAction\":[{\"@type\":\"ReadAction\",\"target\":[\"https:\\\/\\\/gandginstruments.hu\\\/termek\\\/3flex\\\/\"]}]},{\"@type\":\"ImageObject\",\"inLanguage\":\"en-GB\",\"@id\":\"https:\\\/\\\/gandginstruments.hu\\\/termek\\\/3flex\\\/#primaryimage\",\"url\":\"https:\\\/\\\/gandginstruments.hu\\\/wp-content\\\/uploads\\\/2024\\\/04\\\/3Flex_0000_fokep.jpg\",\"contentUrl\":\"https:\\\/\\\/gandginstruments.hu\\\/wp-content\\\/uploads\\\/2024\\\/04\\\/3Flex_0000_fokep.jpg\",\"width\":1200,\"height\":1200},{\"@type\":\"BreadcrumbList\",\"@id\":\"https:\\\/\\\/gandginstruments.hu\\\/termek\\\/3flex\\\/#breadcrumb\",\"itemListElement\":[{\"@type\":\"ListItem\",\"position\":1,\"name\":\"F\u0151oldal\",\"item\":\"https:\\\/\\\/gandginstruments.hu\\\/\"},{\"@type\":\"ListItem\",\"position\":2,\"name\":\"Shop\",\"item\":\"https:\\\/\\\/gandginstruments.hu\\\/uzlet\\\/\"},{\"@type\":\"ListItem\",\"position\":3,\"name\":\"Term\u00e9kcsal\u00e1dok\",\"item\":\"https:\\\/\\\/gandginstruments.hu\\\/termekkategoria\\\/termekcsaladok\\\/\"},{\"@type\":\"ListItem\",\"position\":4,\"name\":\"Anyagvizsg\u00e1lat\",\"item\":\"https:\\\/\\\/gandginstruments.hu\\\/termekkategoria\\\/termekcsaladok\\\/anyagvizsgalat\\\/\"},{\"@type\":\"ListItem\",\"position\":5,\"name\":\"3Flex\"}]},{\"@type\":\"WebSite\",\"@id\":\"https:\\\/\\\/gandginstruments.hu\\\/#website\",\"url\":\"https:\\\/\\\/gandginstruments.hu\\\/\",\"name\":\"G&amp;G\",\"description\":\"\",\"publisher\":{\"@id\":\"https:\\\/\\\/gandginstruments.hu\\\/#organization\"},\"potentialAction\":[{\"@type\":\"SearchAction\",\"target\":{\"@type\":\"EntryPoint\",\"urlTemplate\":\"https:\\\/\\\/gandginstruments.hu\\\/?s={search_term_string}\"},\"query-input\":{\"@type\":\"PropertyValueSpecification\",\"valueRequired\":true,\"valueName\":\"search_term_string\"}}],\"inLanguage\":\"en-GB\"},{\"@type\":\"Organization\",\"@id\":\"https:\\\/\\\/gandginstruments.hu\\\/#organization\",\"name\":\"G&amp;G\",\"url\":\"https:\\\/\\\/gandginstruments.hu\\\/\",\"logo\":{\"@type\":\"ImageObject\",\"inLanguage\":\"en-GB\",\"@id\":\"https:\\\/\\\/gandginstruments.hu\\\/#\\\/schema\\\/logo\\\/image\\\/\",\"url\":\"https:\\\/\\\/gandginstruments.hu\\\/wp-content\\\/uploads\\\/2024\\\/04\\\/GG-logo-1.png\",\"contentUrl\":\"https:\\\/\\\/gandginstruments.hu\\\/wp-content\\\/uploads\\\/2024\\\/04\\\/GG-logo-1.png\",\"width\":606,\"height\":120,\"caption\":\"G&amp;G\"},\"image\":{\"@id\":\"https:\\\/\\\/gandginstruments.hu\\\/#\\\/schema\\\/logo\\\/image\\\/\"}}]}<\/script>\n<!-- \/ Yoast SEO plugin. -->","yoast_head_json":{"title":"3Flex - G&amp;G","robots":{"index":"index","follow":"follow","max-snippet":"max-snippet:-1","max-image-preview":"max-image-preview:large","max-video-preview":"max-video-preview:-1"},"canonical":"https:\/\/gandginstruments.hu\/en\/product\/3flex\/","og_locale":"en_GB","og_type":"article","og_title":"3Flex - G&amp;G","og_description":"Nagy pontoss\u00e1g\u00fa \u00e9s teljes\u00edtm\u00e9ny\u0171 fajlagos fel\u00fcletet \u00e9s porozit\u00e1st m\u00e9r\u0151 g\u00e1zadszorpci\u00f3s k\u00e9sz\u00fcl\u00e9k. G\u0151zadszorpci\u00f3 kivitelez\u00e9se is lehets\u00e9ges. Kemiszorpci\u00f3 \u00e9s dinamikus adszorpci\u00f3 opci\u00f3 az akt\u00edv fel\u00fcletek, f\u00e9r\u0151helyek jellemz\u00e9se c\u00e9lj\u00e1b\u00f3l. Statikus fiziszorpci\u00f3 \u00e9s kemiszorpci\u00f3 egym\u00e1st k\u00f6vet\u0151 kivitelez\u00e9se egyetlen mint\u00e1n.","og_url":"https:\/\/gandginstruments.hu\/en\/product\/3flex\/","og_site_name":"G&amp;G","article_modified_time":"2024-11-12T15:44:23+00:00","og_image":[{"width":1200,"height":1200,"url":"https:\/\/gandginstruments.hu\/wp-content\/uploads\/2024\/04\/3Flex_0000_fokep.jpg","type":"image\/jpeg"}],"twitter_card":"summary_large_image","twitter_misc":{"Estimated reading time":"1 minute"},"schema":{"@context":"https:\/\/schema.org","@graph":[{"@type":"WebPage","@id":"https:\/\/gandginstruments.hu\/termek\/3flex\/","url":"https:\/\/gandginstruments.hu\/termek\/3flex\/","name":"3Flex - G&amp;G","isPartOf":{"@id":"https:\/\/gandginstruments.hu\/#website"},"primaryImageOfPage":{"@id":"https:\/\/gandginstruments.hu\/termek\/3flex\/#primaryimage"},"image":{"@id":"https:\/\/gandginstruments.hu\/termek\/3flex\/#primaryimage"},"thumbnailUrl":"https:\/\/gandginstruments.hu\/wp-content\/uploads\/2024\/04\/3Flex_0000_fokep.jpg","datePublished":"2024-04-24T10:42:04+00:00","dateModified":"2024-11-12T15:44:23+00:00","breadcrumb":{"@id":"https:\/\/gandginstruments.hu\/termek\/3flex\/#breadcrumb"},"inLanguage":"en-GB","potentialAction":[{"@type":"ReadAction","target":["https:\/\/gandginstruments.hu\/termek\/3flex\/"]}]},{"@type":"ImageObject","inLanguage":"en-GB","@id":"https:\/\/gandginstruments.hu\/termek\/3flex\/#primaryimage","url":"https:\/\/gandginstruments.hu\/wp-content\/uploads\/2024\/04\/3Flex_0000_fokep.jpg","contentUrl":"https:\/\/gandginstruments.hu\/wp-content\/uploads\/2024\/04\/3Flex_0000_fokep.jpg","width":1200,"height":1200},{"@type":"BreadcrumbList","@id":"https:\/\/gandginstruments.hu\/termek\/3flex\/#breadcrumb","itemListElement":[{"@type":"ListItem","position":1,"name":"F\u0151oldal","item":"https:\/\/gandginstruments.hu\/"},{"@type":"ListItem","position":2,"name":"Shop","item":"https:\/\/gandginstruments.hu\/uzlet\/"},{"@type":"ListItem","position":3,"name":"Term\u00e9kcsal\u00e1dok","item":"https:\/\/gandginstruments.hu\/termekkategoria\/termekcsaladok\/"},{"@type":"ListItem","position":4,"name":"Anyagvizsg\u00e1lat","item":"https:\/\/gandginstruments.hu\/termekkategoria\/termekcsaladok\/anyagvizsgalat\/"},{"@type":"ListItem","position":5,"name":"3Flex"}]},{"@type":"WebSite","@id":"https:\/\/gandginstruments.hu\/#website","url":"https:\/\/gandginstruments.hu\/","name":"G&amp;G","description":"","publisher":{"@id":"https:\/\/gandginstruments.hu\/#organization"},"potentialAction":[{"@type":"SearchAction","target":{"@type":"EntryPoint","urlTemplate":"https:\/\/gandginstruments.hu\/?s={search_term_string}"},"query-input":{"@type":"PropertyValueSpecification","valueRequired":true,"valueName":"search_term_string"}}],"inLanguage":"en-GB"},{"@type":"Organization","@id":"https:\/\/gandginstruments.hu\/#organization","name":"G&amp;G","url":"https:\/\/gandginstruments.hu\/","logo":{"@type":"ImageObject","inLanguage":"en-GB","@id":"https:\/\/gandginstruments.hu\/#\/schema\/logo\/image\/","url":"https:\/\/gandginstruments.hu\/wp-content\/uploads\/2024\/04\/GG-logo-1.png","contentUrl":"https:\/\/gandginstruments.hu\/wp-content\/uploads\/2024\/04\/GG-logo-1.png","width":606,"height":120,"caption":"G&amp;G"},"image":{"@id":"https:\/\/gandginstruments.hu\/#\/schema\/logo\/image\/"}}]}},"_links":{"self":[{"href":"https:\/\/gandginstruments.hu\/en\/wp-json\/wp\/v2\/product\/903","targetHints":{"allow":["GET"]}}],"collection":[{"href":"https:\/\/gandginstruments.hu\/en\/wp-json\/wp\/v2\/product"}],"about":[{"href":"https:\/\/gandginstruments.hu\/en\/wp-json\/wp\/v2\/types\/product"}],"wp:featuredmedia":[{"embeddable":true,"href":"https:\/\/gandginstruments.hu\/en\/wp-json\/wp\/v2\/media\/1381"}],"wp:attachment":[{"href":"https:\/\/gandginstruments.hu\/en\/wp-json\/wp\/v2\/media?parent=903"}],"wp:term":[{"taxonomy":"product_brand","embeddable":true,"href":"https:\/\/gandginstruments.hu\/en\/wp-json\/wp\/v2\/product_brand?post=903"},{"taxonomy":"product_cat","embeddable":true,"href":"https:\/\/gandginstruments.hu\/en\/wp-json\/wp\/v2\/product_cat?post=903"},{"taxonomy":"product_tag","embeddable":true,"href":"https:\/\/gandginstruments.hu\/en\/wp-json\/wp\/v2\/product_tag?post=903"}],"curies":[{"name":"wp","href":"https:\/\/api.w.org\/{rel}","templated":true}]}}