{"id":674,"date":"2024-04-22T09:38:09","date_gmt":"2024-04-22T09:38:09","guid":{"rendered":"http:\/\/gandginstruments.hu\/?post_type=product&#038;p=674"},"modified":"2024-09-04T14:30:00","modified_gmt":"2024-09-04T12:30:00","slug":"autopore-v","status":"publish","type":"product","link":"https:\/\/gandginstruments.hu\/en\/product\/autopore-v\/","title":{"rendered":"AutoPore V"},"content":{"rendered":"<ul>\n<li style=\"font-weight: 400;\" aria-level=\"1\"><span style=\"font-weight: 400;\">Ability to measure pore sizes from as small as 3 nm to as large at 1100 \u00b5m.\u00a0<\/span><\/li>\n<li style=\"font-weight: 400;\" aria-level=\"1\"><span style=\"font-weight: 400;\">High resolution analysis available for macroporous and mesoporous materials allowing tighter quality control and providing detailed data for research, both for intrusion and extrusion.\u00a0<\/span><\/li>\n<li style=\"font-weight: 400;\" aria-level=\"1\"><span style=\"font-weight: 400;\">New enhancements focus on improving operator safety.\u00a0<\/span><\/li>\n<li style=\"font-weight: 400;\" aria-level=\"1\"><span style=\"font-weight: 400;\">Multiple configurations available to allow tailoring of instrument to user needs, in terms of number of analysis ports as well as operating pressure range.<\/span><\/li>\n<li style=\"font-weight: 400;\" aria-level=\"1\"><span style=\"font-weight: 400;\">Multiple analysis modes available to provide both rapid and detailed analyses, focusing on speed or resolution as needed.\u00a0<\/span><\/li>\n<li style=\"font-weight: 400;\" aria-level=\"1\"><span style=\"font-weight: 400;\">Configurable reporting options to get the most out of the collected data.<\/span><\/li>\n<\/ul>","protected":false},"excerpt":{"rendered":"<p>P\u00f3rusm\u00e9retek meghat\u00e1roz\u00e1sa 3 nm-t\u0151l eg\u00e9szen 1100 \u00b5m-ig.\u00a0 A mezo- \u00e9s makrop\u00f3rusos anyagok nagy felbont\u00e1s\u00fa elemz\u00e9se szigor\u00fabb min\u0151s\u00e9g-ellen\u0151rz\u00e9st tesz lehet\u0151v\u00e9, \u00e9s r\u00e9szletes adatokat szolg\u00e1ltat a kutat\u00e1sokhoz, mind a higany intr\u00fazi\u00f3t, mind a higany extr\u00fazi\u00f3t illet\u0151en.\u00a0 Az \u00faj fejleszt\u00e9sek a m\u0171szert kezel\u0151 biztons\u00e1g\u00e1nak jav\u00edt\u00e1s\u00e1ra \u00f6sszpontos\u00edtanak.\u00a0 T\u00f6bbf\u00e9le konfigur\u00e1ci\u00f3 \u00e1ll rendelkez\u00e9sre az anal\u00edzis portok \u00e9s \u00fczemi nyom\u00e1startom\u00e1nyt illet\u0151en, amelyek [&hellip;]<\/p>\n","protected":false},"featured_media":1397,"template":"","meta":{"_acf_changed":false},"product_brand":[],"product_cat":[77,97,98,79,27,99,80,81,100,84,105,89,107,108,90,91,116,93,110,53,70,71,112,113,114,96],"product_tag":[],"class_list":{"0":"post-674","1":"product","2":"type-product","3":"status-publish","4":"has-post-thumbnail","6":"product_cat-additiv-gyartastechnologiak","7":"product_cat-adszorbensek","8":"product_cat-akkumulator-alapanyagok-es-komponensek","9":"product_cat-akkumulator-es-energia-tarolas","10":"product_cat-anyagvizsgalat","11":"product_cat-asvanyok-es-kozetek","12":"product_cat-autoipar","13":"product_cat-banyaszat","14":"product_cat-cement","15":"product_cat-epitoipar","16":"product_cat-femorganikus-vegyuletek","17":"product_cat-katalizatorfejlesztes","18":"product_cat-katalizatorok","19":"product_cat-keramia","20":"product_cat-keramiaipar","21":"product_cat-koolajipar","22":"product_cat-micromeritics","23":"product_cat-muanyagipar","24":"product_cat-muanyagok-polimerek","25":"product_cat-porometerek-es-porozitasmerok","26":"product_cat-porozitas-es-porusterfogat","27":"product_cat-porusmeret-es-mereteloszlas","28":"product_cat-szen","29":"product_cat-szuro-kozeg","30":"product_cat-talaj","31":"product_cat-vegyipar","33":"first","34":"instock","35":"shipping-taxable","36":"product-type-simple"},"acf":[],"yoast_head":"<!-- This site is optimized with the Yoast SEO plugin v27.4 - https:\/\/yoast.com\/product\/yoast-seo-wordpress\/ -->\n<title>AutoPore V - G&amp;G<\/title>\n<meta name=\"robots\" content=\"index, follow, max-snippet:-1, max-image-preview:large, max-video-preview:-1\" \/>\n<link rel=\"canonical\" href=\"https:\/\/gandginstruments.hu\/en\/product\/autopore-v\/\" \/>\n<meta property=\"og:locale\" content=\"en_GB\" \/>\n<meta property=\"og:type\" content=\"article\" \/>\n<meta property=\"og:title\" content=\"AutoPore V - G&amp;G\" \/>\n<meta property=\"og:description\" content=\"P\u00f3rusm\u00e9retek meghat\u00e1roz\u00e1sa 3 nm-t\u0151l eg\u00e9szen 1100 \u00b5m-ig.\u00a0 A mezo- \u00e9s makrop\u00f3rusos anyagok nagy felbont\u00e1s\u00fa elemz\u00e9se szigor\u00fabb min\u0151s\u00e9g-ellen\u0151rz\u00e9st tesz lehet\u0151v\u00e9, \u00e9s r\u00e9szletes adatokat szolg\u00e1ltat a kutat\u00e1sokhoz, mind a higany intr\u00fazi\u00f3t, mind a higany extr\u00fazi\u00f3t illet\u0151en.\u00a0 Az \u00faj fejleszt\u00e9sek a m\u0171szert kezel\u0151 biztons\u00e1g\u00e1nak jav\u00edt\u00e1s\u00e1ra \u00f6sszpontos\u00edtanak.\u00a0 T\u00f6bbf\u00e9le konfigur\u00e1ci\u00f3 \u00e1ll rendelkez\u00e9sre az anal\u00edzis portok \u00e9s \u00fczemi nyom\u00e1startom\u00e1nyt illet\u0151en, amelyek [&hellip;]\" \/>\n<meta property=\"og:url\" content=\"https:\/\/gandginstruments.hu\/en\/product\/autopore-v\/\" \/>\n<meta property=\"og:site_name\" content=\"G&amp;G\" \/>\n<meta property=\"article:modified_time\" content=\"2024-09-04T12:30:00+00:00\" \/>\n<meta property=\"og:image\" content=\"https:\/\/gandginstruments.hu\/wp-content\/uploads\/2024\/04\/Autopore_V_fokep.jpg\" \/>\n\t<meta property=\"og:image:width\" content=\"300\" \/>\n\t<meta property=\"og:image:height\" content=\"300\" \/>\n\t<meta property=\"og:image:type\" content=\"image\/jpeg\" \/>\n<meta name=\"twitter:card\" content=\"summary_large_image\" \/>\n<meta name=\"twitter:label1\" content=\"Estimated reading time\" \/>\n\t<meta name=\"twitter:data1\" content=\"1 minute\" \/>\n<script type=\"application\/ld+json\" class=\"yoast-schema-graph\">{\"@context\":\"https:\\\/\\\/schema.org\",\"@graph\":[{\"@type\":\"WebPage\",\"@id\":\"https:\\\/\\\/gandginstruments.hu\\\/termek\\\/autopore-v\\\/\",\"url\":\"https:\\\/\\\/gandginstruments.hu\\\/termek\\\/autopore-v\\\/\",\"name\":\"AutoPore V - G&amp;G\",\"isPartOf\":{\"@id\":\"https:\\\/\\\/gandginstruments.hu\\\/#website\"},\"primaryImageOfPage\":{\"@id\":\"https:\\\/\\\/gandginstruments.hu\\\/termek\\\/autopore-v\\\/#primaryimage\"},\"image\":{\"@id\":\"https:\\\/\\\/gandginstruments.hu\\\/termek\\\/autopore-v\\\/#primaryimage\"},\"thumbnailUrl\":\"https:\\\/\\\/gandginstruments.hu\\\/wp-content\\\/uploads\\\/2024\\\/04\\\/Autopore_V_fokep.jpg\",\"datePublished\":\"2024-04-22T09:38:09+00:00\",\"dateModified\":\"2024-09-04T12:30:00+00:00\",\"breadcrumb\":{\"@id\":\"https:\\\/\\\/gandginstruments.hu\\\/termek\\\/autopore-v\\\/#breadcrumb\"},\"inLanguage\":\"en-GB\",\"potentialAction\":[{\"@type\":\"ReadAction\",\"target\":[\"https:\\\/\\\/gandginstruments.hu\\\/termek\\\/autopore-v\\\/\"]}]},{\"@type\":\"ImageObject\",\"inLanguage\":\"en-GB\",\"@id\":\"https:\\\/\\\/gandginstruments.hu\\\/termek\\\/autopore-v\\\/#primaryimage\",\"url\":\"https:\\\/\\\/gandginstruments.hu\\\/wp-content\\\/uploads\\\/2024\\\/04\\\/Autopore_V_fokep.jpg\",\"contentUrl\":\"https:\\\/\\\/gandginstruments.hu\\\/wp-content\\\/uploads\\\/2024\\\/04\\\/Autopore_V_fokep.jpg\",\"width\":300,\"height\":300},{\"@type\":\"BreadcrumbList\",\"@id\":\"https:\\\/\\\/gandginstruments.hu\\\/termek\\\/autopore-v\\\/#breadcrumb\",\"itemListElement\":[{\"@type\":\"ListItem\",\"position\":1,\"name\":\"F\u0151oldal\",\"item\":\"https:\\\/\\\/gandginstruments.hu\\\/\"},{\"@type\":\"ListItem\",\"position\":2,\"name\":\"Shop\",\"item\":\"https:\\\/\\\/gandginstruments.hu\\\/uzlet\\\/\"},{\"@type\":\"ListItem\",\"position\":3,\"name\":\"Term\u00e9kcsal\u00e1dok\",\"item\":\"https:\\\/\\\/gandginstruments.hu\\\/termekkategoria\\\/termekcsaladok\\\/\"},{\"@type\":\"ListItem\",\"position\":4,\"name\":\"Anyagvizsg\u00e1lat\",\"item\":\"https:\\\/\\\/gandginstruments.hu\\\/termekkategoria\\\/termekcsaladok\\\/anyagvizsgalat\\\/\"},{\"@type\":\"ListItem\",\"position\":5,\"name\":\"AutoPore V\"}]},{\"@type\":\"WebSite\",\"@id\":\"https:\\\/\\\/gandginstruments.hu\\\/#website\",\"url\":\"https:\\\/\\\/gandginstruments.hu\\\/\",\"name\":\"G&amp;G\",\"description\":\"\",\"publisher\":{\"@id\":\"https:\\\/\\\/gandginstruments.hu\\\/#organization\"},\"potentialAction\":[{\"@type\":\"SearchAction\",\"target\":{\"@type\":\"EntryPoint\",\"urlTemplate\":\"https:\\\/\\\/gandginstruments.hu\\\/?s={search_term_string}\"},\"query-input\":{\"@type\":\"PropertyValueSpecification\",\"valueRequired\":true,\"valueName\":\"search_term_string\"}}],\"inLanguage\":\"en-GB\"},{\"@type\":\"Organization\",\"@id\":\"https:\\\/\\\/gandginstruments.hu\\\/#organization\",\"name\":\"G&amp;G\",\"url\":\"https:\\\/\\\/gandginstruments.hu\\\/\",\"logo\":{\"@type\":\"ImageObject\",\"inLanguage\":\"en-GB\",\"@id\":\"https:\\\/\\\/gandginstruments.hu\\\/#\\\/schema\\\/logo\\\/image\\\/\",\"url\":\"https:\\\/\\\/gandginstruments.hu\\\/wp-content\\\/uploads\\\/2024\\\/04\\\/GG-logo-1.png\",\"contentUrl\":\"https:\\\/\\\/gandginstruments.hu\\\/wp-content\\\/uploads\\\/2024\\\/04\\\/GG-logo-1.png\",\"width\":606,\"height\":120,\"caption\":\"G&amp;G\"},\"image\":{\"@id\":\"https:\\\/\\\/gandginstruments.hu\\\/#\\\/schema\\\/logo\\\/image\\\/\"}}]}<\/script>\n<!-- \/ Yoast SEO plugin. -->","yoast_head_json":{"title":"AutoPore V - G&amp;G","robots":{"index":"index","follow":"follow","max-snippet":"max-snippet:-1","max-image-preview":"max-image-preview:large","max-video-preview":"max-video-preview:-1"},"canonical":"https:\/\/gandginstruments.hu\/en\/product\/autopore-v\/","og_locale":"en_GB","og_type":"article","og_title":"AutoPore V - G&amp;G","og_description":"P\u00f3rusm\u00e9retek meghat\u00e1roz\u00e1sa 3 nm-t\u0151l eg\u00e9szen 1100 \u00b5m-ig.\u00a0 A mezo- \u00e9s makrop\u00f3rusos anyagok nagy felbont\u00e1s\u00fa elemz\u00e9se szigor\u00fabb min\u0151s\u00e9g-ellen\u0151rz\u00e9st tesz lehet\u0151v\u00e9, \u00e9s r\u00e9szletes adatokat szolg\u00e1ltat a kutat\u00e1sokhoz, mind a higany intr\u00fazi\u00f3t, mind a higany extr\u00fazi\u00f3t illet\u0151en.\u00a0 Az \u00faj fejleszt\u00e9sek a m\u0171szert kezel\u0151 biztons\u00e1g\u00e1nak jav\u00edt\u00e1s\u00e1ra \u00f6sszpontos\u00edtanak.\u00a0 T\u00f6bbf\u00e9le konfigur\u00e1ci\u00f3 \u00e1ll rendelkez\u00e9sre az anal\u00edzis portok \u00e9s \u00fczemi nyom\u00e1startom\u00e1nyt illet\u0151en, amelyek [&hellip;]","og_url":"https:\/\/gandginstruments.hu\/en\/product\/autopore-v\/","og_site_name":"G&amp;G","article_modified_time":"2024-09-04T12:30:00+00:00","og_image":[{"width":300,"height":300,"url":"https:\/\/gandginstruments.hu\/wp-content\/uploads\/2024\/04\/Autopore_V_fokep.jpg","type":"image\/jpeg"}],"twitter_card":"summary_large_image","twitter_misc":{"Estimated reading time":"1 minute"},"schema":{"@context":"https:\/\/schema.org","@graph":[{"@type":"WebPage","@id":"https:\/\/gandginstruments.hu\/termek\/autopore-v\/","url":"https:\/\/gandginstruments.hu\/termek\/autopore-v\/","name":"AutoPore V - G&amp;G","isPartOf":{"@id":"https:\/\/gandginstruments.hu\/#website"},"primaryImageOfPage":{"@id":"https:\/\/gandginstruments.hu\/termek\/autopore-v\/#primaryimage"},"image":{"@id":"https:\/\/gandginstruments.hu\/termek\/autopore-v\/#primaryimage"},"thumbnailUrl":"https:\/\/gandginstruments.hu\/wp-content\/uploads\/2024\/04\/Autopore_V_fokep.jpg","datePublished":"2024-04-22T09:38:09+00:00","dateModified":"2024-09-04T12:30:00+00:00","breadcrumb":{"@id":"https:\/\/gandginstruments.hu\/termek\/autopore-v\/#breadcrumb"},"inLanguage":"en-GB","potentialAction":[{"@type":"ReadAction","target":["https:\/\/gandginstruments.hu\/termek\/autopore-v\/"]}]},{"@type":"ImageObject","inLanguage":"en-GB","@id":"https:\/\/gandginstruments.hu\/termek\/autopore-v\/#primaryimage","url":"https:\/\/gandginstruments.hu\/wp-content\/uploads\/2024\/04\/Autopore_V_fokep.jpg","contentUrl":"https:\/\/gandginstruments.hu\/wp-content\/uploads\/2024\/04\/Autopore_V_fokep.jpg","width":300,"height":300},{"@type":"BreadcrumbList","@id":"https:\/\/gandginstruments.hu\/termek\/autopore-v\/#breadcrumb","itemListElement":[{"@type":"ListItem","position":1,"name":"F\u0151oldal","item":"https:\/\/gandginstruments.hu\/"},{"@type":"ListItem","position":2,"name":"Shop","item":"https:\/\/gandginstruments.hu\/uzlet\/"},{"@type":"ListItem","position":3,"name":"Term\u00e9kcsal\u00e1dok","item":"https:\/\/gandginstruments.hu\/termekkategoria\/termekcsaladok\/"},{"@type":"ListItem","position":4,"name":"Anyagvizsg\u00e1lat","item":"https:\/\/gandginstruments.hu\/termekkategoria\/termekcsaladok\/anyagvizsgalat\/"},{"@type":"ListItem","position":5,"name":"AutoPore V"}]},{"@type":"WebSite","@id":"https:\/\/gandginstruments.hu\/#website","url":"https:\/\/gandginstruments.hu\/","name":"G&amp;G","description":"","publisher":{"@id":"https:\/\/gandginstruments.hu\/#organization"},"potentialAction":[{"@type":"SearchAction","target":{"@type":"EntryPoint","urlTemplate":"https:\/\/gandginstruments.hu\/?s={search_term_string}"},"query-input":{"@type":"PropertyValueSpecification","valueRequired":true,"valueName":"search_term_string"}}],"inLanguage":"en-GB"},{"@type":"Organization","@id":"https:\/\/gandginstruments.hu\/#organization","name":"G&amp;G","url":"https:\/\/gandginstruments.hu\/","logo":{"@type":"ImageObject","inLanguage":"en-GB","@id":"https:\/\/gandginstruments.hu\/#\/schema\/logo\/image\/","url":"https:\/\/gandginstruments.hu\/wp-content\/uploads\/2024\/04\/GG-logo-1.png","contentUrl":"https:\/\/gandginstruments.hu\/wp-content\/uploads\/2024\/04\/GG-logo-1.png","width":606,"height":120,"caption":"G&amp;G"},"image":{"@id":"https:\/\/gandginstruments.hu\/#\/schema\/logo\/image\/"}}]}},"_links":{"self":[{"href":"https:\/\/gandginstruments.hu\/en\/wp-json\/wp\/v2\/product\/674","targetHints":{"allow":["GET"]}}],"collection":[{"href":"https:\/\/gandginstruments.hu\/en\/wp-json\/wp\/v2\/product"}],"about":[{"href":"https:\/\/gandginstruments.hu\/en\/wp-json\/wp\/v2\/types\/product"}],"wp:featuredmedia":[{"embeddable":true,"href":"https:\/\/gandginstruments.hu\/en\/wp-json\/wp\/v2\/media\/1397"}],"wp:attachment":[{"href":"https:\/\/gandginstruments.hu\/en\/wp-json\/wp\/v2\/media?parent=674"}],"wp:term":[{"taxonomy":"product_brand","embeddable":true,"href":"https:\/\/gandginstruments.hu\/en\/wp-json\/wp\/v2\/product_brand?post=674"},{"taxonomy":"product_cat","embeddable":true,"href":"https:\/\/gandginstruments.hu\/en\/wp-json\/wp\/v2\/product_cat?post=674"},{"taxonomy":"product_tag","embeddable":true,"href":"https:\/\/gandginstruments.hu\/en\/wp-json\/wp\/v2\/product_tag?post=674"}],"curies":[{"name":"wp","href":"https:\/\/api.w.org\/{rel}","templated":true}]}}