{"id":1096,"date":"2024-04-25T12:58:53","date_gmt":"2024-04-25T12:58:53","guid":{"rendered":"http:\/\/gandginstruments.hu\/?post_type=product&#038;p=1096"},"modified":"2024-09-13T16:40:08","modified_gmt":"2024-09-13T14:40:08","slug":"chemometec-fogyoeszkozok-segedanyagok","status":"publish","type":"product","link":"https:\/\/gandginstruments.hu\/en\/product\/chemometec-fogyoeszkozok-segedanyagok\/","title":{"rendered":"Chemometec fogy\u00f3eszk\u00f6z\u00f6k, seg\u00e9danyagok"},"content":{"rendered":"","protected":false},"excerpt":{"rendered":"","protected":false},"featured_media":441,"template":"","meta":{"_acf_changed":false},"product_brand":[],"product_cat":[117,43,102],"product_tag":[],"class_list":{"0":"post-1096","1":"product","2":"type-product","3":"status-publish","4":"has-post-thumbnail","6":"product_cat-chemometec","7":"product_cat-fogyoeszkozok","8":"product_cat-segedanyagok","10":"first","11":"instock","12":"shipping-taxable","13":"product-type-simple"},"acf":[],"yoast_head":"<!-- This site is optimized with the Yoast SEO plugin v27.4 - https:\/\/yoast.com\/product\/yoast-seo-wordpress\/ -->\n<title>Chemometec fogy\u00f3eszk\u00f6z\u00f6k, seg\u00e9danyagok - G&amp;G<\/title>\n<meta name=\"robots\" content=\"index, follow, max-snippet:-1, max-image-preview:large, max-video-preview:-1\" \/>\n<link rel=\"canonical\" href=\"https:\/\/gandginstruments.hu\/en\/product\/chemometec-fogyoeszkozok-segedanyagok\/\" \/>\n<meta property=\"og:locale\" content=\"en_GB\" \/>\n<meta property=\"og:type\" content=\"article\" \/>\n<meta property=\"og:title\" content=\"Chemometec fogy\u00f3eszk\u00f6z\u00f6k, seg\u00e9danyagok - G&amp;G\" \/>\n<meta property=\"og:url\" content=\"https:\/\/gandginstruments.hu\/en\/product\/chemometec-fogyoeszkozok-segedanyagok\/\" \/>\n<meta property=\"og:site_name\" content=\"G&amp;G\" \/>\n<meta property=\"article:modified_time\" content=\"2024-09-13T14:40:08+00:00\" \/>\n<meta property=\"og:image\" content=\"https:\/\/gandginstruments.hu\/wp-content\/uploads\/2024\/04\/fogyoeszkozok.png\" \/>\n\t<meta property=\"og:image:width\" content=\"971\" \/>\n\t<meta property=\"og:image:height\" content=\"683\" \/>\n\t<meta property=\"og:image:type\" content=\"image\/png\" \/>\n<meta name=\"twitter:card\" content=\"summary_large_image\" \/>\n<meta name=\"twitter:label1\" content=\"Estimated reading time\" \/>\n\t<meta name=\"twitter:data1\" content=\"1 minute\" \/>\n<script type=\"application\/ld+json\" class=\"yoast-schema-graph\">{\"@context\":\"https:\\\/\\\/schema.org\",\"@graph\":[{\"@type\":\"WebPage\",\"@id\":\"https:\\\/\\\/gandginstruments.hu\\\/termek\\\/chemometec-fogyoeszkozok-segedanyagok\\\/\",\"url\":\"https:\\\/\\\/gandginstruments.hu\\\/termek\\\/chemometec-fogyoeszkozok-segedanyagok\\\/\",\"name\":\"Chemometec fogy\u00f3eszk\u00f6z\u00f6k, seg\u00e9danyagok - G&amp;G\",\"isPartOf\":{\"@id\":\"https:\\\/\\\/gandginstruments.hu\\\/#website\"},\"primaryImageOfPage\":{\"@id\":\"https:\\\/\\\/gandginstruments.hu\\\/termek\\\/chemometec-fogyoeszkozok-segedanyagok\\\/#primaryimage\"},\"image\":{\"@id\":\"https:\\\/\\\/gandginstruments.hu\\\/termek\\\/chemometec-fogyoeszkozok-segedanyagok\\\/#primaryimage\"},\"thumbnailUrl\":\"https:\\\/\\\/gandginstruments.hu\\\/wp-content\\\/uploads\\\/2024\\\/04\\\/fogyoeszkozok.png\",\"datePublished\":\"2024-04-25T12:58:53+00:00\",\"dateModified\":\"2024-09-13T14:40:08+00:00\",\"breadcrumb\":{\"@id\":\"https:\\\/\\\/gandginstruments.hu\\\/termek\\\/chemometec-fogyoeszkozok-segedanyagok\\\/#breadcrumb\"},\"inLanguage\":\"en-GB\",\"potentialAction\":[{\"@type\":\"ReadAction\",\"target\":[\"https:\\\/\\\/gandginstruments.hu\\\/termek\\\/chemometec-fogyoeszkozok-segedanyagok\\\/\"]}]},{\"@type\":\"ImageObject\",\"inLanguage\":\"en-GB\",\"@id\":\"https:\\\/\\\/gandginstruments.hu\\\/termek\\\/chemometec-fogyoeszkozok-segedanyagok\\\/#primaryimage\",\"url\":\"https:\\\/\\\/gandginstruments.hu\\\/wp-content\\\/uploads\\\/2024\\\/04\\\/fogyoeszkozok.png\",\"contentUrl\":\"https:\\\/\\\/gandginstruments.hu\\\/wp-content\\\/uploads\\\/2024\\\/04\\\/fogyoeszkozok.png\",\"width\":971,\"height\":683},{\"@type\":\"BreadcrumbList\",\"@id\":\"https:\\\/\\\/gandginstruments.hu\\\/termek\\\/chemometec-fogyoeszkozok-segedanyagok\\\/#breadcrumb\",\"itemListElement\":[{\"@type\":\"ListItem\",\"position\":1,\"name\":\"F\u0151oldal\",\"item\":\"https:\\\/\\\/gandginstruments.hu\\\/\"},{\"@type\":\"ListItem\",\"position\":2,\"name\":\"Shop\",\"item\":\"https:\\\/\\\/gandginstruments.hu\\\/uzlet\\\/\"},{\"@type\":\"ListItem\",\"position\":3,\"name\":\"Term\u00e9kcsal\u00e1dok\",\"item\":\"https:\\\/\\\/gandginstruments.hu\\\/termekkategoria\\\/termekcsaladok\\\/\"},{\"@type\":\"ListItem\",\"position\":4,\"name\":\"Fogy\u00f3eszk\u00f6z\u00f6k, seg\u00e9danyagok, tartoz\u00e9kok\",\"item\":\"https:\\\/\\\/gandginstruments.hu\\\/termekkategoria\\\/termekcsaladok\\\/fogyoeszkozok\\\/\"},{\"@type\":\"ListItem\",\"position\":5,\"name\":\"Chemometec fogy\u00f3eszk\u00f6z\u00f6k, seg\u00e9danyagok\"}]},{\"@type\":\"WebSite\",\"@id\":\"https:\\\/\\\/gandginstruments.hu\\\/#website\",\"url\":\"https:\\\/\\\/gandginstruments.hu\\\/\",\"name\":\"G&amp;G\",\"description\":\"\",\"publisher\":{\"@id\":\"https:\\\/\\\/gandginstruments.hu\\\/#organization\"},\"potentialAction\":[{\"@type\":\"SearchAction\",\"target\":{\"@type\":\"EntryPoint\",\"urlTemplate\":\"https:\\\/\\\/gandginstruments.hu\\\/?s={search_term_string}\"},\"query-input\":{\"@type\":\"PropertyValueSpecification\",\"valueRequired\":true,\"valueName\":\"search_term_string\"}}],\"inLanguage\":\"en-GB\"},{\"@type\":\"Organization\",\"@id\":\"https:\\\/\\\/gandginstruments.hu\\\/#organization\",\"name\":\"G&amp;G\",\"url\":\"https:\\\/\\\/gandginstruments.hu\\\/\",\"logo\":{\"@type\":\"ImageObject\",\"inLanguage\":\"en-GB\",\"@id\":\"https:\\\/\\\/gandginstruments.hu\\\/#\\\/schema\\\/logo\\\/image\\\/\",\"url\":\"https:\\\/\\\/gandginstruments.hu\\\/wp-content\\\/uploads\\\/2024\\\/04\\\/GG-logo-1.png\",\"contentUrl\":\"https:\\\/\\\/gandginstruments.hu\\\/wp-content\\\/uploads\\\/2024\\\/04\\\/GG-logo-1.png\",\"width\":606,\"height\":120,\"caption\":\"G&amp;G\"},\"image\":{\"@id\":\"https:\\\/\\\/gandginstruments.hu\\\/#\\\/schema\\\/logo\\\/image\\\/\"}}]}<\/script>\n<!-- \/ Yoast SEO plugin. -->","yoast_head_json":{"title":"Chemometec fogy\u00f3eszk\u00f6z\u00f6k, seg\u00e9danyagok - G&amp;G","robots":{"index":"index","follow":"follow","max-snippet":"max-snippet:-1","max-image-preview":"max-image-preview:large","max-video-preview":"max-video-preview:-1"},"canonical":"https:\/\/gandginstruments.hu\/en\/product\/chemometec-fogyoeszkozok-segedanyagok\/","og_locale":"en_GB","og_type":"article","og_title":"Chemometec fogy\u00f3eszk\u00f6z\u00f6k, seg\u00e9danyagok - G&amp;G","og_url":"https:\/\/gandginstruments.hu\/en\/product\/chemometec-fogyoeszkozok-segedanyagok\/","og_site_name":"G&amp;G","article_modified_time":"2024-09-13T14:40:08+00:00","og_image":[{"width":971,"height":683,"url":"https:\/\/gandginstruments.hu\/wp-content\/uploads\/2024\/04\/fogyoeszkozok.png","type":"image\/png"}],"twitter_card":"summary_large_image","twitter_misc":{"Estimated reading time":"1 minute"},"schema":{"@context":"https:\/\/schema.org","@graph":[{"@type":"WebPage","@id":"https:\/\/gandginstruments.hu\/termek\/chemometec-fogyoeszkozok-segedanyagok\/","url":"https:\/\/gandginstruments.hu\/termek\/chemometec-fogyoeszkozok-segedanyagok\/","name":"Chemometec fogy\u00f3eszk\u00f6z\u00f6k, seg\u00e9danyagok - G&amp;G","isPartOf":{"@id":"https:\/\/gandginstruments.hu\/#website"},"primaryImageOfPage":{"@id":"https:\/\/gandginstruments.hu\/termek\/chemometec-fogyoeszkozok-segedanyagok\/#primaryimage"},"image":{"@id":"https:\/\/gandginstruments.hu\/termek\/chemometec-fogyoeszkozok-segedanyagok\/#primaryimage"},"thumbnailUrl":"https:\/\/gandginstruments.hu\/wp-content\/uploads\/2024\/04\/fogyoeszkozok.png","datePublished":"2024-04-25T12:58:53+00:00","dateModified":"2024-09-13T14:40:08+00:00","breadcrumb":{"@id":"https:\/\/gandginstruments.hu\/termek\/chemometec-fogyoeszkozok-segedanyagok\/#breadcrumb"},"inLanguage":"en-GB","potentialAction":[{"@type":"ReadAction","target":["https:\/\/gandginstruments.hu\/termek\/chemometec-fogyoeszkozok-segedanyagok\/"]}]},{"@type":"ImageObject","inLanguage":"en-GB","@id":"https:\/\/gandginstruments.hu\/termek\/chemometec-fogyoeszkozok-segedanyagok\/#primaryimage","url":"https:\/\/gandginstruments.hu\/wp-content\/uploads\/2024\/04\/fogyoeszkozok.png","contentUrl":"https:\/\/gandginstruments.hu\/wp-content\/uploads\/2024\/04\/fogyoeszkozok.png","width":971,"height":683},{"@type":"BreadcrumbList","@id":"https:\/\/gandginstruments.hu\/termek\/chemometec-fogyoeszkozok-segedanyagok\/#breadcrumb","itemListElement":[{"@type":"ListItem","position":1,"name":"F\u0151oldal","item":"https:\/\/gandginstruments.hu\/"},{"@type":"ListItem","position":2,"name":"Shop","item":"https:\/\/gandginstruments.hu\/uzlet\/"},{"@type":"ListItem","position":3,"name":"Term\u00e9kcsal\u00e1dok","item":"https:\/\/gandginstruments.hu\/termekkategoria\/termekcsaladok\/"},{"@type":"ListItem","position":4,"name":"Fogy\u00f3eszk\u00f6z\u00f6k, seg\u00e9danyagok, tartoz\u00e9kok","item":"https:\/\/gandginstruments.hu\/termekkategoria\/termekcsaladok\/fogyoeszkozok\/"},{"@type":"ListItem","position":5,"name":"Chemometec fogy\u00f3eszk\u00f6z\u00f6k, seg\u00e9danyagok"}]},{"@type":"WebSite","@id":"https:\/\/gandginstruments.hu\/#website","url":"https:\/\/gandginstruments.hu\/","name":"G&amp;G","description":"","publisher":{"@id":"https:\/\/gandginstruments.hu\/#organization"},"potentialAction":[{"@type":"SearchAction","target":{"@type":"EntryPoint","urlTemplate":"https:\/\/gandginstruments.hu\/?s={search_term_string}"},"query-input":{"@type":"PropertyValueSpecification","valueRequired":true,"valueName":"search_term_string"}}],"inLanguage":"en-GB"},{"@type":"Organization","@id":"https:\/\/gandginstruments.hu\/#organization","name":"G&amp;G","url":"https:\/\/gandginstruments.hu\/","logo":{"@type":"ImageObject","inLanguage":"en-GB","@id":"https:\/\/gandginstruments.hu\/#\/schema\/logo\/image\/","url":"https:\/\/gandginstruments.hu\/wp-content\/uploads\/2024\/04\/GG-logo-1.png","contentUrl":"https:\/\/gandginstruments.hu\/wp-content\/uploads\/2024\/04\/GG-logo-1.png","width":606,"height":120,"caption":"G&amp;G"},"image":{"@id":"https:\/\/gandginstruments.hu\/#\/schema\/logo\/image\/"}}]}},"_links":{"self":[{"href":"https:\/\/gandginstruments.hu\/en\/wp-json\/wp\/v2\/product\/1096","targetHints":{"allow":["GET"]}}],"collection":[{"href":"https:\/\/gandginstruments.hu\/en\/wp-json\/wp\/v2\/product"}],"about":[{"href":"https:\/\/gandginstruments.hu\/en\/wp-json\/wp\/v2\/types\/product"}],"wp:featuredmedia":[{"embeddable":true,"href":"https:\/\/gandginstruments.hu\/en\/wp-json\/wp\/v2\/media\/441"}],"wp:attachment":[{"href":"https:\/\/gandginstruments.hu\/en\/wp-json\/wp\/v2\/media?parent=1096"}],"wp:term":[{"taxonomy":"product_brand","embeddable":true,"href":"https:\/\/gandginstruments.hu\/en\/wp-json\/wp\/v2\/product_brand?post=1096"},{"taxonomy":"product_cat","embeddable":true,"href":"https:\/\/gandginstruments.hu\/en\/wp-json\/wp\/v2\/product_cat?post=1096"},{"taxonomy":"product_tag","embeddable":true,"href":"https:\/\/gandginstruments.hu\/en\/wp-json\/wp\/v2\/product_tag?post=1096"}],"curies":[{"name":"wp","href":"https:\/\/api.w.org\/{rel}","templated":true}]}}