{"id":1091,"date":"2024-04-25T12:53:34","date_gmt":"2024-04-25T12:53:34","guid":{"rendered":"http:\/\/gandginstruments.hu\/?post_type=product&#038;p=1091"},"modified":"2025-10-22T14:28:47","modified_gmt":"2025-10-22T12:28:47","slug":"nc-250-sejtszamlalo","status":"publish","type":"product","link":"https:\/\/gandginstruments.hu\/en\/product\/nc-250-sejtszamlalo\/","title":{"rendered":"NC-250 Cell Counter"},"content":{"rendered":"<ul>\n<li style=\"font-weight: 400;\" aria-level=\"1\"><span style=\"font-weight: 400;\">Fast, high-precision cell counts<\/span><\/li>\n<li style=\"font-weight: 400;\" aria-level=\"1\"><span style=\"font-weight: 400;\">Analyzes total cell count and viability for 8 samples in 3 minutes<\/span><\/li>\n<li style=\"font-weight: 400;\" aria-level=\"1\"><span style=\"font-weight: 400;\">Easy to operate<\/span><\/li>\n<li style=\"font-weight: 400;\" aria-level=\"1\"><span style=\"font-weight: 400;\">Excellent data reproducibility<\/span><\/li>\n<li style=\"font-weight: 400;\" aria-level=\"1\"><span style=\"font-weight: 400;\">No calibration required<\/span><\/li>\n<li style=\"font-weight: 400;\" aria-level=\"1\"><span style=\"font-weight: 400;\">21 CFR Part 11\/GMP-ready software<\/span><\/li>\n<\/ul>","protected":false},"excerpt":{"rendered":"<ul style=\"font-weight: 400;\">\n<li>Condition: demonstration, like-new<\/li>\n<li>Availability: 1 unit<\/li>\n<li>Features: Two-channel measurement, compatibility with ViaStain \/ Cassette systems, fast measurement<\/li>\n<li>Advantages: A compact, reliable device that covers a range of applications from routine cell counting to advanced analysis.<\/li>\n<\/ul>","protected":false},"featured_media":1497,"template":"","meta":{"_acf_changed":false},"product_brand":[],"product_cat":[137,117,61,87,94,54,42,95],"product_tag":[],"class_list":{"0":"post-1091","1":"product","2":"type-product","3":"status-publish","4":"has-post-thumbnail","6":"product_cat-akcios-eszkozok","7":"product_cat-chemometec","8":"product_cat-emlos-sejtszam","9":"product_cat-gyogyszer-es-kozmetikai-ipar","10":"product_cat-orvostechnika","11":"product_cat-sejtanalizatorok","12":"product_cat-sejtszamlalok-es-sejtanalizatorok","13":"product_cat-vakcinagyartas","15":"first","16":"instock","17":"shipping-taxable","18":"product-type-simple"},"acf":[],"yoast_head":"<!-- This site is optimized with the Yoast SEO plugin v27.4 - https:\/\/yoast.com\/product\/yoast-seo-wordpress\/ -->\n<title>NC-250 sejtsz\u00e1ml\u00e1l\u00f3 - G&amp;G<\/title>\n<meta name=\"robots\" content=\"index, follow, max-snippet:-1, max-image-preview:large, max-video-preview:-1\" \/>\n<link rel=\"canonical\" href=\"https:\/\/gandginstruments.hu\/en\/product\/nc-250-sejtszamlalo\/\" \/>\n<meta property=\"og:locale\" content=\"en_GB\" \/>\n<meta property=\"og:type\" content=\"article\" \/>\n<meta property=\"og:title\" content=\"NC-250 sejtsz\u00e1ml\u00e1l\u00f3 - G&amp;G\" \/>\n<meta property=\"og:description\" content=\"\u00c1llapot: bemutat\u00f3, \u00fajszer\u0171  El\u00e9rhet\u0151s\u00e9g: 1 db  Jellemz\u0151k: k\u00e9tcsatorn\u00e1s m\u00e9r\u00e9s, kompatibilit\u00e1s a ViaStain \/ Cassette rendszerekkel, gyors m\u00e9r\u00e9s  El\u0151ny\u00f6k: Kompakt, megb\u00edzhat\u00f3 eszk\u00f6z, amely a rutinszer\u0171 sejtsz\u00e1ml\u00e1l\u00e1st\u00f3l a halad\u00f3 anal\u00edzisig t\u00f6bbf\u00e9le alkalmaz\u00e1st lefed.\" \/>\n<meta property=\"og:url\" content=\"https:\/\/gandginstruments.hu\/en\/product\/nc-250-sejtszamlalo\/\" \/>\n<meta property=\"og:site_name\" content=\"G&amp;G\" \/>\n<meta property=\"article:modified_time\" content=\"2025-10-22T12:28:47+00:00\" \/>\n<meta property=\"og:image\" content=\"https:\/\/gandginstruments.hu\/wp-content\/uploads\/2024\/04\/NC-250_0002_nucleocounter-nc-250-fokep.jpg\" \/>\n\t<meta property=\"og:image:width\" content=\"1200\" \/>\n\t<meta property=\"og:image:height\" content=\"1200\" \/>\n\t<meta property=\"og:image:type\" content=\"image\/jpeg\" \/>\n<meta name=\"twitter:card\" content=\"summary_large_image\" \/>\n<meta name=\"twitter:label1\" content=\"Estimated reading time\" \/>\n\t<meta name=\"twitter:data1\" content=\"1 minute\" \/>\n<script type=\"application\/ld+json\" class=\"yoast-schema-graph\">{\"@context\":\"https:\\\/\\\/schema.org\",\"@graph\":[{\"@type\":\"WebPage\",\"@id\":\"https:\\\/\\\/gandginstruments.hu\\\/termek\\\/nc-250-sejtszamlalo\\\/\",\"url\":\"https:\\\/\\\/gandginstruments.hu\\\/termek\\\/nc-250-sejtszamlalo\\\/\",\"name\":\"NC-250 sejtsz\u00e1ml\u00e1l\u00f3 - G&amp;G\",\"isPartOf\":{\"@id\":\"https:\\\/\\\/gandginstruments.hu\\\/#website\"},\"primaryImageOfPage\":{\"@id\":\"https:\\\/\\\/gandginstruments.hu\\\/termek\\\/nc-250-sejtszamlalo\\\/#primaryimage\"},\"image\":{\"@id\":\"https:\\\/\\\/gandginstruments.hu\\\/termek\\\/nc-250-sejtszamlalo\\\/#primaryimage\"},\"thumbnailUrl\":\"https:\\\/\\\/gandginstruments.hu\\\/wp-content\\\/uploads\\\/2024\\\/04\\\/NC-250_0002_nucleocounter-nc-250-fokep.jpg\",\"datePublished\":\"2024-04-25T12:53:34+00:00\",\"dateModified\":\"2025-10-22T12:28:47+00:00\",\"breadcrumb\":{\"@id\":\"https:\\\/\\\/gandginstruments.hu\\\/termek\\\/nc-250-sejtszamlalo\\\/#breadcrumb\"},\"inLanguage\":\"en-GB\",\"potentialAction\":[{\"@type\":\"ReadAction\",\"target\":[\"https:\\\/\\\/gandginstruments.hu\\\/termek\\\/nc-250-sejtszamlalo\\\/\"]}]},{\"@type\":\"ImageObject\",\"inLanguage\":\"en-GB\",\"@id\":\"https:\\\/\\\/gandginstruments.hu\\\/termek\\\/nc-250-sejtszamlalo\\\/#primaryimage\",\"url\":\"https:\\\/\\\/gandginstruments.hu\\\/wp-content\\\/uploads\\\/2024\\\/04\\\/NC-250_0002_nucleocounter-nc-250-fokep.jpg\",\"contentUrl\":\"https:\\\/\\\/gandginstruments.hu\\\/wp-content\\\/uploads\\\/2024\\\/04\\\/NC-250_0002_nucleocounter-nc-250-fokep.jpg\",\"width\":1200,\"height\":1200},{\"@type\":\"BreadcrumbList\",\"@id\":\"https:\\\/\\\/gandginstruments.hu\\\/termek\\\/nc-250-sejtszamlalo\\\/#breadcrumb\",\"itemListElement\":[{\"@type\":\"ListItem\",\"position\":1,\"name\":\"F\u0151oldal\",\"item\":\"https:\\\/\\\/gandginstruments.hu\\\/\"},{\"@type\":\"ListItem\",\"position\":2,\"name\":\"Shop\",\"item\":\"https:\\\/\\\/gandginstruments.hu\\\/uzlet\\\/\"},{\"@type\":\"ListItem\",\"position\":3,\"name\":\"Term\u00e9kcsal\u00e1dok\",\"item\":\"https:\\\/\\\/gandginstruments.hu\\\/termekkategoria\\\/termekcsaladok\\\/\"},{\"@type\":\"ListItem\",\"position\":4,\"name\":\"Sejtsz\u00e1ml\u00e1l\u00f3k \u00e9s sejtanaliz\u00e1torok\",\"item\":\"https:\\\/\\\/gandginstruments.hu\\\/termekkategoria\\\/termekcsaladok\\\/sejtszamlalok-es-sejtanalizatorok\\\/\"},{\"@type\":\"ListItem\",\"position\":5,\"name\":\"NC-250 sejtsz\u00e1ml\u00e1l\u00f3\"}]},{\"@type\":\"WebSite\",\"@id\":\"https:\\\/\\\/gandginstruments.hu\\\/#website\",\"url\":\"https:\\\/\\\/gandginstruments.hu\\\/\",\"name\":\"G&amp;G\",\"description\":\"\",\"publisher\":{\"@id\":\"https:\\\/\\\/gandginstruments.hu\\\/#organization\"},\"potentialAction\":[{\"@type\":\"SearchAction\",\"target\":{\"@type\":\"EntryPoint\",\"urlTemplate\":\"https:\\\/\\\/gandginstruments.hu\\\/?s={search_term_string}\"},\"query-input\":{\"@type\":\"PropertyValueSpecification\",\"valueRequired\":true,\"valueName\":\"search_term_string\"}}],\"inLanguage\":\"en-GB\"},{\"@type\":\"Organization\",\"@id\":\"https:\\\/\\\/gandginstruments.hu\\\/#organization\",\"name\":\"G&amp;G\",\"url\":\"https:\\\/\\\/gandginstruments.hu\\\/\",\"logo\":{\"@type\":\"ImageObject\",\"inLanguage\":\"en-GB\",\"@id\":\"https:\\\/\\\/gandginstruments.hu\\\/#\\\/schema\\\/logo\\\/image\\\/\",\"url\":\"https:\\\/\\\/gandginstruments.hu\\\/wp-content\\\/uploads\\\/2024\\\/04\\\/GG-logo-1.png\",\"contentUrl\":\"https:\\\/\\\/gandginstruments.hu\\\/wp-content\\\/uploads\\\/2024\\\/04\\\/GG-logo-1.png\",\"width\":606,\"height\":120,\"caption\":\"G&amp;G\"},\"image\":{\"@id\":\"https:\\\/\\\/gandginstruments.hu\\\/#\\\/schema\\\/logo\\\/image\\\/\"}}]}<\/script>\n<!-- \/ Yoast SEO plugin. -->","yoast_head_json":{"title":"NC-250 sejtsz\u00e1ml\u00e1l\u00f3 - G&amp;G","robots":{"index":"index","follow":"follow","max-snippet":"max-snippet:-1","max-image-preview":"max-image-preview:large","max-video-preview":"max-video-preview:-1"},"canonical":"https:\/\/gandginstruments.hu\/en\/product\/nc-250-sejtszamlalo\/","og_locale":"en_GB","og_type":"article","og_title":"NC-250 sejtsz\u00e1ml\u00e1l\u00f3 - G&amp;G","og_description":"\u00c1llapot: bemutat\u00f3, \u00fajszer\u0171  El\u00e9rhet\u0151s\u00e9g: 1 db  Jellemz\u0151k: k\u00e9tcsatorn\u00e1s m\u00e9r\u00e9s, kompatibilit\u00e1s a ViaStain \/ Cassette rendszerekkel, gyors m\u00e9r\u00e9s  El\u0151ny\u00f6k: Kompakt, megb\u00edzhat\u00f3 eszk\u00f6z, amely a rutinszer\u0171 sejtsz\u00e1ml\u00e1l\u00e1st\u00f3l a halad\u00f3 anal\u00edzisig t\u00f6bbf\u00e9le alkalmaz\u00e1st lefed.","og_url":"https:\/\/gandginstruments.hu\/en\/product\/nc-250-sejtszamlalo\/","og_site_name":"G&amp;G","article_modified_time":"2025-10-22T12:28:47+00:00","og_image":[{"width":1200,"height":1200,"url":"https:\/\/gandginstruments.hu\/wp-content\/uploads\/2024\/04\/NC-250_0002_nucleocounter-nc-250-fokep.jpg","type":"image\/jpeg"}],"twitter_card":"summary_large_image","twitter_misc":{"Estimated reading time":"1 minute"},"schema":{"@context":"https:\/\/schema.org","@graph":[{"@type":"WebPage","@id":"https:\/\/gandginstruments.hu\/termek\/nc-250-sejtszamlalo\/","url":"https:\/\/gandginstruments.hu\/termek\/nc-250-sejtszamlalo\/","name":"NC-250 sejtsz\u00e1ml\u00e1l\u00f3 - G&amp;G","isPartOf":{"@id":"https:\/\/gandginstruments.hu\/#website"},"primaryImageOfPage":{"@id":"https:\/\/gandginstruments.hu\/termek\/nc-250-sejtszamlalo\/#primaryimage"},"image":{"@id":"https:\/\/gandginstruments.hu\/termek\/nc-250-sejtszamlalo\/#primaryimage"},"thumbnailUrl":"https:\/\/gandginstruments.hu\/wp-content\/uploads\/2024\/04\/NC-250_0002_nucleocounter-nc-250-fokep.jpg","datePublished":"2024-04-25T12:53:34+00:00","dateModified":"2025-10-22T12:28:47+00:00","breadcrumb":{"@id":"https:\/\/gandginstruments.hu\/termek\/nc-250-sejtszamlalo\/#breadcrumb"},"inLanguage":"en-GB","potentialAction":[{"@type":"ReadAction","target":["https:\/\/gandginstruments.hu\/termek\/nc-250-sejtszamlalo\/"]}]},{"@type":"ImageObject","inLanguage":"en-GB","@id":"https:\/\/gandginstruments.hu\/termek\/nc-250-sejtszamlalo\/#primaryimage","url":"https:\/\/gandginstruments.hu\/wp-content\/uploads\/2024\/04\/NC-250_0002_nucleocounter-nc-250-fokep.jpg","contentUrl":"https:\/\/gandginstruments.hu\/wp-content\/uploads\/2024\/04\/NC-250_0002_nucleocounter-nc-250-fokep.jpg","width":1200,"height":1200},{"@type":"BreadcrumbList","@id":"https:\/\/gandginstruments.hu\/termek\/nc-250-sejtszamlalo\/#breadcrumb","itemListElement":[{"@type":"ListItem","position":1,"name":"F\u0151oldal","item":"https:\/\/gandginstruments.hu\/"},{"@type":"ListItem","position":2,"name":"Shop","item":"https:\/\/gandginstruments.hu\/uzlet\/"},{"@type":"ListItem","position":3,"name":"Term\u00e9kcsal\u00e1dok","item":"https:\/\/gandginstruments.hu\/termekkategoria\/termekcsaladok\/"},{"@type":"ListItem","position":4,"name":"Sejtsz\u00e1ml\u00e1l\u00f3k \u00e9s sejtanaliz\u00e1torok","item":"https:\/\/gandginstruments.hu\/termekkategoria\/termekcsaladok\/sejtszamlalok-es-sejtanalizatorok\/"},{"@type":"ListItem","position":5,"name":"NC-250 sejtsz\u00e1ml\u00e1l\u00f3"}]},{"@type":"WebSite","@id":"https:\/\/gandginstruments.hu\/#website","url":"https:\/\/gandginstruments.hu\/","name":"G&amp;G","description":"","publisher":{"@id":"https:\/\/gandginstruments.hu\/#organization"},"potentialAction":[{"@type":"SearchAction","target":{"@type":"EntryPoint","urlTemplate":"https:\/\/gandginstruments.hu\/?s={search_term_string}"},"query-input":{"@type":"PropertyValueSpecification","valueRequired":true,"valueName":"search_term_string"}}],"inLanguage":"en-GB"},{"@type":"Organization","@id":"https:\/\/gandginstruments.hu\/#organization","name":"G&amp;G","url":"https:\/\/gandginstruments.hu\/","logo":{"@type":"ImageObject","inLanguage":"en-GB","@id":"https:\/\/gandginstruments.hu\/#\/schema\/logo\/image\/","url":"https:\/\/gandginstruments.hu\/wp-content\/uploads\/2024\/04\/GG-logo-1.png","contentUrl":"https:\/\/gandginstruments.hu\/wp-content\/uploads\/2024\/04\/GG-logo-1.png","width":606,"height":120,"caption":"G&amp;G"},"image":{"@id":"https:\/\/gandginstruments.hu\/#\/schema\/logo\/image\/"}}]}},"_links":{"self":[{"href":"https:\/\/gandginstruments.hu\/en\/wp-json\/wp\/v2\/product\/1091","targetHints":{"allow":["GET"]}}],"collection":[{"href":"https:\/\/gandginstruments.hu\/en\/wp-json\/wp\/v2\/product"}],"about":[{"href":"https:\/\/gandginstruments.hu\/en\/wp-json\/wp\/v2\/types\/product"}],"wp:featuredmedia":[{"embeddable":true,"href":"https:\/\/gandginstruments.hu\/en\/wp-json\/wp\/v2\/media\/1497"}],"wp:attachment":[{"href":"https:\/\/gandginstruments.hu\/en\/wp-json\/wp\/v2\/media?parent=1091"}],"wp:term":[{"taxonomy":"product_brand","embeddable":true,"href":"https:\/\/gandginstruments.hu\/en\/wp-json\/wp\/v2\/product_brand?post=1091"},{"taxonomy":"product_cat","embeddable":true,"href":"https:\/\/gandginstruments.hu\/en\/wp-json\/wp\/v2\/product_cat?post=1091"},{"taxonomy":"product_tag","embeddable":true,"href":"https:\/\/gandginstruments.hu\/en\/wp-json\/wp\/v2\/product_tag?post=1091"}],"curies":[{"name":"wp","href":"https:\/\/api.w.org\/{rel}","templated":true}]}}