{"id":1090,"date":"2024-04-25T12:52:22","date_gmt":"2024-04-25T12:52:22","guid":{"rendered":"http:\/\/gandginstruments.hu\/?post_type=product&#038;p=1090"},"modified":"2024-10-17T08:48:43","modified_gmt":"2024-10-17T06:48:43","slug":"nc-202-sejtszamlalo","status":"publish","type":"product","link":"https:\/\/gandginstruments.hu\/en\/product\/nc-202-sejtszamlalo\/","title":{"rendered":"NC-202 sejtsz\u00e1ml\u00e1l\u00f3"},"content":{"rendered":"<ul>\n<li style=\"font-weight: 400;\" aria-level=\"1\"><span style=\"font-weight: 400;\">Consistent results across instruments, users and sites<\/span><\/li>\n<li style=\"font-weight: 400;\" aria-level=\"1\"><span style=\"font-weight: 400;\">Use with Via2-Cassette\u2122 to eliminate human error<\/span><\/li>\n<li style=\"font-weight: 400;\" aria-level=\"1\"><span style=\"font-weight: 400;\">Monitor production runs with DebrisIndex\u2122<\/span><\/li>\n<li style=\"font-weight: 400;\" aria-level=\"1\"><span style=\"font-weight: 400;\">Increased cell counting range: No more dilutions<\/span><\/li>\n<li style=\"font-weight: 400;\" aria-level=\"1\"><span style=\"font-weight: 400;\">Scalable system with 21 CFR Part 11\/GMP-ready software<\/span><\/li>\n<\/ul>","protected":false},"excerpt":{"rendered":"<p>K\u00f6vetkezetes eredm\u00e9nyek a m\u0171szerek, a felhaszn\u00e1l\u00f3k \u00e9s a laborok k\u00f6z\u00f6tt Haszn\u00e1lja a Via2-kazett\u00e1kkal az emberi hib\u00e1k kik\u00fcsz\u00f6b\u00f6l\u00e9s\u00e9re A gy\u00e1rt\u00e1s nyomon k\u00f6vet\u00e9se a DebrisIndex\u2122 seg\u00edts\u00e9g\u00e9vel Megn\u00f6velt sejtsz\u00e1ml\u00e1l\u00e1si tartom\u00e1ny: nincs sz\u00fcks\u00e9g t\u00f6bb\u00e9 h\u00edg\u00edt\u00e1sra M\u00e9retezhet\u0151 rendszer 21 CFR Part 11\/GMP-k\u00e9sz szoftverrel<\/p>","protected":false},"featured_media":1494,"template":"","meta":{"_acf_changed":false},"product_brand":[],"product_cat":[117,83,60,61,87,106,88,72,55,42],"product_tag":[],"class_list":{"0":"post-1090","1":"product","2":"type-product","3":"status-publish","4":"has-post-thumbnail","6":"product_cat-chemometec","7":"product_cat-elelmiszeripar","8":"product_cat-eleszto-sejtszam","9":"product_cat-emlos-sejtszam","10":"product_cat-gyogyszer-es-kozmetikai-ipar","11":"product_cat-ital-mintak","12":"product_cat-italgyartas","13":"product_cat-rovar-sejtszam","14":"product_cat-sejtszamlalok","15":"product_cat-sejtszamlalok-es-sejtanalizatorok","17":"first","18":"instock","19":"shipping-taxable","20":"product-type-simple"},"acf":[],"yoast_head":"<!-- This site is optimized with the Yoast SEO plugin v27.4 - https:\/\/yoast.com\/product\/yoast-seo-wordpress\/ -->\n<title>NC-202 sejtsz\u00e1ml\u00e1l\u00f3 - G&amp;G<\/title>\n<meta name=\"robots\" content=\"index, follow, max-snippet:-1, max-image-preview:large, max-video-preview:-1\" \/>\n<link rel=\"canonical\" href=\"https:\/\/gandginstruments.hu\/en\/product\/nc-202-sejtszamlalo\/\" \/>\n<meta property=\"og:locale\" content=\"en_GB\" \/>\n<meta property=\"og:type\" content=\"article\" \/>\n<meta property=\"og:title\" content=\"NC-202 sejtsz\u00e1ml\u00e1l\u00f3 - G&amp;G\" \/>\n<meta property=\"og:description\" content=\"K\u00f6vetkezetes eredm\u00e9nyek a m\u0171szerek, a felhaszn\u00e1l\u00f3k \u00e9s a laborok k\u00f6z\u00f6tt Haszn\u00e1lja a Via2-kazett\u00e1kkal az emberi hib\u00e1k kik\u00fcsz\u00f6b\u00f6l\u00e9s\u00e9re A gy\u00e1rt\u00e1s nyomon k\u00f6vet\u00e9se a DebrisIndex\u2122 seg\u00edts\u00e9g\u00e9vel Megn\u00f6velt sejtsz\u00e1ml\u00e1l\u00e1si tartom\u00e1ny: nincs sz\u00fcks\u00e9g t\u00f6bb\u00e9 h\u00edg\u00edt\u00e1sra M\u00e9retezhet\u0151 rendszer 21 CFR Part 11\/GMP-k\u00e9sz szoftverrel\" \/>\n<meta property=\"og:url\" content=\"https:\/\/gandginstruments.hu\/en\/product\/nc-202-sejtszamlalo\/\" \/>\n<meta property=\"og:site_name\" content=\"G&amp;G\" \/>\n<meta property=\"article:modified_time\" content=\"2024-10-17T06:48:43+00:00\" \/>\n<meta property=\"og:image\" content=\"https:\/\/gandginstruments.hu\/wp-content\/uploads\/2024\/04\/NC-202_0002_nucleocounter-nc-202-fokep.jpg\" \/>\n\t<meta property=\"og:image:width\" content=\"1200\" \/>\n\t<meta property=\"og:image:height\" content=\"1200\" \/>\n\t<meta property=\"og:image:type\" content=\"image\/jpeg\" \/>\n<meta name=\"twitter:card\" content=\"summary_large_image\" \/>\n<meta name=\"twitter:label1\" content=\"Estimated reading time\" \/>\n\t<meta name=\"twitter:data1\" content=\"1 minute\" \/>\n<script type=\"application\/ld+json\" class=\"yoast-schema-graph\">{\"@context\":\"https:\\\/\\\/schema.org\",\"@graph\":[{\"@type\":\"WebPage\",\"@id\":\"https:\\\/\\\/gandginstruments.hu\\\/termek\\\/nc-202-sejtszamlalo\\\/\",\"url\":\"https:\\\/\\\/gandginstruments.hu\\\/termek\\\/nc-202-sejtszamlalo\\\/\",\"name\":\"NC-202 sejtsz\u00e1ml\u00e1l\u00f3 - G&amp;G\",\"isPartOf\":{\"@id\":\"https:\\\/\\\/gandginstruments.hu\\\/#website\"},\"primaryImageOfPage\":{\"@id\":\"https:\\\/\\\/gandginstruments.hu\\\/termek\\\/nc-202-sejtszamlalo\\\/#primaryimage\"},\"image\":{\"@id\":\"https:\\\/\\\/gandginstruments.hu\\\/termek\\\/nc-202-sejtszamlalo\\\/#primaryimage\"},\"thumbnailUrl\":\"https:\\\/\\\/gandginstruments.hu\\\/wp-content\\\/uploads\\\/2024\\\/04\\\/NC-202_0002_nucleocounter-nc-202-fokep.jpg\",\"datePublished\":\"2024-04-25T12:52:22+00:00\",\"dateModified\":\"2024-10-17T06:48:43+00:00\",\"breadcrumb\":{\"@id\":\"https:\\\/\\\/gandginstruments.hu\\\/termek\\\/nc-202-sejtszamlalo\\\/#breadcrumb\"},\"inLanguage\":\"en-GB\",\"potentialAction\":[{\"@type\":\"ReadAction\",\"target\":[\"https:\\\/\\\/gandginstruments.hu\\\/termek\\\/nc-202-sejtszamlalo\\\/\"]}]},{\"@type\":\"ImageObject\",\"inLanguage\":\"en-GB\",\"@id\":\"https:\\\/\\\/gandginstruments.hu\\\/termek\\\/nc-202-sejtszamlalo\\\/#primaryimage\",\"url\":\"https:\\\/\\\/gandginstruments.hu\\\/wp-content\\\/uploads\\\/2024\\\/04\\\/NC-202_0002_nucleocounter-nc-202-fokep.jpg\",\"contentUrl\":\"https:\\\/\\\/gandginstruments.hu\\\/wp-content\\\/uploads\\\/2024\\\/04\\\/NC-202_0002_nucleocounter-nc-202-fokep.jpg\",\"width\":1200,\"height\":1200},{\"@type\":\"BreadcrumbList\",\"@id\":\"https:\\\/\\\/gandginstruments.hu\\\/termek\\\/nc-202-sejtszamlalo\\\/#breadcrumb\",\"itemListElement\":[{\"@type\":\"ListItem\",\"position\":1,\"name\":\"F\u0151oldal\",\"item\":\"https:\\\/\\\/gandginstruments.hu\\\/\"},{\"@type\":\"ListItem\",\"position\":2,\"name\":\"Shop\",\"item\":\"https:\\\/\\\/gandginstruments.hu\\\/uzlet\\\/\"},{\"@type\":\"ListItem\",\"position\":3,\"name\":\"Term\u00e9kcsal\u00e1dok\",\"item\":\"https:\\\/\\\/gandginstruments.hu\\\/termekkategoria\\\/termekcsaladok\\\/\"},{\"@type\":\"ListItem\",\"position\":4,\"name\":\"Sejtsz\u00e1ml\u00e1l\u00f3k \u00e9s sejtanaliz\u00e1torok\",\"item\":\"https:\\\/\\\/gandginstruments.hu\\\/termekkategoria\\\/termekcsaladok\\\/sejtszamlalok-es-sejtanalizatorok\\\/\"},{\"@type\":\"ListItem\",\"position\":5,\"name\":\"NC-202 sejtsz\u00e1ml\u00e1l\u00f3\"}]},{\"@type\":\"WebSite\",\"@id\":\"https:\\\/\\\/gandginstruments.hu\\\/#website\",\"url\":\"https:\\\/\\\/gandginstruments.hu\\\/\",\"name\":\"G&amp;G\",\"description\":\"\",\"publisher\":{\"@id\":\"https:\\\/\\\/gandginstruments.hu\\\/#organization\"},\"potentialAction\":[{\"@type\":\"SearchAction\",\"target\":{\"@type\":\"EntryPoint\",\"urlTemplate\":\"https:\\\/\\\/gandginstruments.hu\\\/?s={search_term_string}\"},\"query-input\":{\"@type\":\"PropertyValueSpecification\",\"valueRequired\":true,\"valueName\":\"search_term_string\"}}],\"inLanguage\":\"en-GB\"},{\"@type\":\"Organization\",\"@id\":\"https:\\\/\\\/gandginstruments.hu\\\/#organization\",\"name\":\"G&amp;G\",\"url\":\"https:\\\/\\\/gandginstruments.hu\\\/\",\"logo\":{\"@type\":\"ImageObject\",\"inLanguage\":\"en-GB\",\"@id\":\"https:\\\/\\\/gandginstruments.hu\\\/#\\\/schema\\\/logo\\\/image\\\/\",\"url\":\"https:\\\/\\\/gandginstruments.hu\\\/wp-content\\\/uploads\\\/2024\\\/04\\\/GG-logo-1.png\",\"contentUrl\":\"https:\\\/\\\/gandginstruments.hu\\\/wp-content\\\/uploads\\\/2024\\\/04\\\/GG-logo-1.png\",\"width\":606,\"height\":120,\"caption\":\"G&amp;G\"},\"image\":{\"@id\":\"https:\\\/\\\/gandginstruments.hu\\\/#\\\/schema\\\/logo\\\/image\\\/\"}}]}<\/script>\n<!-- \/ Yoast SEO plugin. -->","yoast_head_json":{"title":"NC-202 sejtsz\u00e1ml\u00e1l\u00f3 - G&amp;G","robots":{"index":"index","follow":"follow","max-snippet":"max-snippet:-1","max-image-preview":"max-image-preview:large","max-video-preview":"max-video-preview:-1"},"canonical":"https:\/\/gandginstruments.hu\/en\/product\/nc-202-sejtszamlalo\/","og_locale":"en_GB","og_type":"article","og_title":"NC-202 sejtsz\u00e1ml\u00e1l\u00f3 - G&amp;G","og_description":"K\u00f6vetkezetes eredm\u00e9nyek a m\u0171szerek, a felhaszn\u00e1l\u00f3k \u00e9s a laborok k\u00f6z\u00f6tt Haszn\u00e1lja a Via2-kazett\u00e1kkal az emberi hib\u00e1k kik\u00fcsz\u00f6b\u00f6l\u00e9s\u00e9re A gy\u00e1rt\u00e1s nyomon k\u00f6vet\u00e9se a DebrisIndex\u2122 seg\u00edts\u00e9g\u00e9vel Megn\u00f6velt sejtsz\u00e1ml\u00e1l\u00e1si tartom\u00e1ny: nincs sz\u00fcks\u00e9g t\u00f6bb\u00e9 h\u00edg\u00edt\u00e1sra M\u00e9retezhet\u0151 rendszer 21 CFR Part 11\/GMP-k\u00e9sz szoftverrel","og_url":"https:\/\/gandginstruments.hu\/en\/product\/nc-202-sejtszamlalo\/","og_site_name":"G&amp;G","article_modified_time":"2024-10-17T06:48:43+00:00","og_image":[{"width":1200,"height":1200,"url":"https:\/\/gandginstruments.hu\/wp-content\/uploads\/2024\/04\/NC-202_0002_nucleocounter-nc-202-fokep.jpg","type":"image\/jpeg"}],"twitter_card":"summary_large_image","twitter_misc":{"Estimated reading time":"1 minute"},"schema":{"@context":"https:\/\/schema.org","@graph":[{"@type":"WebPage","@id":"https:\/\/gandginstruments.hu\/termek\/nc-202-sejtszamlalo\/","url":"https:\/\/gandginstruments.hu\/termek\/nc-202-sejtszamlalo\/","name":"NC-202 sejtsz\u00e1ml\u00e1l\u00f3 - G&amp;G","isPartOf":{"@id":"https:\/\/gandginstruments.hu\/#website"},"primaryImageOfPage":{"@id":"https:\/\/gandginstruments.hu\/termek\/nc-202-sejtszamlalo\/#primaryimage"},"image":{"@id":"https:\/\/gandginstruments.hu\/termek\/nc-202-sejtszamlalo\/#primaryimage"},"thumbnailUrl":"https:\/\/gandginstruments.hu\/wp-content\/uploads\/2024\/04\/NC-202_0002_nucleocounter-nc-202-fokep.jpg","datePublished":"2024-04-25T12:52:22+00:00","dateModified":"2024-10-17T06:48:43+00:00","breadcrumb":{"@id":"https:\/\/gandginstruments.hu\/termek\/nc-202-sejtszamlalo\/#breadcrumb"},"inLanguage":"en-GB","potentialAction":[{"@type":"ReadAction","target":["https:\/\/gandginstruments.hu\/termek\/nc-202-sejtszamlalo\/"]}]},{"@type":"ImageObject","inLanguage":"en-GB","@id":"https:\/\/gandginstruments.hu\/termek\/nc-202-sejtszamlalo\/#primaryimage","url":"https:\/\/gandginstruments.hu\/wp-content\/uploads\/2024\/04\/NC-202_0002_nucleocounter-nc-202-fokep.jpg","contentUrl":"https:\/\/gandginstruments.hu\/wp-content\/uploads\/2024\/04\/NC-202_0002_nucleocounter-nc-202-fokep.jpg","width":1200,"height":1200},{"@type":"BreadcrumbList","@id":"https:\/\/gandginstruments.hu\/termek\/nc-202-sejtszamlalo\/#breadcrumb","itemListElement":[{"@type":"ListItem","position":1,"name":"F\u0151oldal","item":"https:\/\/gandginstruments.hu\/"},{"@type":"ListItem","position":2,"name":"Shop","item":"https:\/\/gandginstruments.hu\/uzlet\/"},{"@type":"ListItem","position":3,"name":"Term\u00e9kcsal\u00e1dok","item":"https:\/\/gandginstruments.hu\/termekkategoria\/termekcsaladok\/"},{"@type":"ListItem","position":4,"name":"Sejtsz\u00e1ml\u00e1l\u00f3k \u00e9s sejtanaliz\u00e1torok","item":"https:\/\/gandginstruments.hu\/termekkategoria\/termekcsaladok\/sejtszamlalok-es-sejtanalizatorok\/"},{"@type":"ListItem","position":5,"name":"NC-202 sejtsz\u00e1ml\u00e1l\u00f3"}]},{"@type":"WebSite","@id":"https:\/\/gandginstruments.hu\/#website","url":"https:\/\/gandginstruments.hu\/","name":"G&amp;G","description":"","publisher":{"@id":"https:\/\/gandginstruments.hu\/#organization"},"potentialAction":[{"@type":"SearchAction","target":{"@type":"EntryPoint","urlTemplate":"https:\/\/gandginstruments.hu\/?s={search_term_string}"},"query-input":{"@type":"PropertyValueSpecification","valueRequired":true,"valueName":"search_term_string"}}],"inLanguage":"en-GB"},{"@type":"Organization","@id":"https:\/\/gandginstruments.hu\/#organization","name":"G&amp;G","url":"https:\/\/gandginstruments.hu\/","logo":{"@type":"ImageObject","inLanguage":"en-GB","@id":"https:\/\/gandginstruments.hu\/#\/schema\/logo\/image\/","url":"https:\/\/gandginstruments.hu\/wp-content\/uploads\/2024\/04\/GG-logo-1.png","contentUrl":"https:\/\/gandginstruments.hu\/wp-content\/uploads\/2024\/04\/GG-logo-1.png","width":606,"height":120,"caption":"G&amp;G"},"image":{"@id":"https:\/\/gandginstruments.hu\/#\/schema\/logo\/image\/"}}]}},"_links":{"self":[{"href":"https:\/\/gandginstruments.hu\/en\/wp-json\/wp\/v2\/product\/1090","targetHints":{"allow":["GET"]}}],"collection":[{"href":"https:\/\/gandginstruments.hu\/en\/wp-json\/wp\/v2\/product"}],"about":[{"href":"https:\/\/gandginstruments.hu\/en\/wp-json\/wp\/v2\/types\/product"}],"wp:featuredmedia":[{"embeddable":true,"href":"https:\/\/gandginstruments.hu\/en\/wp-json\/wp\/v2\/media\/1494"}],"wp:attachment":[{"href":"https:\/\/gandginstruments.hu\/en\/wp-json\/wp\/v2\/media?parent=1090"}],"wp:term":[{"taxonomy":"product_brand","embeddable":true,"href":"https:\/\/gandginstruments.hu\/en\/wp-json\/wp\/v2\/product_brand?post=1090"},{"taxonomy":"product_cat","embeddable":true,"href":"https:\/\/gandginstruments.hu\/en\/wp-json\/wp\/v2\/product_cat?post=1090"},{"taxonomy":"product_tag","embeddable":true,"href":"https:\/\/gandginstruments.hu\/en\/wp-json\/wp\/v2\/product_tag?post=1090"}],"curies":[{"name":"wp","href":"https:\/\/api.w.org\/{rel}","templated":true}]}}