{"id":1078,"date":"2024-04-24T16:41:04","date_gmt":"2024-04-24T16:41:04","guid":{"rendered":"http:\/\/gandginstruments.hu\/?post_type=product&#038;p=1078"},"modified":"2024-12-16T11:08:23","modified_gmt":"2024-12-16T10:08:23","slug":"bactrac-4300","status":"publish","type":"product","link":"https:\/\/gandginstruments.hu\/en\/product\/bactrac-4300\/","title":{"rendered":"BacTrac 4300"},"content":{"rendered":"<ul>\n<li style=\"font-weight: 400;\" aria-level=\"1\"><span style=\"font-weight: 400;\">Results in a few hours<\/span><\/li>\n<li style=\"font-weight: 400;\" aria-level=\"1\"><span style=\"font-weight: 400;\">Earlier product release<\/span><\/li>\n<li style=\"font-weight: 400;\" aria-level=\"1\"><span style=\"font-weight: 400;\">Simple Testing<\/span><\/li>\n<li style=\"font-weight: 400;\" aria-level=\"1\"><span style=\"font-weight: 400;\">Reduced workload<\/span><\/li>\n<li style=\"font-weight: 400;\" aria-level=\"1\"><span style=\"font-weight: 400;\">Automated Calculation of Results<\/span><\/li>\n<li style=\"font-weight: 400;\" aria-level=\"1\"><span style=\"font-weight: 400;\">Automated documentation<\/span><\/li>\n<\/ul>","protected":false},"excerpt":{"rendered":"<p>Eredm\u00e9nyek n\u00e9h\u00e1ny \u00f3r\u00e1n bel\u00fcl Term\u00e9k kor\u00e1bbi kiad\u00e1sa Egyszer\u0171 tesztel\u00e9s Cs\u00f6kkentett munkaterhel\u00e9s Az eredm\u00e9nyek automatikus kisz\u00e1m\u00edt\u00e1sa Automatiz\u00e1lt dokument\u00e1ci\u00f3<\/p>","protected":false},"featured_media":1516,"template":"","meta":{"_acf_changed":false},"product_brand":[],"product_cat":[78,59,101,83,87,63,106,88,65,109,49,41,67,74,118],"product_tag":[],"class_list":{"0":"post-1078","1":"product","2":"type-product","3":"status-publish","4":"has-post-thumbnail","6":"product_cat-agraripar","7":"product_cat-antimikrobialis-vegyuletek-jelenlete","8":"product_cat-elelmiszer-mintak","9":"product_cat-elelmiszeripar","10":"product_cat-gyogyszer-es-kozmetikai-ipar","11":"product_cat-higieniai-parameterek","12":"product_cat-ital-mintak","13":"product_cat-italgyartas","14":"product_cat-korokozo-bakteriumok-jelenlete","15":"product_cat-kozmetikai-keszitmenyek","16":"product_cat-mikrobiologiai-analizatorok","17":"product_cat-mikrobiologiai-muszerek","18":"product_cat-mikroorganizmusok-jelenlete","19":"product_cat-sterilitas-vizsgalata","20":"product_cat-sy-lab","22":"first","23":"instock","24":"shipping-taxable","25":"product-type-simple"},"acf":[],"yoast_head":"<!-- This site is optimized with the Yoast SEO plugin v27.4 - https:\/\/yoast.com\/product\/yoast-seo-wordpress\/ -->\n<title>BacTrac 4300 - G&amp;G<\/title>\n<meta name=\"robots\" content=\"index, follow, max-snippet:-1, max-image-preview:large, max-video-preview:-1\" \/>\n<link rel=\"canonical\" href=\"https:\/\/gandginstruments.hu\/en\/product\/bactrac-4300\/\" \/>\n<meta property=\"og:locale\" content=\"en_GB\" \/>\n<meta property=\"og:type\" content=\"article\" \/>\n<meta property=\"og:title\" content=\"BacTrac 4300 - G&amp;G\" \/>\n<meta property=\"og:description\" content=\"Eredm\u00e9nyek n\u00e9h\u00e1ny \u00f3r\u00e1n bel\u00fcl Term\u00e9k kor\u00e1bbi kiad\u00e1sa Egyszer\u0171 tesztel\u00e9s Cs\u00f6kkentett munkaterhel\u00e9s Az eredm\u00e9nyek automatikus kisz\u00e1m\u00edt\u00e1sa Automatiz\u00e1lt dokument\u00e1ci\u00f3\" \/>\n<meta property=\"og:url\" content=\"https:\/\/gandginstruments.hu\/en\/product\/bactrac-4300\/\" \/>\n<meta property=\"og:site_name\" content=\"G&amp;G\" \/>\n<meta property=\"article:modified_time\" content=\"2024-12-16T10:08:23+00:00\" \/>\n<meta property=\"og:image\" content=\"https:\/\/gandginstruments.hu\/wp-content\/uploads\/2024\/04\/BacTrac-4300_0003_BacTrac-4300.jpg\" \/>\n\t<meta property=\"og:image:width\" content=\"1200\" \/>\n\t<meta property=\"og:image:height\" content=\"1200\" \/>\n\t<meta property=\"og:image:type\" content=\"image\/jpeg\" \/>\n<meta name=\"twitter:card\" content=\"summary_large_image\" \/>\n<meta name=\"twitter:label1\" content=\"Estimated reading time\" \/>\n\t<meta name=\"twitter:data1\" content=\"1 minute\" \/>\n<script type=\"application\/ld+json\" class=\"yoast-schema-graph\">{\"@context\":\"https:\\\/\\\/schema.org\",\"@graph\":[{\"@type\":\"WebPage\",\"@id\":\"https:\\\/\\\/gandginstruments.hu\\\/termek\\\/bactrac-4300\\\/\",\"url\":\"https:\\\/\\\/gandginstruments.hu\\\/termek\\\/bactrac-4300\\\/\",\"name\":\"BacTrac 4300 - G&amp;G\",\"isPartOf\":{\"@id\":\"https:\\\/\\\/gandginstruments.hu\\\/#website\"},\"primaryImageOfPage\":{\"@id\":\"https:\\\/\\\/gandginstruments.hu\\\/termek\\\/bactrac-4300\\\/#primaryimage\"},\"image\":{\"@id\":\"https:\\\/\\\/gandginstruments.hu\\\/termek\\\/bactrac-4300\\\/#primaryimage\"},\"thumbnailUrl\":\"https:\\\/\\\/gandginstruments.hu\\\/wp-content\\\/uploads\\\/2024\\\/04\\\/BacTrac-4300_0003_BacTrac-4300.jpg\",\"datePublished\":\"2024-04-24T16:41:04+00:00\",\"dateModified\":\"2024-12-16T10:08:23+00:00\",\"breadcrumb\":{\"@id\":\"https:\\\/\\\/gandginstruments.hu\\\/termek\\\/bactrac-4300\\\/#breadcrumb\"},\"inLanguage\":\"en-GB\",\"potentialAction\":[{\"@type\":\"ReadAction\",\"target\":[\"https:\\\/\\\/gandginstruments.hu\\\/termek\\\/bactrac-4300\\\/\"]}]},{\"@type\":\"ImageObject\",\"inLanguage\":\"en-GB\",\"@id\":\"https:\\\/\\\/gandginstruments.hu\\\/termek\\\/bactrac-4300\\\/#primaryimage\",\"url\":\"https:\\\/\\\/gandginstruments.hu\\\/wp-content\\\/uploads\\\/2024\\\/04\\\/BacTrac-4300_0003_BacTrac-4300.jpg\",\"contentUrl\":\"https:\\\/\\\/gandginstruments.hu\\\/wp-content\\\/uploads\\\/2024\\\/04\\\/BacTrac-4300_0003_BacTrac-4300.jpg\",\"width\":1200,\"height\":1200},{\"@type\":\"BreadcrumbList\",\"@id\":\"https:\\\/\\\/gandginstruments.hu\\\/termek\\\/bactrac-4300\\\/#breadcrumb\",\"itemListElement\":[{\"@type\":\"ListItem\",\"position\":1,\"name\":\"F\u0151oldal\",\"item\":\"https:\\\/\\\/gandginstruments.hu\\\/\"},{\"@type\":\"ListItem\",\"position\":2,\"name\":\"Shop\",\"item\":\"https:\\\/\\\/gandginstruments.hu\\\/uzlet\\\/\"},{\"@type\":\"ListItem\",\"position\":3,\"name\":\"Term\u00e9kcsal\u00e1dok\",\"item\":\"https:\\\/\\\/gandginstruments.hu\\\/termekkategoria\\\/termekcsaladok\\\/\"},{\"@type\":\"ListItem\",\"position\":4,\"name\":\"Mikrobiol\u00f3giai m\u0171szerek\",\"item\":\"https:\\\/\\\/gandginstruments.hu\\\/termekkategoria\\\/termekcsaladok\\\/mikrobiologiai-muszerek\\\/\"},{\"@type\":\"ListItem\",\"position\":5,\"name\":\"BacTrac 4300\"}]},{\"@type\":\"WebSite\",\"@id\":\"https:\\\/\\\/gandginstruments.hu\\\/#website\",\"url\":\"https:\\\/\\\/gandginstruments.hu\\\/\",\"name\":\"G&amp;G\",\"description\":\"\",\"publisher\":{\"@id\":\"https:\\\/\\\/gandginstruments.hu\\\/#organization\"},\"potentialAction\":[{\"@type\":\"SearchAction\",\"target\":{\"@type\":\"EntryPoint\",\"urlTemplate\":\"https:\\\/\\\/gandginstruments.hu\\\/?s={search_term_string}\"},\"query-input\":{\"@type\":\"PropertyValueSpecification\",\"valueRequired\":true,\"valueName\":\"search_term_string\"}}],\"inLanguage\":\"en-GB\"},{\"@type\":\"Organization\",\"@id\":\"https:\\\/\\\/gandginstruments.hu\\\/#organization\",\"name\":\"G&amp;G\",\"url\":\"https:\\\/\\\/gandginstruments.hu\\\/\",\"logo\":{\"@type\":\"ImageObject\",\"inLanguage\":\"en-GB\",\"@id\":\"https:\\\/\\\/gandginstruments.hu\\\/#\\\/schema\\\/logo\\\/image\\\/\",\"url\":\"https:\\\/\\\/gandginstruments.hu\\\/wp-content\\\/uploads\\\/2024\\\/04\\\/GG-logo-1.png\",\"contentUrl\":\"https:\\\/\\\/gandginstruments.hu\\\/wp-content\\\/uploads\\\/2024\\\/04\\\/GG-logo-1.png\",\"width\":606,\"height\":120,\"caption\":\"G&amp;G\"},\"image\":{\"@id\":\"https:\\\/\\\/gandginstruments.hu\\\/#\\\/schema\\\/logo\\\/image\\\/\"}}]}<\/script>\n<!-- \/ Yoast SEO plugin. -->","yoast_head_json":{"title":"BacTrac 4300 - G&amp;G","robots":{"index":"index","follow":"follow","max-snippet":"max-snippet:-1","max-image-preview":"max-image-preview:large","max-video-preview":"max-video-preview:-1"},"canonical":"https:\/\/gandginstruments.hu\/en\/product\/bactrac-4300\/","og_locale":"en_GB","og_type":"article","og_title":"BacTrac 4300 - G&amp;G","og_description":"Eredm\u00e9nyek n\u00e9h\u00e1ny \u00f3r\u00e1n bel\u00fcl Term\u00e9k kor\u00e1bbi kiad\u00e1sa Egyszer\u0171 tesztel\u00e9s Cs\u00f6kkentett munkaterhel\u00e9s Az eredm\u00e9nyek automatikus kisz\u00e1m\u00edt\u00e1sa Automatiz\u00e1lt dokument\u00e1ci\u00f3","og_url":"https:\/\/gandginstruments.hu\/en\/product\/bactrac-4300\/","og_site_name":"G&amp;G","article_modified_time":"2024-12-16T10:08:23+00:00","og_image":[{"width":1200,"height":1200,"url":"https:\/\/gandginstruments.hu\/wp-content\/uploads\/2024\/04\/BacTrac-4300_0003_BacTrac-4300.jpg","type":"image\/jpeg"}],"twitter_card":"summary_large_image","twitter_misc":{"Estimated reading time":"1 minute"},"schema":{"@context":"https:\/\/schema.org","@graph":[{"@type":"WebPage","@id":"https:\/\/gandginstruments.hu\/termek\/bactrac-4300\/","url":"https:\/\/gandginstruments.hu\/termek\/bactrac-4300\/","name":"BacTrac 4300 - G&amp;G","isPartOf":{"@id":"https:\/\/gandginstruments.hu\/#website"},"primaryImageOfPage":{"@id":"https:\/\/gandginstruments.hu\/termek\/bactrac-4300\/#primaryimage"},"image":{"@id":"https:\/\/gandginstruments.hu\/termek\/bactrac-4300\/#primaryimage"},"thumbnailUrl":"https:\/\/gandginstruments.hu\/wp-content\/uploads\/2024\/04\/BacTrac-4300_0003_BacTrac-4300.jpg","datePublished":"2024-04-24T16:41:04+00:00","dateModified":"2024-12-16T10:08:23+00:00","breadcrumb":{"@id":"https:\/\/gandginstruments.hu\/termek\/bactrac-4300\/#breadcrumb"},"inLanguage":"en-GB","potentialAction":[{"@type":"ReadAction","target":["https:\/\/gandginstruments.hu\/termek\/bactrac-4300\/"]}]},{"@type":"ImageObject","inLanguage":"en-GB","@id":"https:\/\/gandginstruments.hu\/termek\/bactrac-4300\/#primaryimage","url":"https:\/\/gandginstruments.hu\/wp-content\/uploads\/2024\/04\/BacTrac-4300_0003_BacTrac-4300.jpg","contentUrl":"https:\/\/gandginstruments.hu\/wp-content\/uploads\/2024\/04\/BacTrac-4300_0003_BacTrac-4300.jpg","width":1200,"height":1200},{"@type":"BreadcrumbList","@id":"https:\/\/gandginstruments.hu\/termek\/bactrac-4300\/#breadcrumb","itemListElement":[{"@type":"ListItem","position":1,"name":"F\u0151oldal","item":"https:\/\/gandginstruments.hu\/"},{"@type":"ListItem","position":2,"name":"Shop","item":"https:\/\/gandginstruments.hu\/uzlet\/"},{"@type":"ListItem","position":3,"name":"Term\u00e9kcsal\u00e1dok","item":"https:\/\/gandginstruments.hu\/termekkategoria\/termekcsaladok\/"},{"@type":"ListItem","position":4,"name":"Mikrobiol\u00f3giai m\u0171szerek","item":"https:\/\/gandginstruments.hu\/termekkategoria\/termekcsaladok\/mikrobiologiai-muszerek\/"},{"@type":"ListItem","position":5,"name":"BacTrac 4300"}]},{"@type":"WebSite","@id":"https:\/\/gandginstruments.hu\/#website","url":"https:\/\/gandginstruments.hu\/","name":"G&amp;G","description":"","publisher":{"@id":"https:\/\/gandginstruments.hu\/#organization"},"potentialAction":[{"@type":"SearchAction","target":{"@type":"EntryPoint","urlTemplate":"https:\/\/gandginstruments.hu\/?s={search_term_string}"},"query-input":{"@type":"PropertyValueSpecification","valueRequired":true,"valueName":"search_term_string"}}],"inLanguage":"en-GB"},{"@type":"Organization","@id":"https:\/\/gandginstruments.hu\/#organization","name":"G&amp;G","url":"https:\/\/gandginstruments.hu\/","logo":{"@type":"ImageObject","inLanguage":"en-GB","@id":"https:\/\/gandginstruments.hu\/#\/schema\/logo\/image\/","url":"https:\/\/gandginstruments.hu\/wp-content\/uploads\/2024\/04\/GG-logo-1.png","contentUrl":"https:\/\/gandginstruments.hu\/wp-content\/uploads\/2024\/04\/GG-logo-1.png","width":606,"height":120,"caption":"G&amp;G"},"image":{"@id":"https:\/\/gandginstruments.hu\/#\/schema\/logo\/image\/"}}]}},"_links":{"self":[{"href":"https:\/\/gandginstruments.hu\/en\/wp-json\/wp\/v2\/product\/1078","targetHints":{"allow":["GET"]}}],"collection":[{"href":"https:\/\/gandginstruments.hu\/en\/wp-json\/wp\/v2\/product"}],"about":[{"href":"https:\/\/gandginstruments.hu\/en\/wp-json\/wp\/v2\/types\/product"}],"wp:featuredmedia":[{"embeddable":true,"href":"https:\/\/gandginstruments.hu\/en\/wp-json\/wp\/v2\/media\/1516"}],"wp:attachment":[{"href":"https:\/\/gandginstruments.hu\/en\/wp-json\/wp\/v2\/media?parent=1078"}],"wp:term":[{"taxonomy":"product_brand","embeddable":true,"href":"https:\/\/gandginstruments.hu\/en\/wp-json\/wp\/v2\/product_brand?post=1078"},{"taxonomy":"product_cat","embeddable":true,"href":"https:\/\/gandginstruments.hu\/en\/wp-json\/wp\/v2\/product_cat?post=1078"},{"taxonomy":"product_tag","embeddable":true,"href":"https:\/\/gandginstruments.hu\/en\/wp-json\/wp\/v2\/product_tag?post=1078"}],"curies":[{"name":"wp","href":"https:\/\/api.w.org\/{rel}","templated":true}]}}