{"id":1071,"date":"2024-04-24T16:28:51","date_gmt":"2024-04-24T16:28:51","guid":{"rendered":"http:\/\/gandginstruments.hu\/?post_type=product&#038;p=1071"},"modified":"2024-08-30T09:54:17","modified_gmt":"2024-08-30T07:54:17","slug":"ld-dewar-csalad","status":"publish","type":"product","link":"https:\/\/gandginstruments.hu\/en\/product\/ld-dewar-csalad\/","title":{"rendered":"LD Dewar Family"},"content":{"rendered":"<p>&nbsp;<\/p>\n<ul>\n<li style=\"font-weight: 400;\" aria-level=\"1\"><span style=\"font-weight: 400;\">4 \u2013 50 Liter LN2 capacity (7 Vessel styles)<\/span><\/li>\n<li style=\"font-weight: 400;\" aria-level=\"1\"><span style=\"font-weight: 400;\">Rugged ribbed high-strength aluminum body, magneformed necktube design, and more durable paint<\/span><\/li>\n<li style=\"font-weight: 400;\" aria-level=\"1\"><span style=\"font-weight: 400;\">Advanced insulation materials assure high thermal efficiency<\/span><\/li>\n<\/ul>","protected":false},"excerpt":{"rendered":"<p>&nbsp; 4\u201350 liter cseppfoly\u00f3s nitrog\u00e9n \u0171rtartalom (7 ed\u00e9nyt\u00edpus) Massz\u00edv bord\u00e1zott, nagy szil\u00e1rds\u00e1g\u00fa alum\u00ednium test, m\u00e1gneses nyakcs\u0151 kialak\u00edt\u00e1s \u00e9s tart\u00f3sabb fest\u00e9s A fejlett szigetel\u0151anyagok magas termikus hat\u00e1sfokot biztos\u00edtanak<\/p>","protected":false},"featured_media":2014,"template":"","meta":{"_acf_changed":false},"product_brand":[],"product_cat":[44,87,119,40,94,96],"product_tag":[],"class_list":{"0":"post-1071","1":"product","2":"type-product","3":"status-publish","4":"has-post-thumbnail","6":"product_cat-dewar-edenyek","7":"product_cat-gyogyszer-es-kozmetikai-ipar","8":"product_cat-ic-biomedical","9":"product_cat-kriogen-muszerek-es-berendezesek","10":"product_cat-orvostechnika","11":"product_cat-vegyipar","13":"first","14":"instock","15":"shipping-taxable","16":"product-type-simple"},"acf":[],"yoast_head":"<!-- This site is optimized with the Yoast SEO plugin v27.4 - https:\/\/yoast.com\/product\/yoast-seo-wordpress\/ -->\n<title>LD dewar csal\u00e1d - G&amp;G<\/title>\n<meta name=\"robots\" content=\"index, follow, max-snippet:-1, max-image-preview:large, max-video-preview:-1\" \/>\n<link rel=\"canonical\" href=\"https:\/\/gandginstruments.hu\/en\/product\/ld-dewar-csalad\/\" \/>\n<meta property=\"og:locale\" content=\"en_GB\" \/>\n<meta property=\"og:type\" content=\"article\" \/>\n<meta property=\"og:title\" content=\"LD dewar csal\u00e1d - G&amp;G\" \/>\n<meta property=\"og:description\" content=\"&nbsp; 4\u201350 liter cseppfoly\u00f3s nitrog\u00e9n \u0171rtartalom (7 ed\u00e9nyt\u00edpus) Massz\u00edv bord\u00e1zott, nagy szil\u00e1rds\u00e1g\u00fa alum\u00ednium test, m\u00e1gneses nyakcs\u0151 kialak\u00edt\u00e1s \u00e9s tart\u00f3sabb fest\u00e9s A fejlett szigetel\u0151anyagok magas termikus hat\u00e1sfokot biztos\u00edtanak\" \/>\n<meta property=\"og:url\" content=\"https:\/\/gandginstruments.hu\/en\/product\/ld-dewar-csalad\/\" \/>\n<meta property=\"og:site_name\" content=\"G&amp;G\" \/>\n<meta property=\"article:modified_time\" content=\"2024-08-30T07:54:17+00:00\" \/>\n<meta property=\"og:image\" content=\"https:\/\/gandginstruments.hu\/wp-content\/uploads\/2024\/04\/LD-Dewar-csalad_0001_LD-dewar-csalad_fokep.jpg\" \/>\n\t<meta property=\"og:image:width\" content=\"1200\" \/>\n\t<meta property=\"og:image:height\" content=\"1200\" \/>\n\t<meta property=\"og:image:type\" content=\"image\/jpeg\" \/>\n<meta name=\"twitter:card\" content=\"summary_large_image\" \/>\n<meta name=\"twitter:label1\" content=\"Estimated reading time\" \/>\n\t<meta name=\"twitter:data1\" content=\"1 minute\" \/>\n<script type=\"application\/ld+json\" class=\"yoast-schema-graph\">{\"@context\":\"https:\\\/\\\/schema.org\",\"@graph\":[{\"@type\":\"WebPage\",\"@id\":\"https:\\\/\\\/gandginstruments.hu\\\/termek\\\/ld-dewar-csalad\\\/\",\"url\":\"https:\\\/\\\/gandginstruments.hu\\\/termek\\\/ld-dewar-csalad\\\/\",\"name\":\"LD dewar csal\u00e1d - G&amp;G\",\"isPartOf\":{\"@id\":\"https:\\\/\\\/gandginstruments.hu\\\/#website\"},\"primaryImageOfPage\":{\"@id\":\"https:\\\/\\\/gandginstruments.hu\\\/termek\\\/ld-dewar-csalad\\\/#primaryimage\"},\"image\":{\"@id\":\"https:\\\/\\\/gandginstruments.hu\\\/termek\\\/ld-dewar-csalad\\\/#primaryimage\"},\"thumbnailUrl\":\"https:\\\/\\\/gandginstruments.hu\\\/wp-content\\\/uploads\\\/2024\\\/04\\\/LD-Dewar-csalad_0001_LD-dewar-csalad_fokep.jpg\",\"datePublished\":\"2024-04-24T16:28:51+00:00\",\"dateModified\":\"2024-08-30T07:54:17+00:00\",\"breadcrumb\":{\"@id\":\"https:\\\/\\\/gandginstruments.hu\\\/termek\\\/ld-dewar-csalad\\\/#breadcrumb\"},\"inLanguage\":\"en-GB\",\"potentialAction\":[{\"@type\":\"ReadAction\",\"target\":[\"https:\\\/\\\/gandginstruments.hu\\\/termek\\\/ld-dewar-csalad\\\/\"]}]},{\"@type\":\"ImageObject\",\"inLanguage\":\"en-GB\",\"@id\":\"https:\\\/\\\/gandginstruments.hu\\\/termek\\\/ld-dewar-csalad\\\/#primaryimage\",\"url\":\"https:\\\/\\\/gandginstruments.hu\\\/wp-content\\\/uploads\\\/2024\\\/04\\\/LD-Dewar-csalad_0001_LD-dewar-csalad_fokep.jpg\",\"contentUrl\":\"https:\\\/\\\/gandginstruments.hu\\\/wp-content\\\/uploads\\\/2024\\\/04\\\/LD-Dewar-csalad_0001_LD-dewar-csalad_fokep.jpg\",\"width\":1200,\"height\":1200},{\"@type\":\"BreadcrumbList\",\"@id\":\"https:\\\/\\\/gandginstruments.hu\\\/termek\\\/ld-dewar-csalad\\\/#breadcrumb\",\"itemListElement\":[{\"@type\":\"ListItem\",\"position\":1,\"name\":\"F\u0151oldal\",\"item\":\"https:\\\/\\\/gandginstruments.hu\\\/\"},{\"@type\":\"ListItem\",\"position\":2,\"name\":\"Shop\",\"item\":\"https:\\\/\\\/gandginstruments.hu\\\/uzlet\\\/\"},{\"@type\":\"ListItem\",\"position\":3,\"name\":\"Term\u00e9kcsal\u00e1dok\",\"item\":\"https:\\\/\\\/gandginstruments.hu\\\/termekkategoria\\\/termekcsaladok\\\/\"},{\"@type\":\"ListItem\",\"position\":4,\"name\":\"Kriog\u00e9n m\u0171szerek \u00e9s berendez\u00e9sek\",\"item\":\"https:\\\/\\\/gandginstruments.hu\\\/termekkategoria\\\/termekcsaladok\\\/kriogen-muszerek-es-berendezesek\\\/\"},{\"@type\":\"ListItem\",\"position\":5,\"name\":\"LD dewar csal\u00e1d\"}]},{\"@type\":\"WebSite\",\"@id\":\"https:\\\/\\\/gandginstruments.hu\\\/#website\",\"url\":\"https:\\\/\\\/gandginstruments.hu\\\/\",\"name\":\"G&amp;G\",\"description\":\"\",\"publisher\":{\"@id\":\"https:\\\/\\\/gandginstruments.hu\\\/#organization\"},\"potentialAction\":[{\"@type\":\"SearchAction\",\"target\":{\"@type\":\"EntryPoint\",\"urlTemplate\":\"https:\\\/\\\/gandginstruments.hu\\\/?s={search_term_string}\"},\"query-input\":{\"@type\":\"PropertyValueSpecification\",\"valueRequired\":true,\"valueName\":\"search_term_string\"}}],\"inLanguage\":\"en-GB\"},{\"@type\":\"Organization\",\"@id\":\"https:\\\/\\\/gandginstruments.hu\\\/#organization\",\"name\":\"G&amp;G\",\"url\":\"https:\\\/\\\/gandginstruments.hu\\\/\",\"logo\":{\"@type\":\"ImageObject\",\"inLanguage\":\"en-GB\",\"@id\":\"https:\\\/\\\/gandginstruments.hu\\\/#\\\/schema\\\/logo\\\/image\\\/\",\"url\":\"https:\\\/\\\/gandginstruments.hu\\\/wp-content\\\/uploads\\\/2024\\\/04\\\/GG-logo-1.png\",\"contentUrl\":\"https:\\\/\\\/gandginstruments.hu\\\/wp-content\\\/uploads\\\/2024\\\/04\\\/GG-logo-1.png\",\"width\":606,\"height\":120,\"caption\":\"G&amp;G\"},\"image\":{\"@id\":\"https:\\\/\\\/gandginstruments.hu\\\/#\\\/schema\\\/logo\\\/image\\\/\"}}]}<\/script>\n<!-- \/ Yoast SEO plugin. -->","yoast_head_json":{"title":"LD dewar csal\u00e1d - G&amp;G","robots":{"index":"index","follow":"follow","max-snippet":"max-snippet:-1","max-image-preview":"max-image-preview:large","max-video-preview":"max-video-preview:-1"},"canonical":"https:\/\/gandginstruments.hu\/en\/product\/ld-dewar-csalad\/","og_locale":"en_GB","og_type":"article","og_title":"LD dewar csal\u00e1d - G&amp;G","og_description":"&nbsp; 4\u201350 liter cseppfoly\u00f3s nitrog\u00e9n \u0171rtartalom (7 ed\u00e9nyt\u00edpus) Massz\u00edv bord\u00e1zott, nagy szil\u00e1rds\u00e1g\u00fa alum\u00ednium test, m\u00e1gneses nyakcs\u0151 kialak\u00edt\u00e1s \u00e9s tart\u00f3sabb fest\u00e9s A fejlett szigetel\u0151anyagok magas termikus hat\u00e1sfokot biztos\u00edtanak","og_url":"https:\/\/gandginstruments.hu\/en\/product\/ld-dewar-csalad\/","og_site_name":"G&amp;G","article_modified_time":"2024-08-30T07:54:17+00:00","og_image":[{"width":1200,"height":1200,"url":"https:\/\/gandginstruments.hu\/wp-content\/uploads\/2024\/04\/LD-Dewar-csalad_0001_LD-dewar-csalad_fokep.jpg","type":"image\/jpeg"}],"twitter_card":"summary_large_image","twitter_misc":{"Estimated reading time":"1 minute"},"schema":{"@context":"https:\/\/schema.org","@graph":[{"@type":"WebPage","@id":"https:\/\/gandginstruments.hu\/termek\/ld-dewar-csalad\/","url":"https:\/\/gandginstruments.hu\/termek\/ld-dewar-csalad\/","name":"LD dewar csal\u00e1d - G&amp;G","isPartOf":{"@id":"https:\/\/gandginstruments.hu\/#website"},"primaryImageOfPage":{"@id":"https:\/\/gandginstruments.hu\/termek\/ld-dewar-csalad\/#primaryimage"},"image":{"@id":"https:\/\/gandginstruments.hu\/termek\/ld-dewar-csalad\/#primaryimage"},"thumbnailUrl":"https:\/\/gandginstruments.hu\/wp-content\/uploads\/2024\/04\/LD-Dewar-csalad_0001_LD-dewar-csalad_fokep.jpg","datePublished":"2024-04-24T16:28:51+00:00","dateModified":"2024-08-30T07:54:17+00:00","breadcrumb":{"@id":"https:\/\/gandginstruments.hu\/termek\/ld-dewar-csalad\/#breadcrumb"},"inLanguage":"en-GB","potentialAction":[{"@type":"ReadAction","target":["https:\/\/gandginstruments.hu\/termek\/ld-dewar-csalad\/"]}]},{"@type":"ImageObject","inLanguage":"en-GB","@id":"https:\/\/gandginstruments.hu\/termek\/ld-dewar-csalad\/#primaryimage","url":"https:\/\/gandginstruments.hu\/wp-content\/uploads\/2024\/04\/LD-Dewar-csalad_0001_LD-dewar-csalad_fokep.jpg","contentUrl":"https:\/\/gandginstruments.hu\/wp-content\/uploads\/2024\/04\/LD-Dewar-csalad_0001_LD-dewar-csalad_fokep.jpg","width":1200,"height":1200},{"@type":"BreadcrumbList","@id":"https:\/\/gandginstruments.hu\/termek\/ld-dewar-csalad\/#breadcrumb","itemListElement":[{"@type":"ListItem","position":1,"name":"F\u0151oldal","item":"https:\/\/gandginstruments.hu\/"},{"@type":"ListItem","position":2,"name":"Shop","item":"https:\/\/gandginstruments.hu\/uzlet\/"},{"@type":"ListItem","position":3,"name":"Term\u00e9kcsal\u00e1dok","item":"https:\/\/gandginstruments.hu\/termekkategoria\/termekcsaladok\/"},{"@type":"ListItem","position":4,"name":"Kriog\u00e9n m\u0171szerek \u00e9s berendez\u00e9sek","item":"https:\/\/gandginstruments.hu\/termekkategoria\/termekcsaladok\/kriogen-muszerek-es-berendezesek\/"},{"@type":"ListItem","position":5,"name":"LD dewar csal\u00e1d"}]},{"@type":"WebSite","@id":"https:\/\/gandginstruments.hu\/#website","url":"https:\/\/gandginstruments.hu\/","name":"G&amp;G","description":"","publisher":{"@id":"https:\/\/gandginstruments.hu\/#organization"},"potentialAction":[{"@type":"SearchAction","target":{"@type":"EntryPoint","urlTemplate":"https:\/\/gandginstruments.hu\/?s={search_term_string}"},"query-input":{"@type":"PropertyValueSpecification","valueRequired":true,"valueName":"search_term_string"}}],"inLanguage":"en-GB"},{"@type":"Organization","@id":"https:\/\/gandginstruments.hu\/#organization","name":"G&amp;G","url":"https:\/\/gandginstruments.hu\/","logo":{"@type":"ImageObject","inLanguage":"en-GB","@id":"https:\/\/gandginstruments.hu\/#\/schema\/logo\/image\/","url":"https:\/\/gandginstruments.hu\/wp-content\/uploads\/2024\/04\/GG-logo-1.png","contentUrl":"https:\/\/gandginstruments.hu\/wp-content\/uploads\/2024\/04\/GG-logo-1.png","width":606,"height":120,"caption":"G&amp;G"},"image":{"@id":"https:\/\/gandginstruments.hu\/#\/schema\/logo\/image\/"}}]}},"_links":{"self":[{"href":"https:\/\/gandginstruments.hu\/en\/wp-json\/wp\/v2\/product\/1071","targetHints":{"allow":["GET"]}}],"collection":[{"href":"https:\/\/gandginstruments.hu\/en\/wp-json\/wp\/v2\/product"}],"about":[{"href":"https:\/\/gandginstruments.hu\/en\/wp-json\/wp\/v2\/types\/product"}],"wp:featuredmedia":[{"embeddable":true,"href":"https:\/\/gandginstruments.hu\/en\/wp-json\/wp\/v2\/media\/2014"}],"wp:attachment":[{"href":"https:\/\/gandginstruments.hu\/en\/wp-json\/wp\/v2\/media?parent=1071"}],"wp:term":[{"taxonomy":"product_brand","embeddable":true,"href":"https:\/\/gandginstruments.hu\/en\/wp-json\/wp\/v2\/product_brand?post=1071"},{"taxonomy":"product_cat","embeddable":true,"href":"https:\/\/gandginstruments.hu\/en\/wp-json\/wp\/v2\/product_cat?post=1071"},{"taxonomy":"product_tag","embeddable":true,"href":"https:\/\/gandginstruments.hu\/en\/wp-json\/wp\/v2\/product_tag?post=1071"}],"curies":[{"name":"wp","href":"https:\/\/api.w.org\/{rel}","templated":true}]}}