{"id":967,"date":"2024-04-24T13:10:01","date_gmt":"2024-04-24T13:10:01","guid":{"rendered":"http:\/\/gandginstruments.hu\/?post_type=product&#038;p=967"},"modified":"2024-10-04T13:24:42","modified_gmt":"2024-10-04T11:24:42","slug":"ir-858","status":"publish","type":"product","link":"http:\/\/gandginstruments.hu\/en\/product\/ir-858\/","title":{"rendered":"IR-858"},"content":{"rendered":"<ul>\n<li style=\"font-weight: 400;\" aria-level=\"1\"><span style=\"font-weight: 400;\">MONITOR Throughout the Production Process<\/span><\/li>\n<li style=\"font-weight: 400;\" aria-level=\"1\"><span style=\"font-weight: 400;\">SZAB\u00c1LYOZZA azonnal a kritikus nedvess\u00e9gtartalmat<\/span><\/li>\n<li style=\"font-weight: 400;\" aria-level=\"1\"><span style=\"font-weight: 400;\">TARTSA FENN<\/span><span style=\"font-weight: 400;\"> a term\u00e9k integrit\u00e1s\u00e1t a folyamat sor\u00e1n<\/span><\/li>\n<li style=\"font-weight: 400;\" aria-level=\"1\"><span style=\"font-weight: 400;\">REDUCE Waste &amp; Human Error<\/span><\/li>\n<li style=\"font-weight: 400;\" aria-level=\"1\"><span style=\"font-weight: 400;\">IMPROVE Plant Efficiency &amp; Product Quality<\/span><\/li>\n<\/ul>","protected":false},"excerpt":{"rendered":"<p>NYOMON K\u00d6VET\u00c9S a teljes gy\u00e1rt\u00e1si folyamat sor\u00e1n SZAB\u00c1LYOZZA azonnal a kritikus nedvess\u00e9gtartalmat TARTSA FENN a term\u00e9k integrit\u00e1s\u00e1t a folyamat sor\u00e1n CS\u00d6KKENTSE a hullad\u00e9kot \u00e9s az emberi hiba lehet\u0151s\u00e9g\u00e9t JAV\u00cdTSA az \u00fczem hat\u00e9konys\u00e1g\u00e1t \u00e9s a term\u00e9kmin\u0151s\u00e9get<\/p>","protected":false},"featured_media":2121,"template":"","meta":{"_acf_changed":false},"product_brand":[],"product_cat":[97,27,99,100,103,85,87,108,121,93,110,51,68,115],"product_tag":[],"class_list":{"0":"post-967","1":"product","2":"type-product","3":"status-publish","4":"has-post-thumbnail","6":"product_cat-adszorbensek","7":"product_cat-anyagvizsgalat","8":"product_cat-asvanyok-es-kozetek","9":"product_cat-cement","10":"product_cat-fa-es-papir","11":"product_cat-fa-es-papiripar","12":"product_cat-gyogyszer-es-kozmetikai-ipar","13":"product_cat-keramia","14":"product_cat-moisttech","15":"product_cat-muanyagipar","16":"product_cat-muanyagok-polimerek","17":"product_cat-nedvessegmerok","18":"product_cat-nedvessegtartalom","19":"product_cat-zeolit","21":"first","22":"instock","23":"shipping-taxable","24":"product-type-simple"},"acf":[],"yoast_head":"<!-- This site is optimized with the Yoast SEO plugin v27.4 - https:\/\/yoast.com\/product\/yoast-seo-wordpress\/ -->\n<title>IR-858 - G&amp;G<\/title>\n<meta name=\"robots\" content=\"index, follow, max-snippet:-1, max-image-preview:large, max-video-preview:-1\" \/>\n<link rel=\"canonical\" href=\"https:\/\/gandginstruments.hu\/en\/product\/ir-858\/\" \/>\n<meta property=\"og:locale\" content=\"en_GB\" \/>\n<meta property=\"og:type\" content=\"article\" \/>\n<meta property=\"og:title\" content=\"IR-858 - G&amp;G\" \/>\n<meta property=\"og:description\" content=\"NYOMON K\u00d6VET\u00c9S a teljes gy\u00e1rt\u00e1si folyamat sor\u00e1n SZAB\u00c1LYOZZA azonnal a kritikus nedvess\u00e9gtartalmat TARTSA FENN a term\u00e9k integrit\u00e1s\u00e1t a folyamat sor\u00e1n CS\u00d6KKENTSE a hullad\u00e9kot \u00e9s az emberi hiba lehet\u0151s\u00e9g\u00e9t JAV\u00cdTSA az \u00fczem hat\u00e9konys\u00e1g\u00e1t \u00e9s a term\u00e9kmin\u0151s\u00e9get\" \/>\n<meta property=\"og:url\" content=\"https:\/\/gandginstruments.hu\/en\/product\/ir-858\/\" \/>\n<meta property=\"og:site_name\" content=\"G&amp;G\" \/>\n<meta property=\"article:modified_time\" content=\"2024-10-04T11:24:42+00:00\" \/>\n<meta property=\"og:image\" content=\"https:\/\/gandginstruments.hu\/wp-content\/uploads\/2024\/04\/IR-858.jpg\" \/>\n\t<meta property=\"og:image:width\" content=\"1200\" \/>\n\t<meta property=\"og:image:height\" content=\"1200\" \/>\n\t<meta property=\"og:image:type\" content=\"image\/jpeg\" \/>\n<meta name=\"twitter:card\" content=\"summary_large_image\" \/>\n<meta name=\"twitter:label1\" content=\"Estimated reading time\" \/>\n\t<meta name=\"twitter:data1\" content=\"1 minute\" \/>\n<script type=\"application\/ld+json\" class=\"yoast-schema-graph\">{\"@context\":\"https:\\\/\\\/schema.org\",\"@graph\":[{\"@type\":\"WebPage\",\"@id\":\"https:\\\/\\\/gandginstruments.hu\\\/termek\\\/ir-858\\\/\",\"url\":\"https:\\\/\\\/gandginstruments.hu\\\/termek\\\/ir-858\\\/\",\"name\":\"IR-858 - G&amp;G\",\"isPartOf\":{\"@id\":\"https:\\\/\\\/gandginstruments.hu\\\/#website\"},\"primaryImageOfPage\":{\"@id\":\"https:\\\/\\\/gandginstruments.hu\\\/termek\\\/ir-858\\\/#primaryimage\"},\"image\":{\"@id\":\"https:\\\/\\\/gandginstruments.hu\\\/termek\\\/ir-858\\\/#primaryimage\"},\"thumbnailUrl\":\"https:\\\/\\\/gandginstruments.hu\\\/wp-content\\\/uploads\\\/2024\\\/04\\\/IR-858.jpg\",\"datePublished\":\"2024-04-24T13:10:01+00:00\",\"dateModified\":\"2024-10-04T11:24:42+00:00\",\"breadcrumb\":{\"@id\":\"https:\\\/\\\/gandginstruments.hu\\\/termek\\\/ir-858\\\/#breadcrumb\"},\"inLanguage\":\"en-GB\",\"potentialAction\":[{\"@type\":\"ReadAction\",\"target\":[\"https:\\\/\\\/gandginstruments.hu\\\/termek\\\/ir-858\\\/\"]}]},{\"@type\":\"ImageObject\",\"inLanguage\":\"en-GB\",\"@id\":\"https:\\\/\\\/gandginstruments.hu\\\/termek\\\/ir-858\\\/#primaryimage\",\"url\":\"https:\\\/\\\/gandginstruments.hu\\\/wp-content\\\/uploads\\\/2024\\\/04\\\/IR-858.jpg\",\"contentUrl\":\"https:\\\/\\\/gandginstruments.hu\\\/wp-content\\\/uploads\\\/2024\\\/04\\\/IR-858.jpg\",\"width\":1200,\"height\":1200},{\"@type\":\"BreadcrumbList\",\"@id\":\"https:\\\/\\\/gandginstruments.hu\\\/termek\\\/ir-858\\\/#breadcrumb\",\"itemListElement\":[{\"@type\":\"ListItem\",\"position\":1,\"name\":\"F\u0151oldal\",\"item\":\"https:\\\/\\\/gandginstruments.hu\\\/\"},{\"@type\":\"ListItem\",\"position\":2,\"name\":\"Shop\",\"item\":\"https:\\\/\\\/gandginstruments.hu\\\/uzlet\\\/\"},{\"@type\":\"ListItem\",\"position\":3,\"name\":\"Term\u00e9kcsal\u00e1dok\",\"item\":\"https:\\\/\\\/gandginstruments.hu\\\/termekkategoria\\\/termekcsaladok\\\/\"},{\"@type\":\"ListItem\",\"position\":4,\"name\":\"Anyagvizsg\u00e1lat\",\"item\":\"https:\\\/\\\/gandginstruments.hu\\\/termekkategoria\\\/termekcsaladok\\\/anyagvizsgalat\\\/\"},{\"@type\":\"ListItem\",\"position\":5,\"name\":\"IR-858\"}]},{\"@type\":\"WebSite\",\"@id\":\"https:\\\/\\\/gandginstruments.hu\\\/#website\",\"url\":\"https:\\\/\\\/gandginstruments.hu\\\/\",\"name\":\"G&amp;G\",\"description\":\"\",\"publisher\":{\"@id\":\"https:\\\/\\\/gandginstruments.hu\\\/#organization\"},\"potentialAction\":[{\"@type\":\"SearchAction\",\"target\":{\"@type\":\"EntryPoint\",\"urlTemplate\":\"https:\\\/\\\/gandginstruments.hu\\\/?s={search_term_string}\"},\"query-input\":{\"@type\":\"PropertyValueSpecification\",\"valueRequired\":true,\"valueName\":\"search_term_string\"}}],\"inLanguage\":\"en-GB\"},{\"@type\":\"Organization\",\"@id\":\"https:\\\/\\\/gandginstruments.hu\\\/#organization\",\"name\":\"G&amp;G\",\"url\":\"https:\\\/\\\/gandginstruments.hu\\\/\",\"logo\":{\"@type\":\"ImageObject\",\"inLanguage\":\"en-GB\",\"@id\":\"https:\\\/\\\/gandginstruments.hu\\\/#\\\/schema\\\/logo\\\/image\\\/\",\"url\":\"https:\\\/\\\/gandginstruments.hu\\\/wp-content\\\/uploads\\\/2024\\\/04\\\/GG-logo-1.png\",\"contentUrl\":\"https:\\\/\\\/gandginstruments.hu\\\/wp-content\\\/uploads\\\/2024\\\/04\\\/GG-logo-1.png\",\"width\":606,\"height\":120,\"caption\":\"G&amp;G\"},\"image\":{\"@id\":\"https:\\\/\\\/gandginstruments.hu\\\/#\\\/schema\\\/logo\\\/image\\\/\"}}]}<\/script>\n<!-- \/ Yoast SEO plugin. -->","yoast_head_json":{"title":"IR-858 - G&amp;G","robots":{"index":"index","follow":"follow","max-snippet":"max-snippet:-1","max-image-preview":"max-image-preview:large","max-video-preview":"max-video-preview:-1"},"canonical":"https:\/\/gandginstruments.hu\/en\/product\/ir-858\/","og_locale":"en_GB","og_type":"article","og_title":"IR-858 - G&amp;G","og_description":"NYOMON K\u00d6VET\u00c9S a teljes gy\u00e1rt\u00e1si folyamat sor\u00e1n SZAB\u00c1LYOZZA azonnal a kritikus nedvess\u00e9gtartalmat TARTSA FENN a term\u00e9k integrit\u00e1s\u00e1t a folyamat sor\u00e1n CS\u00d6KKENTSE a hullad\u00e9kot \u00e9s az emberi hiba lehet\u0151s\u00e9g\u00e9t JAV\u00cdTSA az \u00fczem hat\u00e9konys\u00e1g\u00e1t \u00e9s a term\u00e9kmin\u0151s\u00e9get","og_url":"https:\/\/gandginstruments.hu\/en\/product\/ir-858\/","og_site_name":"G&amp;G","article_modified_time":"2024-10-04T11:24:42+00:00","og_image":[{"width":1200,"height":1200,"url":"https:\/\/gandginstruments.hu\/wp-content\/uploads\/2024\/04\/IR-858.jpg","type":"image\/jpeg"}],"twitter_card":"summary_large_image","twitter_misc":{"Estimated reading time":"1 minute"},"schema":{"@context":"https:\/\/schema.org","@graph":[{"@type":"WebPage","@id":"https:\/\/gandginstruments.hu\/termek\/ir-858\/","url":"https:\/\/gandginstruments.hu\/termek\/ir-858\/","name":"IR-858 - G&amp;G","isPartOf":{"@id":"https:\/\/gandginstruments.hu\/#website"},"primaryImageOfPage":{"@id":"https:\/\/gandginstruments.hu\/termek\/ir-858\/#primaryimage"},"image":{"@id":"https:\/\/gandginstruments.hu\/termek\/ir-858\/#primaryimage"},"thumbnailUrl":"https:\/\/gandginstruments.hu\/wp-content\/uploads\/2024\/04\/IR-858.jpg","datePublished":"2024-04-24T13:10:01+00:00","dateModified":"2024-10-04T11:24:42+00:00","breadcrumb":{"@id":"https:\/\/gandginstruments.hu\/termek\/ir-858\/#breadcrumb"},"inLanguage":"en-GB","potentialAction":[{"@type":"ReadAction","target":["https:\/\/gandginstruments.hu\/termek\/ir-858\/"]}]},{"@type":"ImageObject","inLanguage":"en-GB","@id":"https:\/\/gandginstruments.hu\/termek\/ir-858\/#primaryimage","url":"https:\/\/gandginstruments.hu\/wp-content\/uploads\/2024\/04\/IR-858.jpg","contentUrl":"https:\/\/gandginstruments.hu\/wp-content\/uploads\/2024\/04\/IR-858.jpg","width":1200,"height":1200},{"@type":"BreadcrumbList","@id":"https:\/\/gandginstruments.hu\/termek\/ir-858\/#breadcrumb","itemListElement":[{"@type":"ListItem","position":1,"name":"F\u0151oldal","item":"https:\/\/gandginstruments.hu\/"},{"@type":"ListItem","position":2,"name":"Shop","item":"https:\/\/gandginstruments.hu\/uzlet\/"},{"@type":"ListItem","position":3,"name":"Term\u00e9kcsal\u00e1dok","item":"https:\/\/gandginstruments.hu\/termekkategoria\/termekcsaladok\/"},{"@type":"ListItem","position":4,"name":"Anyagvizsg\u00e1lat","item":"https:\/\/gandginstruments.hu\/termekkategoria\/termekcsaladok\/anyagvizsgalat\/"},{"@type":"ListItem","position":5,"name":"IR-858"}]},{"@type":"WebSite","@id":"https:\/\/gandginstruments.hu\/#website","url":"https:\/\/gandginstruments.hu\/","name":"G&amp;G","description":"","publisher":{"@id":"https:\/\/gandginstruments.hu\/#organization"},"potentialAction":[{"@type":"SearchAction","target":{"@type":"EntryPoint","urlTemplate":"https:\/\/gandginstruments.hu\/?s={search_term_string}"},"query-input":{"@type":"PropertyValueSpecification","valueRequired":true,"valueName":"search_term_string"}}],"inLanguage":"en-GB"},{"@type":"Organization","@id":"https:\/\/gandginstruments.hu\/#organization","name":"G&amp;G","url":"https:\/\/gandginstruments.hu\/","logo":{"@type":"ImageObject","inLanguage":"en-GB","@id":"https:\/\/gandginstruments.hu\/#\/schema\/logo\/image\/","url":"https:\/\/gandginstruments.hu\/wp-content\/uploads\/2024\/04\/GG-logo-1.png","contentUrl":"https:\/\/gandginstruments.hu\/wp-content\/uploads\/2024\/04\/GG-logo-1.png","width":606,"height":120,"caption":"G&amp;G"},"image":{"@id":"https:\/\/gandginstruments.hu\/#\/schema\/logo\/image\/"}}]}},"_links":{"self":[{"href":"http:\/\/gandginstruments.hu\/en\/wp-json\/wp\/v2\/product\/967","targetHints":{"allow":["GET"]}}],"collection":[{"href":"http:\/\/gandginstruments.hu\/en\/wp-json\/wp\/v2\/product"}],"about":[{"href":"http:\/\/gandginstruments.hu\/en\/wp-json\/wp\/v2\/types\/product"}],"wp:featuredmedia":[{"embeddable":true,"href":"http:\/\/gandginstruments.hu\/en\/wp-json\/wp\/v2\/media\/2121"}],"wp:attachment":[{"href":"http:\/\/gandginstruments.hu\/en\/wp-json\/wp\/v2\/media?parent=967"}],"wp:term":[{"taxonomy":"product_brand","embeddable":true,"href":"http:\/\/gandginstruments.hu\/en\/wp-json\/wp\/v2\/product_brand?post=967"},{"taxonomy":"product_cat","embeddable":true,"href":"http:\/\/gandginstruments.hu\/en\/wp-json\/wp\/v2\/product_cat?post=967"},{"taxonomy":"product_tag","embeddable":true,"href":"http:\/\/gandginstruments.hu\/en\/wp-json\/wp\/v2\/product_tag?post=967"}],"curies":[{"name":"wp","href":"https:\/\/api.w.org\/{rel}","templated":true}]}}